{"id":4214,"date":"2022-09-09T11:25:33","date_gmt":"2022-09-09T09:25:33","guid":{"rendered":"https:\/\/www.npkrka.hr\/?page_id=4214"},"modified":"2022-09-09T11:30:34","modified_gmt":"2022-09-09T09:30:34","slug":"ozidana-pecina","status":"publish","type":"page","link":"https:\/\/npkrka.hr\/hr\/posjeti\/sadrzaji\/roski-slap\/ozidana-pecina\/","title":{"rendered":"Ozi\u0111ana pe\u0107ina"},"content":{"rendered":"<p><a href=\"https:\/\/www.npkrka.hr\/hr\/kulturna-bastina\/arheologija\/ozidana-pecina\/\"><strong>Ozi\u0111ana pe\u0107ina<\/strong> <\/a>, lokalitet u sklopu pou\u010dno-pje\u0161a\u010dke staze Stinice \u2013 Ro\u0161ki slap \u2013 Ozi\u0111ana pe\u0107ina, mjesto je od izuzetne prirodne, kulturolo\u0161ke i povijesne vrijednosti.<\/p>\n<p>Arheolo\u0161ka istra\u017eivanja potvrdila su u pe\u0107ini nazo\u010dnost svih neoliti\u010dkih kultura na jadranskome prostoru (impresso, danilske i hvarske kulture), zatim eneoliti\u010dkih, te onih ranoga i srednjega bron\u010danog doba. \u010covjek je u pe\u0107ini bio neprekidno prisutan u razdoblju od 6000. do 1500. godine prije Krista. U pe\u0107ini je,\u00a0<em>in situ<\/em>, ure\u0111ena arheolo\u0161ka zbirka.<\/p>\n<ul>\n<li>Dolazak iz Bogati\u0107a Miljeva\u010dkih (parking NP \u201eKrka\u201d), 500 m pje\u0161a\u010dke staze i 99 stepenica<br \/>\ndo Ozi\u0111ane pe\u0107ine<\/li>\n<li>Dolazak s Ro\u0161koga slapa; do Ozi\u0111ane pe\u0107ine vodi 517 drvenih stepenica polo\u017eenih uz stijenu<\/li>\n<li>Pe\u0107ina je otvorena za posje\u0107ivanje od travnja do listopada, a tijekom zime samo uz najavu<\/li>\n<\/ul>\n<div class=\"fotorama rounded-lg  shadow lblue-bg mt-5   \" data-width=\"100%\" data-ratio=\"16\/10\"  data-nav=\"thumbs\" data-autoplay=\"true\" data-arrows=\"true\" data-transition=\"crossfade\"><img decoding=\"async\" src=\"https:\/\/npkrka.hr\/wp-content\/uploads\/Ozidana-pecina-unutrasnjost-vatra-2-scaled.jpg\" width=\"100%\" \/><img decoding=\"async\" src=\"https:\/\/npkrka.hr\/wp-content\/uploads\/Ozidana-pecina-2.jpg\" width=\"100%\" \/><img decoding=\"async\" src=\"https:\/\/npkrka.hr\/wp-content\/uploads\/Ozidana-pecina-unutrasnjost-1-scaled.jpg\" width=\"100%\" \/><img decoding=\"async\" src=\"https:\/\/npkrka.hr\/wp-content\/uploads\/Ozidana-pecina-3.jpg\" width=\"100%\" \/><\/div><p>&nbsp;<\/p>\n<p>\u00a0<\/p>\n","protected":false},"excerpt":{"rendered":"<p>Ozi\u0111ana pe\u0107ina , lokalitet u sklopu pou\u010dno-pje\u0161a\u010dke staze Stinice \u2013 Ro\u0161ki slap \u2013 Ozi\u0111ana pe\u0107ina, mjesto je od izuzetne prirodne, kulturolo\u0161ke i povijesne vrijednosti.<\/p>\n","protected":false},"author":1,"featured_media":3345,"parent":3325,"menu_order":1,"comment_status":"closed","ping_status":"closed","template":"","meta":{"footnotes":""},"class_list":["post-4214","page","type-page","status-publish","has-post-thumbnail","hentry"],"_links":{"self":[{"href":"https:\/\/npkrka.hr\/hr\/wp-json\/wp\/v2\/pages\/4214","targetHints":{"allow":["GET"]}}],"collection":[{"href":"https:\/\/npkrka.hr\/hr\/wp-json\/wp\/v2\/pages"}],"about":[{"href":"https:\/\/npkrka.hr\/hr\/wp-json\/wp\/v2\/types\/page"}],"author":[{"embeddable":true,"href":"https:\/\/npkrka.hr\/hr\/wp-json\/wp\/v2\/users\/1"}],"replies":[{"embeddable":true,"href":"https:\/\/npkrka.hr\/hr\/wp-json\/wp\/v2\/comments?post=4214"}],"version-history":[{"count":0,"href":"https:\/\/npkrka.hr\/hr\/wp-json\/wp\/v2\/pages\/4214\/revisions"}],"up":[{"embeddable":true,"href":"https:\/\/npkrka.hr\/hr\/wp-json\/wp\/v2\/pages\/3325"}],"wp:featuredmedia":[{"embeddable":true,"href":"https:\/\/npkrka.hr\/hr\/wp-json\/wp\/v2\/media\/3345"}],"wp:attachment":[{"href":"https:\/\/npkrka.hr\/hr\/wp-json\/wp\/v2\/media?parent=4214"}],"curies":[{"name":"wp","href":"https:\/\/api.w.org\/{rel}","templated":true}]}}