{"id":4209,"date":"2022-09-09T11:09:41","date_gmt":"2022-09-09T09:09:41","guid":{"rendered":"https:\/\/www.npkrka.hr\/?page_id=4209"},"modified":"2022-10-04T10:59:03","modified_gmt":"2022-10-04T08:59:03","slug":"poucno-pjesacka-staza-stinice-roski-slap-ozidana-pecina","status":"publish","type":"page","link":"https:\/\/npkrka.hr\/hr\/posjeti\/sadrzaji\/roski-slap\/poucno-pjesacka-staza-stinice-roski-slap-ozidana-pecina\/","title":{"rendered":"Pou\u010dno-pje\u0161a\u010dka staza Stinice \u2013 Ro\u0161ki slap \u2013 Ozi\u0111ana pe\u0107ina"},"content":{"rendered":"<p>Jedna od najljep\u0161ih pje\u0161a\u010dkih staza u Hrvatskoj opremljena je edukativnim panelima s detaljnim informacijama o biljnim i \u017eivotinjskim svojtama specifi\u010dnima za podru\u010dje NP \u201eKrka\u201c, geolo\u0161kim fenomenima kao i o kulturnopovijesnim lokalitetima koji se nalaze uz stazu. (<u><a href=\"https:\/\/www.npkrka.hr\/hr\/posjeti\/krka-hike\/pjesacka-staza-stinice-roski-slap-ozidana-pecina\/\"><strong>SAZNAJTE VI\u0160E<\/strong><\/a>)<\/u><\/p>\n<p>Ukupna du\u017eina staze je 8,5 km, nadmorske visinske razlike 176 m (od Visovca do parkirali\u0161ta), a predvi\u0111eno vrijeme za \u0161etnju je od 2,5 do 3 h.<\/p>\n<p>Staza Stinice \u2013 Ro\u0161ki slap \u2013 Ozi\u0111ana pe\u0107ina je otvorena za posjetitelje tijekom cijele godine i istinski je do\u017eivljaj za sve ljubitelje prirode, bilo da se radi o \u0161etnji od nekoliko sati ili cjelodnevnom izletu oboga\u0107enim edukativnim sadr\u017eajima.<\/p>\n<ul>\n<li>517 stepenica do Ozi\u0111ane pe\u0107ine iznad Ro\u0161kog slapa i 99 do parkirali\u0161ta u Bogati\u0107ima Miljeva\u010dkim<\/li>\n<li>\u010cetiri su mogu\u0107a ulaza na stazu \/ izlaza s nje: Stinice, Bri\u0161tane Gornje, Ro\u0161ki slap, Ozi\u0111ana<br \/>pe\u0107ina (Bogati\u0107i Miljeva\u010dki)<\/li>\n<li>Treba predvidjeti povratak do polazi\u0161ne to\u010dke jer staza nije kru\u017ena<\/li>\n<li>U ponudi od lipnja do rujna je <a href=\"https:\/\/www.npkrka.hr\/hr\/posjeti\/ulazi-u-park\/ulaz-roski-slap-laskovica\/\">prijevoz autobusom<\/a> La\u0161kovica \u2013 Ro\u0161ki slap \u2013 Bogati\u0107i Miljeva\u010dki \u2013 Stinice<\/li>\n<\/ul>\n<div class=\"fotorama rounded-lg  shadow lblue-bg mt-5   \" data-width=\"100%\" data-ratio=\"16\/10\"  data-nav=\"thumbs\" data-autoplay=\"true\" data-arrows=\"true\" data-transition=\"crossfade\"><img decoding=\"async\" src=\"https:\/\/npkrka.hr\/wp-content\/uploads\/Staza-Stinice-6.jpg\" width=\"100%\" \/><img decoding=\"async\" src=\"https:\/\/npkrka.hr\/wp-content\/uploads\/Staza-Stinice-2-1.jpg\" width=\"100%\" \/><img decoding=\"async\" src=\"https:\/\/npkrka.hr\/wp-content\/uploads\/Staza-Stinice-7.jpg\" width=\"100%\" \/><img decoding=\"async\" src=\"https:\/\/npkrka.hr\/wp-content\/uploads\/Staza-Stinice-1-1.jpg\" width=\"100%\" \/><img decoding=\"async\" src=\"https:\/\/npkrka.hr\/wp-content\/uploads\/Staza-Stinice20.jpg\" width=\"100%\" \/><\/div><p>&nbsp;<\/p>\n","protected":false},"excerpt":{"rendered":"<p>Jedna od najljep\u0161ih pje\u0161a\u010dkih staza u Hrvatskoj opremljena je edukativnim panelima s detaljnim informacijama o biljnim i \u017eivotinjskim svojtama specifi\u010dnima za podru\u010dje NP \u201eKrka\u201c, geolo\u0161kim fenomenima kao i o kulturnopovijesnim lokalitetima koji se nalaze uz stazu.<\/p>\n","protected":false},"author":1,"featured_media":3864,"parent":3325,"menu_order":0,"comment_status":"closed","ping_status":"closed","template":"","meta":{"footnotes":""},"class_list":["post-4209","page","type-page","status-publish","has-post-thumbnail","hentry"],"_links":{"self":[{"href":"https:\/\/npkrka.hr\/hr\/wp-json\/wp\/v2\/pages\/4209","targetHints":{"allow":["GET"]}}],"collection":[{"href":"https:\/\/npkrka.hr\/hr\/wp-json\/wp\/v2\/pages"}],"about":[{"href":"https:\/\/npkrka.hr\/hr\/wp-json\/wp\/v2\/types\/page"}],"author":[{"embeddable":true,"href":"https:\/\/npkrka.hr\/hr\/wp-json\/wp\/v2\/users\/1"}],"replies":[{"embeddable":true,"href":"https:\/\/npkrka.hr\/hr\/wp-json\/wp\/v2\/comments?post=4209"}],"version-history":[{"count":0,"href":"https:\/\/npkrka.hr\/hr\/wp-json\/wp\/v2\/pages\/4209\/revisions"}],"up":[{"embeddable":true,"href":"https:\/\/npkrka.hr\/hr\/wp-json\/wp\/v2\/pages\/3325"}],"wp:featuredmedia":[{"embeddable":true,"href":"https:\/\/npkrka.hr\/hr\/wp-json\/wp\/v2\/media\/3864"}],"wp:attachment":[{"href":"https:\/\/npkrka.hr\/hr\/wp-json\/wp\/v2\/media?parent=4209"}],"curies":[{"name":"wp","href":"https:\/\/api.w.org\/{rel}","templated":true}]}}