{"id":4198,"date":"2022-09-09T10:39:28","date_gmt":"2022-09-09T08:39:28","guid":{"rendered":"https:\/\/www.npkrka.hr\/?page_id=4198"},"modified":"2022-09-09T10:40:53","modified_gmt":"2022-09-09T08:40:53","slug":"suvenirnice-na-skradinskom-buku","status":"publish","type":"page","link":"https:\/\/npkrka.hr\/hr\/posjeti\/sadrzaji\/skradinski-buk\/suvenirnice-na-skradinskom-buku\/","title":{"rendered":"Suvenirnice na Skradinskom buku"},"content":{"rendered":"<p>\u017delite li sa\u010duvati ugodnu uspomenu na Nacionalni park \u201eKrka\u201c, u\u0111ite u suvenirnicu i kupite <a href=\"https:\/\/www.npkrka.hr\/hr\/posjeti\/suveniri\/\"><strong>suvenir<\/strong><\/a> po izboru.<\/p>\n<p>Suvenirnice se nalaze u starim vodenicama na Skradinskom buku, a u njima vas \u010deka veliki izbor suvenira: od replika starih uporabnih predmeta (istkanih torbi, narodnih kapa, starog nakita i posu\u0111a) do suvenira modernog karaktera (knjiga o NP \u201eKrka\u201c i sl.).<\/p>\n<p>Pla\u0107ati mo\u017eete gotovinom i karticama. Radno vrijeme svih suvenirnica uskla\u0111eno je s radnim vremenom Parka.<\/p>\n<p>Posjetite nas kako ne biste napustili Nacionalni park \u201eKrka\u201c bez suvenira za sje\u0107anje ili poklon.<\/p>\n<div class=\"fotorama rounded-lg  shadow lblue-bg mt-5   \" data-width=\"100%\" data-ratio=\"16\/10\"  data-nav=\"thumbs\" data-autoplay=\"true\" data-arrows=\"true\" data-transition=\"crossfade\"><img decoding=\"async\" src=\"https:\/\/npkrka.hr\/wp-content\/uploads\/Suvenirnice-Skradinski-buk-1.jpg\" width=\"100%\" \/><img decoding=\"async\" src=\"https:\/\/npkrka.hr\/wp-content\/uploads\/Suvenirnice-Skradinski-buk-2.jpg\" width=\"100%\" \/><\/div><p>&nbsp;<\/p>\n","protected":false},"excerpt":{"rendered":"<p>\u017delite li sa\u010duvati ugodnu uspomenu na Nacionalni park \u201eKrka\u201c, u\u0111ite u suvenirnicu i kupite suvenir po izboru.<\/p>\n","protected":false},"author":1,"featured_media":4199,"parent":3260,"menu_order":3,"comment_status":"closed","ping_status":"closed","template":"","meta":{"footnotes":""},"class_list":["post-4198","page","type-page","status-publish","has-post-thumbnail","hentry"],"_links":{"self":[{"href":"https:\/\/npkrka.hr\/hr\/wp-json\/wp\/v2\/pages\/4198","targetHints":{"allow":["GET"]}}],"collection":[{"href":"https:\/\/npkrka.hr\/hr\/wp-json\/wp\/v2\/pages"}],"about":[{"href":"https:\/\/npkrka.hr\/hr\/wp-json\/wp\/v2\/types\/page"}],"author":[{"embeddable":true,"href":"https:\/\/npkrka.hr\/hr\/wp-json\/wp\/v2\/users\/1"}],"replies":[{"embeddable":true,"href":"https:\/\/npkrka.hr\/hr\/wp-json\/wp\/v2\/comments?post=4198"}],"version-history":[{"count":0,"href":"https:\/\/npkrka.hr\/hr\/wp-json\/wp\/v2\/pages\/4198\/revisions"}],"up":[{"embeddable":true,"href":"https:\/\/npkrka.hr\/hr\/wp-json\/wp\/v2\/pages\/3260"}],"wp:featuredmedia":[{"embeddable":true,"href":"https:\/\/npkrka.hr\/hr\/wp-json\/wp\/v2\/media\/4199"}],"wp:attachment":[{"href":"https:\/\/npkrka.hr\/hr\/wp-json\/wp\/v2\/media?parent=4198"}],"curies":[{"name":"wp","href":"https:\/\/api.w.org\/{rel}","templated":true}]}}