{"id":4194,"date":"2022-09-09T10:37:05","date_gmt":"2022-09-09T08:37:05","guid":{"rendered":"https:\/\/www.npkrka.hr\/?page_id=4194"},"modified":"2022-09-09T10:38:01","modified_gmt":"2022-09-09T08:38:01","slug":"etno-selo","status":"publish","type":"page","link":"https:\/\/npkrka.hr\/hr\/posjeti\/sadrzaji\/skradinski-buk\/etno-selo\/","title":{"rendered":"Etno-selo"},"content":{"rendered":"<p>Posjetitelji NP \u201eKrka\u201c mogu vidjeti i obnovljene <a href=\"https:\/\/www.npkrka.hr\/hr\/kulturna-bastina\/etnografija\/sklopovi-vodenica-na-skradinskom-buku\/\"><strong>etnolo\u0161ke spomenike<\/strong><\/a> kako bi se upoznali s obi\u010dajima ovoga kraja.<\/p>\n<p>Vodenice u Nacionalnom parku pripadaju sustavu predindustrijskih vodenih postrojenja na rijeci Krki. Oduvijek simboliziraju ekonomsku mo\u0107 podru\u010dja pa su u povijesti \u010desto bile uzrok sukoba. Sa\u010duvane vodenice su iz 19. st. i imaju izuzetno kulturno-povijesno zna\u010denje kao spomenici ruralnog graditeljstva i gospodarske pro\u0161losti. S obzirom na primarnu djelatnost i pu\u010dki izraz, smatraju se etnolo\u0161ko-etnografskim spomenikom.<\/p>\n<p>U obnovljenim vodenicama Nacionalnog parka \u201eKrka\u201c prezentira se mljevenje \u017eitarica, pranje i stupanje sukna, tkanje torba i prostirki za pod (tapeta), kovanje potkova, priprema hrane u staroj kuhinji i sl. Pojedine vodenice na Skradinskom buku pretvorene su u izlo\u017ebeni prostor, pa u njima mo\u017eete razgledati izlo\u017ebe \u201ePri\u010da o vodi\u201c i \u201eIndustrijska arhitektura na podru\u010dju rijeke Krke\u201c.<\/p>\n","protected":false},"excerpt":{"rendered":"<p>Posjetitelji NP \u201eKrka\u201c mogu vidjeti i obnovljene etnolo\u0161ke spomenike (zatamniti i staviti poveznicu na Sklopovi vodenica na Skradinskom buku) kako bi se upoznali s obi\u010dajima ovoga kraja.<\/p>\n","protected":false},"author":1,"featured_media":2318,"parent":3260,"menu_order":2,"comment_status":"closed","ping_status":"closed","template":"","meta":{"footnotes":""},"class_list":["post-4194","page","type-page","status-publish","has-post-thumbnail","hentry"],"_links":{"self":[{"href":"https:\/\/npkrka.hr\/hr\/wp-json\/wp\/v2\/pages\/4194","targetHints":{"allow":["GET"]}}],"collection":[{"href":"https:\/\/npkrka.hr\/hr\/wp-json\/wp\/v2\/pages"}],"about":[{"href":"https:\/\/npkrka.hr\/hr\/wp-json\/wp\/v2\/types\/page"}],"author":[{"embeddable":true,"href":"https:\/\/npkrka.hr\/hr\/wp-json\/wp\/v2\/users\/1"}],"replies":[{"embeddable":true,"href":"https:\/\/npkrka.hr\/hr\/wp-json\/wp\/v2\/comments?post=4194"}],"version-history":[{"count":0,"href":"https:\/\/npkrka.hr\/hr\/wp-json\/wp\/v2\/pages\/4194\/revisions"}],"up":[{"embeddable":true,"href":"https:\/\/npkrka.hr\/hr\/wp-json\/wp\/v2\/pages\/3260"}],"wp:featuredmedia":[{"embeddable":true,"href":"https:\/\/npkrka.hr\/hr\/wp-json\/wp\/v2\/media\/2318"}],"wp:attachment":[{"href":"https:\/\/npkrka.hr\/hr\/wp-json\/wp\/v2\/media?parent=4194"}],"curies":[{"name":"wp","href":"https:\/\/api.w.org\/{rel}","templated":true}]}}