{"id":4192,"date":"2022-09-09T10:35:23","date_gmt":"2022-09-09T08:35:23","guid":{"rendered":"https:\/\/www.npkrka.hr\/?page_id=4192"},"modified":"2022-09-26T14:46:18","modified_gmt":"2022-09-26T12:46:18","slug":"ulaz-skradin","status":"publish","type":"page","link":"https:\/\/npkrka.hr\/hr\/posjeti\/sadrzaji\/skradinski-buk\/ulaz-skradin\/","title":{"rendered":"Ulaz Skradin"},"content":{"rendered":"<ul>\n<li>Kolnim putom mo\u017ee se do\u0107i iz smjera \u0160ibenika, Drni\u0161a i Knina. S autoputa na izlazu Skradin treba krenuti u smjeru NP \u201eKrka\u201d<\/li>\n<li>Skradinski buk mogu\u0107e je posjetiti brodom ili pje\u0161a\u010dko-biciklisti\u010dkom stazom iz Skradina<\/li>\n<li>Prijevoz posjetitelja do Skradinskog buka obavlja se brodovima Javne ustanove \u201eNacionalni park Krka\u201c od travnja do listopada po utvr\u0111enom rasporedu.\u00a0Vo\u017enja brodom traje 20 minuta <u>(<a href=\"https:\/\/www.npkrka.hr\/hr\/posjeti\/ulazi-u-park\/ulaz-skradin\/\"><strong>SAZNAJTE VI\u0160E<\/strong><\/a>)<\/u><\/li>\n<li>Od Skradinskog mosta do Skradinskog buka vodi i pje\u0161a\u010dko-biciklisti\u010dka staza, duga 3 400 m. Posjetitelji koji se odlu\u010de na \u0161etnju ili vo\u017enju tom stazom, ulaznicu mogu kupiti i na recepciji na Skradinskom mostu<\/li>\n<li>Gradska i privatna parkirali\u0161na mjesta u Skradinu se napla\u0107uju<\/li>\n<li>Toalet u Skradinu se napla\u0107uje<\/li>\n<li>Taktilna mapa<\/li>\n<\/ul>\n","protected":false},"excerpt":{"rendered":"<p>Kolnim putom mo\u017ee se do\u0107i iz smjera \u0160ibenika, Drni\u0161a i Knina. S autoputa na izlazu Skradin treba krenuti u smjeru NP \u201eKrka\u201d Skradinski buk mogu\u0107e je posjetiti brodom ili pje\u0161a\u010dko-biciklisti\u010dkom stazom iz Skradina P&#8230;<\/p>\n","protected":false},"author":1,"featured_media":4836,"parent":3260,"menu_order":1,"comment_status":"closed","ping_status":"closed","template":"","meta":{"footnotes":""},"class_list":["post-4192","page","type-page","status-publish","has-post-thumbnail","hentry"],"_links":{"self":[{"href":"https:\/\/npkrka.hr\/hr\/wp-json\/wp\/v2\/pages\/4192","targetHints":{"allow":["GET"]}}],"collection":[{"href":"https:\/\/npkrka.hr\/hr\/wp-json\/wp\/v2\/pages"}],"about":[{"href":"https:\/\/npkrka.hr\/hr\/wp-json\/wp\/v2\/types\/page"}],"author":[{"embeddable":true,"href":"https:\/\/npkrka.hr\/hr\/wp-json\/wp\/v2\/users\/1"}],"replies":[{"embeddable":true,"href":"https:\/\/npkrka.hr\/hr\/wp-json\/wp\/v2\/comments?post=4192"}],"version-history":[{"count":0,"href":"https:\/\/npkrka.hr\/hr\/wp-json\/wp\/v2\/pages\/4192\/revisions"}],"up":[{"embeddable":true,"href":"https:\/\/npkrka.hr\/hr\/wp-json\/wp\/v2\/pages\/3260"}],"wp:featuredmedia":[{"embeddable":true,"href":"https:\/\/npkrka.hr\/hr\/wp-json\/wp\/v2\/media\/4836"}],"wp:attachment":[{"href":"https:\/\/npkrka.hr\/hr\/wp-json\/wp\/v2\/media?parent=4192"}],"curies":[{"name":"wp","href":"https:\/\/api.w.org\/{rel}","templated":true}]}}