{"id":4189,"date":"2022-09-09T10:32:29","date_gmt":"2022-09-09T08:32:29","guid":{"rendered":"https:\/\/www.npkrka.hr\/?page_id=4189"},"modified":"2026-04-28T07:03:52","modified_gmt":"2026-04-28T05:03:52","slug":"lozovac-entrance","status":"publish","type":"page","link":"https:\/\/npkrka.hr\/hr\/posjeti\/sadrzaji\/skradinski-buk\/lozovac-entrance\/","title":{"rendered":"Ulaz Lozovac"},"content":{"rendered":"<ul>\n<li>Glavni kolni ulaz u Nacionalni park \u201eKrka\u201d<\/li>\n<li>Cestom se mo\u017ee do\u0107i iz smjera \u0160ibenika, Skradina, Drni\u0161a ili Knina. S autoceste na izlazu \u0160ibenik treba krenuti u smjeru NP \u201eKrka\u201d<\/li>\n<li>Do po\u010detka pje\u0161a\u010dke staze koja vodi oko Skradinskog buka od ulaza Lozovac mo\u017ee se do\u0107i asfaltiranom cestom dugom 4 km. Automobili njome mogu prometovati od studenoga do o\u017eujka, a autobusi od travnja do listopada. Do Skradinskog buka vodi i pje\u0161a\u010dka staza duga 875 m, na koju se ulazi lijevo od rampe na ulazu u Park<\/li>\n<li>Buffet NP \u201eKrka\u201d<\/li>\n<li>Besplatan toalet<\/li>\n<li>Besplatan parking<\/li>\n<li>Punionica za elektri\u010dna vozila<\/li>\n<\/ul>\n","protected":false},"excerpt":{"rendered":"<p>Glavni kolni ulaz u Nacionalni park \u201eKrka\u201d Cestom se mo\u017ee do\u0107i iz smjera \u0160ibenika, Skradina, Drni\u0161a ili Knina. S autoceste na izlazu \u0160ibenik treba krenuti u smjeru NP \u201eKrka\u201d Do po\u010detka pje\u0161a\u010dke staze koja vodi oko Skradinskog buka od ulaza Lozovac mo\u017ee se do\u0107i asfaltiranom cestom dugom 4 km. Automobili njome mogu prometovati od studenoga [&hellip;]<\/p>\n","protected":false},"author":1,"featured_media":556,"parent":3260,"menu_order":0,"comment_status":"closed","ping_status":"closed","template":"","meta":{"footnotes":""},"class_list":["post-4189","page","type-page","status-publish","has-post-thumbnail","hentry"],"_links":{"self":[{"href":"https:\/\/npkrka.hr\/hr\/wp-json\/wp\/v2\/pages\/4189","targetHints":{"allow":["GET"]}}],"collection":[{"href":"https:\/\/npkrka.hr\/hr\/wp-json\/wp\/v2\/pages"}],"about":[{"href":"https:\/\/npkrka.hr\/hr\/wp-json\/wp\/v2\/types\/page"}],"author":[{"embeddable":true,"href":"https:\/\/npkrka.hr\/hr\/wp-json\/wp\/v2\/users\/1"}],"replies":[{"embeddable":true,"href":"https:\/\/npkrka.hr\/hr\/wp-json\/wp\/v2\/comments?post=4189"}],"version-history":[{"count":1,"href":"https:\/\/npkrka.hr\/hr\/wp-json\/wp\/v2\/pages\/4189\/revisions"}],"predecessor-version":[{"id":15347,"href":"https:\/\/npkrka.hr\/hr\/wp-json\/wp\/v2\/pages\/4189\/revisions\/15347"}],"up":[{"embeddable":true,"href":"https:\/\/npkrka.hr\/hr\/wp-json\/wp\/v2\/pages\/3260"}],"wp:featuredmedia":[{"embeddable":true,"href":"https:\/\/npkrka.hr\/hr\/wp-json\/wp\/v2\/media\/556"}],"wp:attachment":[{"href":"https:\/\/npkrka.hr\/hr\/wp-json\/wp\/v2\/media?parent=4189"}],"curies":[{"name":"wp","href":"https:\/\/api.w.org\/{rel}","templated":true}]}}