{"id":4166,"date":"2022-09-07T11:37:51","date_gmt":"2022-09-07T09:37:51","guid":{"rendered":"https:\/\/www.npkrka.hr\/?page_id=4166"},"modified":"2024-02-15T14:54:39","modified_gmt":"2024-02-15T13:54:39","slug":"amfiteatar-burnum","status":"publish","type":"page","link":"https:\/\/npkrka.hr\/hr\/posjeti\/sadrzaji\/amfiteatar-burnum\/","title":{"rendered":"Amfiteatar Burnum"},"content":{"rendered":"<p><strong>Skriven u njedrima Dalmatinske zagore, u kamenu i kr\u0161u, obrastao surovom makijom, nalazi se biser anti\u010dke povijesti, <a href=\"https:\/\/www.npkrka.hr\/hr\/kulturna-bastina\/arheologija\/amfiteatar-u-burnumu\/\">rimski vojni logor Burnum<\/a>.<\/strong><\/p>\n<p>Sagra\u0111en je na prijelazu iz stare u novu eru, na polo\u017eaju s kojeg je nadziran prijelaz preko rijeke Krke. Burnum je bio sjedi\u0161te XI. legije rimske vojske\u00a0<em>Claudiae Piae Fidelis<\/em>\u00a0i IV. legije\u00a0<em>Flaviae Felix<\/em>. U njemu su bile smje\u0161tene i pomo\u0107ne postrojbe (kohorte), za koje je bio izgra\u0111en mali logor u isto\u010dnom dijelu.<\/p>\n<p>Posjetitelji mogu vidjeti lukove zapovjedne zgrade u logoru, jedini o\u010duvani vojni amfiteatar na podru\u010dju Hrvatske (na podru\u010dju sela Ivo\u0161evci) i nekoliko zidova vojnog vje\u017ebali\u0161ta.<\/p>\n<ul>\n<li>Dolazak kolnim cestama iz smjera Skradina, Drni\u0161a i Knina<\/li>\n<li>Arheolo\u0161ki lokalitet<\/li>\n<li>Ostaci vojnog amfteatra i lukova zgrade zapovjedni\u0161tva<\/li>\n<li>Besplatan parking<\/li>\n<li>Nema toaleta<\/li>\n<\/ul>\n<div class=\"fotorama rounded-lg  shadow lblue-bg mt-5   \" data-width=\"100%\" data-ratio=\"16\/10\"  data-nav=\"thumbs\" data-autoplay=\"true\" data-arrows=\"true\" data-transition=\"crossfade\"><img decoding=\"async\" src=\"https:\/\/npkrka.hr\/wp-content\/uploads\/Amfiteatar.jpg\" width=\"100%\" \/><img decoding=\"async\" src=\"https:\/\/npkrka.hr\/wp-content\/uploads\/Amfiteatar-2.jpg\" width=\"100%\" \/><img decoding=\"async\" src=\"https:\/\/npkrka.hr\/wp-content\/uploads\/Amfiteatar-1.jpg\" width=\"100%\" \/><img decoding=\"async\" src=\"https:\/\/npkrka.hr\/wp-content\/uploads\/Amfiteatar-prikaz-10-scaled.jpg\" width=\"100%\" \/><img decoding=\"async\" src=\"https:\/\/npkrka.hr\/wp-content\/uploads\/amfiteatarburnum-2.jpg\" width=\"100%\" \/><img decoding=\"async\" src=\"https:\/\/npkrka.hr\/wp-content\/uploads\/Amfiteatar-prikaz-6.png\" width=\"100%\" \/><img decoding=\"async\" src=\"https:\/\/npkrka.hr\/wp-content\/uploads\/amfiteatarburnum.jpg\" width=\"100%\" \/><img decoding=\"async\" src=\"https:\/\/npkrka.hr\/wp-content\/uploads\/amfiteataramfi9876022161938.jpg\" width=\"100%\" \/><\/div><p>&nbsp;<\/p>\n<p>Nekoliko stotina metara od arheolo\u0161kog lokaliteta Burnum, na cesti Knin \u2014 Kistanje, nalazi se Manojlova\u010dki slap. <a href=\"https:\/\/www.npkrka.hr\/hr\/prirodna-bastina\/slapovi\/manojlovacki-slap\/\"><strong>Manojlova\u010dki slap\u00a0<\/strong> <\/a>je, tre\u0107i, najvi\u0161i, po mnogima najljep\u0161i, slap rijeke Krke. Slap se sastoji od niza sedrenih barijera, ukupne visine 59,6 m. Najve\u0107a barijera visoka je 32,2 m.<\/p>\n<ul>\n<li>Besplatan parking<\/li>\n<li>Nema toaleta<\/li>\n<\/ul>\n<div class=\"fotorama rounded-lg  shadow lblue-bg mt-5   \" data-width=\"100%\" data-ratio=\"16\/10\"  data-nav=\"thumbs\" data-autoplay=\"true\" data-arrows=\"true\" data-transition=\"crossfade\"><img decoding=\"async\" src=\"https:\/\/npkrka.hr\/wp-content\/uploads\/Manojlovac\u030cki-slapovi-11.jpg\" width=\"100%\" \/><img decoding=\"async\" src=\"https:\/\/npkrka.hr\/wp-content\/uploads\/Manojlovacki-slapovi-6.jpg\" width=\"100%\" \/><img decoding=\"async\" src=\"https:\/\/npkrka.hr\/wp-content\/uploads\/Manojlovacki-slapovi-7-scaled.jpg\" width=\"100%\" \/><img decoding=\"async\" src=\"https:\/\/npkrka.hr\/wp-content\/uploads\/Manojlovacki-slapovi-5.jpg\" width=\"100%\" \/><img decoding=\"async\" src=\"https:\/\/npkrka.hr\/wp-content\/uploads\/Manojlovacki-slapovi-4.jpg\" width=\"100%\" \/><img decoding=\"async\" src=\"https:\/\/npkrka.hr\/wp-content\/uploads\/manojlovackislapovi44.jpg\" width=\"100%\" \/><\/div><p>&nbsp;<\/p>\n","protected":false},"excerpt":{"rendered":"<p>Skriven u njedrima Dalmatinske zagore, u kamenu i kr\u0161u, obrastao surovom makijom, nalazi se biser anti\u010dke povijesti, rimski vojni logor Burnum.<\/p>\n","protected":false},"author":1,"featured_media":2096,"parent":93,"menu_order":7,"comment_status":"closed","ping_status":"closed","template":"","meta":{"footnotes":""},"class_list":["post-4166","page","type-page","status-publish","has-post-thumbnail","hentry"],"_links":{"self":[{"href":"https:\/\/npkrka.hr\/hr\/wp-json\/wp\/v2\/pages\/4166","targetHints":{"allow":["GET"]}}],"collection":[{"href":"https:\/\/npkrka.hr\/hr\/wp-json\/wp\/v2\/pages"}],"about":[{"href":"https:\/\/npkrka.hr\/hr\/wp-json\/wp\/v2\/types\/page"}],"author":[{"embeddable":true,"href":"https:\/\/npkrka.hr\/hr\/wp-json\/wp\/v2\/users\/1"}],"replies":[{"embeddable":true,"href":"https:\/\/npkrka.hr\/hr\/wp-json\/wp\/v2\/comments?post=4166"}],"version-history":[{"count":0,"href":"https:\/\/npkrka.hr\/hr\/wp-json\/wp\/v2\/pages\/4166\/revisions"}],"up":[{"embeddable":true,"href":"https:\/\/npkrka.hr\/hr\/wp-json\/wp\/v2\/pages\/93"}],"wp:featuredmedia":[{"embeddable":true,"href":"https:\/\/npkrka.hr\/hr\/wp-json\/wp\/v2\/media\/2096"}],"wp:attachment":[{"href":"https:\/\/npkrka.hr\/hr\/wp-json\/wp\/v2\/media?parent=4166"}],"curies":[{"name":"wp","href":"https:\/\/api.w.org\/{rel}","templated":true}]}}