{"id":4160,"date":"2022-09-07T11:31:09","date_gmt":"2022-09-07T09:31:09","guid":{"rendered":"https:\/\/www.npkrka.hr\/?page_id=4160"},"modified":"2023-04-21T14:28:34","modified_gmt":"2023-04-21T12:28:34","slug":"posjetiteljski-centar-laskovica","status":"publish","type":"page","link":"https:\/\/npkrka.hr\/hr\/posjeti\/sadrzaji\/posjetiteljski-centar-laskovica\/","title":{"rendered":"Posjetiteljski centar La\u0161kovica"},"content":{"rendered":"<p>Centar je polazi\u0161na to\u010dka za aktivne vrste posje\u0107ivanja na srednjem toku &#8211; <a href=\"https:\/\/www.npkrka.hr\/hr\/posjeti\/krka-bike\/\"><strong>KRKA BIKE<\/strong><\/a> i <strong><a href=\"https:\/\/www.npkrka.hr\/hr\/posjeti\/krka-hike\/\">KRKA HIKE<\/a><\/strong>.<u><br \/><\/u><\/p>\n<ul>\n<li>Besplatan parking<\/li>\n<li>Punionica za elektri\u010dna vozila<\/li>\n<li>Besplatan toalet<\/li>\n<\/ul>\n","protected":false},"excerpt":{"rendered":"<p>Centar je polazi\u0161na to\u010dka za aktivne vrste posje\u0107ivanja na srednjem toku<\/p>\n","protected":false},"author":1,"featured_media":4208,"parent":93,"menu_order":5,"comment_status":"closed","ping_status":"closed","template":"","meta":{"footnotes":""},"class_list":["post-4160","page","type-page","status-publish","has-post-thumbnail","hentry"],"_links":{"self":[{"href":"https:\/\/npkrka.hr\/hr\/wp-json\/wp\/v2\/pages\/4160","targetHints":{"allow":["GET"]}}],"collection":[{"href":"https:\/\/npkrka.hr\/hr\/wp-json\/wp\/v2\/pages"}],"about":[{"href":"https:\/\/npkrka.hr\/hr\/wp-json\/wp\/v2\/types\/page"}],"author":[{"embeddable":true,"href":"https:\/\/npkrka.hr\/hr\/wp-json\/wp\/v2\/users\/1"}],"replies":[{"embeddable":true,"href":"https:\/\/npkrka.hr\/hr\/wp-json\/wp\/v2\/comments?post=4160"}],"version-history":[{"count":0,"href":"https:\/\/npkrka.hr\/hr\/wp-json\/wp\/v2\/pages\/4160\/revisions"}],"up":[{"embeddable":true,"href":"https:\/\/npkrka.hr\/hr\/wp-json\/wp\/v2\/pages\/93"}],"wp:featuredmedia":[{"embeddable":true,"href":"https:\/\/npkrka.hr\/hr\/wp-json\/wp\/v2\/media\/4208"}],"wp:attachment":[{"href":"https:\/\/npkrka.hr\/hr\/wp-json\/wp\/v2\/media?parent=4160"}],"curies":[{"name":"wp","href":"https:\/\/api.w.org\/{rel}","templated":true}]}}