{"id":3918,"date":"2022-08-23T11:21:43","date_gmt":"2022-08-23T09:21:43","guid":{"rendered":"https:\/\/www.npkrka.hr\/?page_id=3918"},"modified":"2025-04-25T07:24:05","modified_gmt":"2025-04-25T05:24:05","slug":"korisni-linkovi","status":"publish","type":"page","link":"https:\/\/npkrka.hr\/hr\/posjeti\/korisni-linkovi\/","title":{"rendered":"Korisni linkovi"},"content":{"rendered":"<table>\n<tbody>\n<tr>\n<td><strong>MINISTARSTVO ZA\u0160TITE OKOLI\u0160A I ZELENE TRANZICIJE<\/strong><\/td>\n<td><a href=\"https:\/\/mzozt.gov.hr\/\"><strong>www.mingor.gov.hr<\/strong><\/a><\/td>\n<\/tr>\n<tr>\n<td><strong>PARKOVI HRVATSKE<\/strong><\/td>\n<td><strong><a href=\"https:\/\/www.parkovihrvatske.hr\/\">https:\/\/www.parkovihrvatske.hr\/<\/a><\/strong><\/td>\n<\/tr>\n<tr>\n<td><strong>DR\u017dAVNI ZAVOD ZA ZA\u0160TITU PRIRODE<\/strong><\/td>\n<td><a href=\"http:\/\/www.dzzp.hr\/\"><strong>www.dzzp.hr<\/strong><\/a><\/td>\n<\/tr>\n<tr>\n<td><strong>MINISTARSTVO KULTURE REPUBLIKE HRVATSKE<\/strong><\/td>\n<td><a href=\"http:\/\/www.min-kulture.hr\/\"><strong>www.min-kulture.hr<\/strong><\/a><\/td>\n<\/tr>\n<tr>\n<td><strong>EUROPARC FEDERATION<\/strong><\/td>\n<td><a href=\"http:\/\/www.europarc.org\/home\/\"><strong>www.europarc.org<\/strong><\/a><\/td>\n<\/tr>\n<tr>\n<td><strong>WWF HRVATSKA<\/strong><\/td>\n<td><a href=\"http:\/\/www.wwf.org\/\"><strong>www.wwf.org<\/strong><\/a><\/td>\n<\/tr>\n<tr>\n<td><strong>DR\u017dAVNI HIDROMETEOROLO\u0160KI ZAVOD<\/strong><\/td>\n<td><a href=\"http:\/\/www.meteo.hr\/\"><strong>www.meteo.hr<\/strong><\/a><\/td>\n<\/tr>\n<tr>\n<td><strong>TURISTI\u010cKA ZAJEDNICA \u0160IBENSKO-KNINSKE \u017dUPANIJE<\/strong><\/td>\n<td><a href=\"http:\/\/www.sibenikregion.com\/hr\/\"><strong>www.sibenikregion.com<\/strong><\/a><\/td>\n<\/tr>\n<tr>\n<td><strong>TURISTI\u010cKA ZAJEDNICA GRADA \u0160IBENIKA<\/strong><\/td>\n<td><a href=\"http:\/\/www.sibenik-tourism.hr\/\"><strong>www.sibenik-tourism.hr<\/strong><\/a><strong>\u00a0<\/strong><\/td>\n<\/tr>\n<tr>\n<td><strong>TURISTI\u010cKA ZAJEDNICA GRADA SKRADINA<\/strong><\/td>\n<td><a href=\"http:\/\/www.skradin.hr\/hr\/\"><strong>www.skradin.hr<\/strong><\/a><\/td>\n<\/tr>\n<tr>\n<td><strong>TURISTI\u010cKA ZAJEDNICA GRADA DRNI\u0160A<\/strong><\/td>\n<td><a href=\"http:\/\/www.tz-drnis.hr\/\"><strong>www.tz-drnis.hr<\/strong><\/a><\/td>\n<\/tr>\n<tr>\n<td><strong>TURISTI\u010cKA ZAJEDNICA GRADA KNINA<\/strong><\/td>\n<td><a href=\"http:\/\/www.tz-knin.hr\/\"><strong>www.tz-knin.hr<\/strong><\/a><\/td>\n<\/tr>\n<tr>\n<td><strong>NACIONALNA I SVEU\u010cILI\u0160NA KNJI\u017dNICA U ZAGREBU\u00a0<\/strong><\/td>\n<td><a href=\"http:\/\/www.nsk.hr\/\"><strong>www.nsk.hr<\/strong><\/a><\/td>\n<\/tr>\n<tr>\n<td><strong>VIRTUALNA IZLO\u017dBA NSK U ZAGREBU: PRO\u0160LOST I SADA\u0160NJOST KRKE<\/strong><\/td>\n<td><a href=\"http:\/\/www.nsk.hr\/ispis-rezultata\/?upit=np%20krka%20pro%C5%A1lost%20&#038;katalog=TRUE&#038;web=TRUE&#038;novine=TRUE&#038;casopisi=TRUE&#038;haw=TRUE&#038;bastina=TRUE&#038;dar=TRUE&#038;baze=TRUE&#038;discovery=TRUE&#038;active=web\"><strong>www.nsk.hr\/virtualna-izlozba<\/strong><\/a><\/td>\n<\/tr>\n<tr>\n<td><strong>CENTAR ZA ODR\u017dIVI AKTIVNI TURIZAM BIOSFERA BIOGRAD<\/strong><\/td>\n<td><a href=\"http:\/\/biosfera.futuro.is\/\"><strong>http:\/\/biosfera.futuro.is\/<\/strong><\/a><\/td>\n<\/tr>\n<tr>\n<td><strong>KANAL SV. ANTE (TVR\u0110AVA SV. NIKOLE)<\/strong><\/td>\n<td><a href=\"https:\/\/www.kanal-svetog-ante.com\/hr\"><strong>https:\/\/www.kanal-svetog-ante.com\/hr<\/strong><\/a><\/td>\n<\/tr>\n<tr>\n<td><strong>RAVNATELJSTVO CIVILNE ZA\u0160TITE<\/strong><\/td>\n<td><strong><a href=\"https:\/\/civilna-zastita.gov.hr\/\">https:\/\/civilna-zastita.gov.hr\/<\/a><\/strong><\/td>\n<\/tr>\n<tr>\n<td>\n<p><strong>Prigradski prijevoz (linija 701)<\/strong><\/p>\n<p><strong>\u0160IKBUS (\u017eupanijski javnolinijski prijevoz \u0160ibensko-kninske \u017eupanije), linije 54 i 64 (NP\u201eKrka\u201c)<\/strong><\/p>\n<\/td>\n<td>\n<p><a href=\"https:\/\/www.gradski-parking.hr\/stranice\/prigradski-prijevoz-vozni-red\/101.html\"><strong>https:\/\/www.gradski-parking.hr\/stranice\/prigradski-prijevoz-vozni-red\/101.html\u00a0<\/strong><\/a><\/p>\n<p><strong><a href=\"https:\/\/sikbus.hr\/\">https:\/\/sikbus.hr\/<\/a><\/strong><\/p>\n<\/td>\n<\/tr>\n<\/tbody>\n<\/table>\n","protected":false},"excerpt":{"rendered":"<p>MINISTARSTVO GOSPODARSTVA I ODR\u017dIVOG RAZVOJA www.mingor.gov.hr DR&#8230;<\/p>\n","protected":false},"author":1,"featured_media":3832,"parent":27,"menu_order":15,"comment_status":"closed","ping_status":"closed","template":"","meta":{"footnotes":""},"class_list":["post-3918","page","type-page","status-publish","has-post-thumbnail","hentry"],"_links":{"self":[{"href":"https:\/\/npkrka.hr\/hr\/wp-json\/wp\/v2\/pages\/3918","targetHints":{"allow":["GET"]}}],"collection":[{"href":"https:\/\/npkrka.hr\/hr\/wp-json\/wp\/v2\/pages"}],"about":[{"href":"https:\/\/npkrka.hr\/hr\/wp-json\/wp\/v2\/types\/page"}],"author":[{"embeddable":true,"href":"https:\/\/npkrka.hr\/hr\/wp-json\/wp\/v2\/users\/1"}],"replies":[{"embeddable":true,"href":"https:\/\/npkrka.hr\/hr\/wp-json\/wp\/v2\/comments?post=3918"}],"version-history":[{"count":0,"href":"https:\/\/npkrka.hr\/hr\/wp-json\/wp\/v2\/pages\/3918\/revisions"}],"up":[{"embeddable":true,"href":"https:\/\/npkrka.hr\/hr\/wp-json\/wp\/v2\/pages\/27"}],"wp:featuredmedia":[{"embeddable":true,"href":"https:\/\/npkrka.hr\/hr\/wp-json\/wp\/v2\/media\/3832"}],"wp:attachment":[{"href":"https:\/\/npkrka.hr\/hr\/wp-json\/wp\/v2\/media?parent=3918"}],"curies":[{"name":"wp","href":"https:\/\/api.w.org\/{rel}","templated":true}]}}