{"id":3777,"date":"2022-08-10T15:45:42","date_gmt":"2022-08-10T13:45:42","guid":{"rendered":"https:\/\/www.npkrka.hr\/?page_id=3777"},"modified":"2022-09-27T08:45:43","modified_gmt":"2022-09-27T06:45:43","slug":"staza-pistavac","status":"publish","type":"page","link":"https:\/\/npkrka.hr\/hr\/posjeti\/krka-hike\/staza-pistavac\/","title":{"rendered":"Staza Pi\u0161tavac"},"content":{"rendered":"<ul>\n<li>Na stazu se dolazi s recepcije za manastir Krka ili sa staze Tro\u0161enj \u2013 Pi\u0161tavac (5 700 m)<\/li>\n<li>Parkirali\u0161te je na po\u010detku staze, na otvorenom<\/li>\n<li>Staza je makadamska, strmo se spu\u0161ta do rijeke Krke i vra\u0107a istim putom<\/li>\n<\/ul>\n<div class=\"fotorama rounded-lg  shadow lblue-bg mt-5   \" data-width=\"100%\" data-ratio=\"16\/10\"  data-nav=\"thumbs\" data-autoplay=\"true\" data-arrows=\"true\" data-transition=\"crossfade\"><img decoding=\"async\" src=\"https:\/\/npkrka.hr\/wp-content\/uploads\/15.-staza-Pistavac-1.jpg\" width=\"100%\" \/><img decoding=\"async\" src=\"https:\/\/npkrka.hr\/wp-content\/uploads\/15.-staza-Pistavac-2.jpg\" width=\"100%\" \/><img decoding=\"async\" src=\"https:\/\/npkrka.hr\/wp-content\/uploads\/15.-staza-Pistavac-3.jpg\" width=\"100%\" \/><img decoding=\"async\" src=\"https:\/\/npkrka.hr\/wp-content\/uploads\/15.-staza-Pistavac-4-NASLOVNA.jpg\" width=\"100%\" \/><img decoding=\"async\" src=\"https:\/\/npkrka.hr\/wp-content\/uploads\/15.-staza-Pistavac-5.jpg\" width=\"100%\" \/><\/div><p>&nbsp;<\/p>\n<p><strong>Uski put niz kanjon kojim tra\u017eimo mir<\/strong><\/p>\n<p>Spustiti se do vode niz strmu padinu, kroz bujno zelenilo, u dru\u0161tvu ptica i uz zborsku pratnju vodozemaca, neprocjenjiv je do\u017eivljaj iskonske prirode. Ako ste, prate\u0107i uzvodno staze Nacionalnog parka \u201eKrka\u201c, do\u0161li dotle, za\u0161li ste ve\u0107 u pomalo nepoznatu Krku. Litice dijela kanjona rijeke koji se prote\u017ee od Ro\u0161koga slapa do Carigradske drage izbrazdane su, tako da se stjenovite vertikale izmjenjuju s potezima padina pokrivenih vegetacijom. Na sredini kanjonskog dijela Krkina toka, u Carigradskoj dragi, smje\u0161ten je manastir Krka. Obale Krke tu su strme i visoke. U njihovu procjepu nalazi se mo\u010dvarna nizina. Tr\u0161\u0107aci, ujezereni dijelovi toka, zamo\u010dvarene livade i okolne lokve obiluju vodozemcima i pticama a \u0161ikare, stijene i kamenjari zmijama i gu\u0161terima.<\/p>\n<p>Na sjevernom rubu te nizine sagra\u0111en je pravoslavni manastir Krka ili manastir sv. Arhan\u0111ela. Mo\u017ee se vidjeti sa staze, ugodno smje\u0161tena u posvema\u0161njoj ti\u0161ini. Mir u du\u0161i se i pronalazi na takvim mjestima, tu gdje ti priroda pokazuje put kojim treba\u0161 i\u0107i. Zato ne \u010dudi da su centri duhovnosti gotovo uvijek smje\u0161teni u skrovitim i pitomim oazama, za\u0161ti\u0107eni od izravna doticaja sa svijetom, \u0161to posjetiteljima pru\u017ea jedinstven do\u017eivljaj jednom kad im se pribli\u017ee.<\/p>\n<p>Uzvodno od toga iznimnog dijela Krkina toka, iznad lijeve obale, na mjestu gdje je rijeku prelazio put koji je iz jugoisto\u010dne Dalmacije vodio prema Bukovici i Ravnim kotarima, nalazi se utvrda Ne\u010dven, a njoj nasuprot, visoko na klisuri, utvrda Tro\u0161enj. Te dvije \u201eblizanke\u201c stolje\u0107ima stra\u017eare nad dubokim kanjonom, dovikuju\u0107i putnicima o slavnoj pro\u0161losti knezova Nelipi\u0107a i \u0160ubi\u0107a.<\/p>\n<p>Rijeka Krka dom je, uto\u010di\u0161te brojnim pticama ili njihovo preleti\u0161te, pa je kao takva va\u017eno ornitolo\u0161ko podru\u010dje. Stijene i litice na gornjem toku Krke stani\u0161te su dvadeset dvije vrste ptica: gavrana, pe\u0107inske i hridne lastavice, sove u\u0161are&#8230; To je podru\u010dje va\u017eno za opstanak i stabilnost ptica grabljivica: prugastog orla, orla zmijara, sivog, kr\u0161kog i malog sokola a do 70-ih godina 20. st. na njemu su se od ptica grabljivica gnijezdile crkavica, bjeloglavi sup, suri i prugasti orao, bjelonokta vjetru\u0161a i sivi sokol. Tko ne bi po\u017eelio zauvijek ostati tu kada ugleda orla kako lebdi u visinama ili sokola kako se sprema obru\u0161iti na plijen? Sre\u0107om, jo\u0161 uvijek postoje mjesta na kojima to mo\u017eete do\u017eivjeti.<\/p>\n","protected":false},"excerpt":{"rendered":"<p>Uski put niz kanjon kojim tra\u017eimo mir<\/p>\n","protected":false},"author":1,"featured_media":3782,"parent":1355,"menu_order":15,"comment_status":"closed","ping_status":"closed","template":"page-bike.php","meta":{"footnotes":""},"class_list":["post-3777","page","type-page","status-publish","has-post-thumbnail","hentry"],"_links":{"self":[{"href":"https:\/\/npkrka.hr\/hr\/wp-json\/wp\/v2\/pages\/3777","targetHints":{"allow":["GET"]}}],"collection":[{"href":"https:\/\/npkrka.hr\/hr\/wp-json\/wp\/v2\/pages"}],"about":[{"href":"https:\/\/npkrka.hr\/hr\/wp-json\/wp\/v2\/types\/page"}],"author":[{"embeddable":true,"href":"https:\/\/npkrka.hr\/hr\/wp-json\/wp\/v2\/users\/1"}],"replies":[{"embeddable":true,"href":"https:\/\/npkrka.hr\/hr\/wp-json\/wp\/v2\/comments?post=3777"}],"version-history":[{"count":0,"href":"https:\/\/npkrka.hr\/hr\/wp-json\/wp\/v2\/pages\/3777\/revisions"}],"up":[{"embeddable":true,"href":"https:\/\/npkrka.hr\/hr\/wp-json\/wp\/v2\/pages\/1355"}],"wp:featuredmedia":[{"embeddable":true,"href":"https:\/\/npkrka.hr\/hr\/wp-json\/wp\/v2\/media\/3782"}],"wp:attachment":[{"href":"https:\/\/npkrka.hr\/hr\/wp-json\/wp\/v2\/media?parent=3777"}],"curies":[{"name":"wp","href":"https:\/\/api.w.org\/{rel}","templated":true}]}}