{"id":3768,"date":"2022-08-10T15:42:16","date_gmt":"2022-08-10T13:42:16","guid":{"rendered":"https:\/\/www.npkrka.hr\/?page_id=3768"},"modified":"2022-09-27T08:25:51","modified_gmt":"2022-09-27T06:25:51","slug":"pjesacka-staza-bacici","status":"publish","type":"page","link":"https:\/\/npkrka.hr\/hr\/posjeti\/krka-hike\/pjesacka-staza-bacici\/","title":{"rendered":"Staza Ba\u010di\u0107i"},"content":{"rendered":"<ul>\n<li>Staza po\u010dinje u Drinovcima na lijevoj obali Krke; parkirali\u0161te se nalazi uz cestu koja prolazi kroz naselje<\/li>\n<li>To je makadamska staza koja vodi kroz suhozide do pro\u0161irenja a zatim se spu\u0161ta prema Krki<\/li>\n<li>Treba predvidjeti povratak na polazi\u0161nu to\u010dku<\/li>\n<\/ul>\n<div class=\"fotorama rounded-lg  shadow lblue-bg mt-5   \" data-width=\"100%\" data-ratio=\"16\/10\"  data-nav=\"thumbs\" data-autoplay=\"true\" data-arrows=\"true\" data-transition=\"crossfade\"><img decoding=\"async\" src=\"https:\/\/npkrka.hr\/wp-content\/uploads\/7.-staza-Bacici-1.jpg\" width=\"100%\" \/><img decoding=\"async\" src=\"https:\/\/npkrka.hr\/wp-content\/uploads\/7.-staza-Bacici-2.jpg\" width=\"100%\" \/><img decoding=\"async\" src=\"https:\/\/npkrka.hr\/wp-content\/uploads\/3.-staza-Bacici-4.jpg\" width=\"100%\" \/><img decoding=\"async\" src=\"https:\/\/npkrka.hr\/wp-content\/uploads\/4.-staza-Bacici-5-NASLOVNA.jpg\" width=\"100%\" \/><\/div><p>&nbsp;<\/p>\n<p><strong>Kamenom ome\u0111en put do bijele stijene Visovca<\/strong><\/p>\n<p>Voze\u0107i se Miljevcima, kamenitom zaravni koju tvore kanjoni Krke i \u010cikole i planina Promina, na kojoj se rasulo sedam sela i \u010detrdesetak zaselaka, \u010dovjek vidi samo suhu zemlju i kamen. Da ne zna, te\u0161ko bi povjerovao da tuda prolazi silna voda rijeke Krke, koja je na zapadnoj obali toga platoa stvorila jednu od najve\u0107ih prirodnih i kulturnopovijesnih vrijednosti Hrvatske.<\/p>\n<p>Ako se tko uputi stazom iz malog zaseoka Ba\u010di\u0107i u naselju Drinovci, na samom njezinom kraju do\u010dekat \u0107e ga jezero na kojemu je oto\u010di\u0107 \u2013 nekad zvan Bijela stijena (<em>Lapis albus<\/em>) \u2013 opasan visokim jablanovima. Na njemu su crkvica i samostan, okru\u017eeni mirisnim mediteranskim vrtom. Visovac je otok mira i molitve, stoljetno odredi\u0161te hodo\u010dasnika iz cijeloga svijeta. Oba sakralna objekta posve\u0107ena su Gospi Visova\u010dkoj, \u010diju su sliku, prema legendi, franjevci donijeli kada su stigli na otok 1445. \u010cuvaju ga ferman sultana Mehmeda IV., iz 17. stolje\u0107a, koji Visovcu jam\u010di sigurnost, i sablja Vuka Mandu\u0161i\u0107a, narodnog junaka koji se proslavio u borbi s Turcima. Osim njih, u samostanskoj zbirci pohranjeni su brojni vrijedni predmeti, inkunabule i umjetnine. Papa Inocent XI. u 16. je stolje\u0107u dekretom dodijelio oprost svima onima koji ga na Visovcu zatra\u017ee 2. kolovoza, kada katolici slave Gospu od An\u0111ela.<\/p>\n<p>Kao \u0161to je Visovac nastao na osnovici bijele stijene, tako je i staza koja vodi do njega ome\u0111ena kamenom \u2013 suhozidima, koji su slagani tradicionalnim umije\u0107em gradnje u dosluhu s prirodom, bez upotrebe vezivnog materijala, a koje je 28. studenoga 2018. upisano na UNESCO-ov Reprezentativni popis nematerijalne ba\u0161tine \u010dovje\u010danstva.<\/p>\n<p>Kada je \u010dovjek \u017eelio ograditi svoj komad zemlje, nastale su\u00a0<em>me\u0111e<\/em>. Kada ga je po\u010deo obra\u0111ivati, gradio je\u00a0<em>podzide<\/em>\u00a0kako bi plodno tlo sa\u010duvao od erozije. Iskr\u010deni kamen slagao je u\u00a0<em>gomile<\/em>, a da bi se sklonio od nevremena, u polju je gradio kru\u017ene suhozidne gra\u0111evine,\u00a0<em>bunje\u00a0<\/em>(ili \u201e\u0107emere\u201c, kako ih jo\u0161 zovu). Ti oblici od kamena simbol su stoljetne borbe \u010dovjeka s tvrdom zemljom na kojoj se nastanio. Simbol su neslomljive volje i te\u017eaka i tla, iz \u010dijeg se me\u0111uodnosa ra\u0111aju rijetka blaga, poput slatkog vina i gorkog ulja ili pejza\u017ea kojima se i danas divimo.<\/p>\n","protected":false},"excerpt":{"rendered":"<p>Kamenom ome\u0111en put do bijele stijene Visovca<\/p>\n","protected":false},"author":1,"featured_media":3769,"parent":1355,"menu_order":7,"comment_status":"closed","ping_status":"closed","template":"page-bike.php","meta":{"footnotes":""},"class_list":["post-3768","page","type-page","status-publish","has-post-thumbnail","hentry"],"_links":{"self":[{"href":"https:\/\/npkrka.hr\/hr\/wp-json\/wp\/v2\/pages\/3768","targetHints":{"allow":["GET"]}}],"collection":[{"href":"https:\/\/npkrka.hr\/hr\/wp-json\/wp\/v2\/pages"}],"about":[{"href":"https:\/\/npkrka.hr\/hr\/wp-json\/wp\/v2\/types\/page"}],"author":[{"embeddable":true,"href":"https:\/\/npkrka.hr\/hr\/wp-json\/wp\/v2\/users\/1"}],"replies":[{"embeddable":true,"href":"https:\/\/npkrka.hr\/hr\/wp-json\/wp\/v2\/comments?post=3768"}],"version-history":[{"count":0,"href":"https:\/\/npkrka.hr\/hr\/wp-json\/wp\/v2\/pages\/3768\/revisions"}],"up":[{"embeddable":true,"href":"https:\/\/npkrka.hr\/hr\/wp-json\/wp\/v2\/pages\/1355"}],"wp:featuredmedia":[{"embeddable":true,"href":"https:\/\/npkrka.hr\/hr\/wp-json\/wp\/v2\/media\/3769"}],"wp:attachment":[{"href":"https:\/\/npkrka.hr\/hr\/wp-json\/wp\/v2\/media?parent=3768"}],"curies":[{"name":"wp","href":"https:\/\/api.w.org\/{rel}","templated":true}]}}