{"id":3365,"date":"2022-08-09T22:08:09","date_gmt":"2022-08-09T20:08:09","guid":{"rendered":"https:\/\/www.npkrka.hr\/?page_id=3365"},"modified":"2024-08-20T11:35:09","modified_gmt":"2024-08-20T09:35:09","slug":"eko-kampus-krka-u-puljanima","status":"publish","type":"page","link":"https:\/\/npkrka.hr\/hr\/posjeti\/sadrzaji\/eko-kampus-krka-u-puljanima\/","title":{"rendered":"Eko kampus \u201eKrka\u201c u Puljanima"},"content":{"rendered":"<p>Eko kampus \u201eKrka\u201c u Puljanima posjetiteljski je centar edukativnog karaktera s prihvatnim kapacitetima. Zgrade nekada\u0161njeg vojnog kompleksa preure\u0111ene su i prenamijenjene, u okviru projekta <em>Nepoznata Krka \u2013 skrivena blaga gornjeg i srednjeg toka rijeke Krke<\/em>, u moderno interpretacijsko-edukacijsko i volontersko sredi\u0161te. Kampus je namijenjen djeci, studentima, volonterima, istra\u017eiva\u010dima, odnosno onim posjetiteljima koji su zainteresirani za detaljnije upoznavanje bogate prirodne i kulturnopovijesne ba\u0161tine Nacionalnog parka \u201eKrka\u201c.<\/p>\n<p>Kompleks se sastoji od <strong>Arheolo\u0161ke zbirke<\/strong>, u kojoj su izlo\u017eeni predmeti prona\u0111eni u iskapanjima na podru\u010dju rimskog vojnog logora Burnuma, <strong>Hrama prirode<\/strong>, prirodoslovne zbirke u kojoj je prezentirana bogata prirodna ba\u0161tina za\u0161ti\u0107enog podru\u010dja, <strong>Laboratorija prirode<\/strong>, edukacijskog centra za djecu osnovno\u0161kolskog uzrasta, <strong>\u0160kole u prirodi (amfiteatra)<\/strong>, edukacijskog prostora na otvorenom, <strong>Volonterskog centra<\/strong>, istra\u017eiva\u010dkog centra sa smje\u0161tajnim kapacitetima hostelskog tipa i laboratorijima za istra\u017eiva\u010de, i <strong>Konferencijske dvorane<\/strong>, kapaciteta sto dvadeset sjede\u0107ih mjesta, opremljene audiovizualnom opremom.<\/p>\n<p>Glavni prezentacijski i informativni elementi u prostoru kampusa povezani su kru\u017enim pje\u0161a\u010dkim stazama s informativnim tablama o biljnim i \u017eivotinjskim vrstama u Parku.<\/p>\n<ul>\n<li>Eko kampus \u201eKrka\u201c mo\u017ee se obi\u0107i uz pratnju zaposlenika tijekom cijele godine ili samostalno uz pomo\u0107 karte lokaliteta<\/li>\n<li>Mogu\u0107nost kupnje ulaznica za Ro\u0161ki slap\/Burnum\/Puljane ili za sve kopnene lokalitete<\/li>\n<li>Besplatno parkirali\u0161te i toalet<\/li>\n<\/ul>\n<div class=\"fotorama rounded-lg  shadow lblue-bg mt-5   \" data-width=\"100%\" data-ratio=\"16\/10\"  data-nav=\"thumbs\" data-autoplay=\"true\" data-arrows=\"true\" data-transition=\"crossfade\"><img decoding=\"async\" src=\"https:\/\/npkrka.hr\/wp-content\/uploads\/Eko-kampus-Krka-3.jpg\" width=\"100%\" \/><img decoding=\"async\" src=\"https:\/\/npkrka.hr\/wp-content\/uploads\/Eko-kampus-Krka-11.jpg\" width=\"100%\" \/><img decoding=\"async\" src=\"https:\/\/npkrka.hr\/wp-content\/uploads\/Eko-kampus-Krka-4.jpg\" width=\"100%\" \/><img decoding=\"async\" src=\"https:\/\/npkrka.hr\/wp-content\/uploads\/Eko-kampus-Krka-7.jpg\" width=\"100%\" \/><img decoding=\"async\" src=\"https:\/\/npkrka.hr\/wp-content\/uploads\/Eko-kampus-Krka-6.jpg\" width=\"100%\" \/><img decoding=\"async\" src=\"https:\/\/npkrka.hr\/wp-content\/uploads\/Eko-kampus-Krka-2.jpg\" width=\"100%\" \/><img decoding=\"async\" src=\"https:\/\/npkrka.hr\/wp-content\/uploads\/Eko-kampus-Krka-8.jpg\" width=\"100%\" \/><img decoding=\"async\" src=\"https:\/\/npkrka.hr\/wp-content\/uploads\/Eko-kampus-Krka-1.jpg\" width=\"100%\" \/><img decoding=\"async\" src=\"https:\/\/npkrka.hr\/wp-content\/uploads\/Eko-kampus-Krka-9.jpg\" width=\"100%\" \/><img decoding=\"async\" src=\"https:\/\/npkrka.hr\/wp-content\/uploads\/Eko-kampus-Krka-10.jpg\" width=\"100%\" \/><\/div><p>&nbsp;<\/p>\n","protected":false},"excerpt":{"rendered":"<p>Eko kampus \u201eKrka\u201c zna\u010dajno je interpretacijsko-edukacijsko i volontersko sredi\u0161te namijenjeno u\u010denicima, studentima, volonterima, znanstvenicima i istra\u017eiva\u010dima, a posebno istinskim zaljubljenicima u prirodu koji \u017eele detaljno upoznati prirodne vrijednosti i bogatu kulturnopovijesnu ba\u0161tinu Parka.<\/p>\n","protected":false},"author":1,"featured_media":5633,"parent":93,"menu_order":8,"comment_status":"closed","ping_status":"closed","template":"","meta":{"footnotes":""},"class_list":["post-3365","page","type-page","status-publish","has-post-thumbnail","hentry"],"_links":{"self":[{"href":"https:\/\/npkrka.hr\/hr\/wp-json\/wp\/v2\/pages\/3365","targetHints":{"allow":["GET"]}}],"collection":[{"href":"https:\/\/npkrka.hr\/hr\/wp-json\/wp\/v2\/pages"}],"about":[{"href":"https:\/\/npkrka.hr\/hr\/wp-json\/wp\/v2\/types\/page"}],"author":[{"embeddable":true,"href":"https:\/\/npkrka.hr\/hr\/wp-json\/wp\/v2\/users\/1"}],"replies":[{"embeddable":true,"href":"https:\/\/npkrka.hr\/hr\/wp-json\/wp\/v2\/comments?post=3365"}],"version-history":[{"count":0,"href":"https:\/\/npkrka.hr\/hr\/wp-json\/wp\/v2\/pages\/3365\/revisions"}],"up":[{"embeddable":true,"href":"https:\/\/npkrka.hr\/hr\/wp-json\/wp\/v2\/pages\/93"}],"wp:featuredmedia":[{"embeddable":true,"href":"https:\/\/npkrka.hr\/hr\/wp-json\/wp\/v2\/media\/5633"}],"wp:attachment":[{"href":"https:\/\/npkrka.hr\/hr\/wp-json\/wp\/v2\/media?parent=3365"}],"curies":[{"name":"wp","href":"https:\/\/api.w.org\/{rel}","templated":true}]}}