{"id":3325,"date":"2022-08-09T21:55:37","date_gmt":"2022-08-09T19:55:37","guid":{"rendered":"https:\/\/www.npkrka.hr\/?page_id=3325"},"modified":"2024-08-20T11:32:26","modified_gmt":"2024-08-20T09:32:26","slug":"roski-slap","status":"publish","type":"page","link":"https:\/\/npkrka.hr\/hr\/posjeti\/sadrzaji\/roski-slap\/","title":{"rendered":"Ro\u0161ki slap"},"content":{"rendered":"<p>Ro\u0161kim slapom naziva se prostrano slapi\u0161te koje \u010dine 22,5 metra visoki glavni slapovi i bezbroj rukavaca, kaskada i sedrenih otoka. <a href=\"https:\/\/www.npkrka.hr\/hr\/prirodna-bastina\/slapovi\/roski-slap\/\"><strong>Ro\u0161ki slap<\/strong><\/a>\u00a0 smje\u0161ten je oko 36 km nizvodno od izvora rijeke Krke.<\/p>\n<p>Po\u010detak barijere \u010dini niz malih kaskada (u narodu zvane\u00a0<em>Ogrlice<\/em>) nakon kojih slijede brojni rukavci i oto\u010di\u0107i. Od\u00a0<em>Ogrlica<\/em>\u00a0vodi 517 drvenih stepenica prema Ozi\u0111anoj pe\u0107ini.<\/p>\n<p>Preko sedrenih slapova prelazi cesta koja je obale povezivala jo\u0161 u rimska vremena. U najve\u0107em dijelu Ro\u0161kog slapa priroda je nedirnuta te je zanimljiva istinskim zaljubljenicima. Uz lijevu obalu slapi\u0161ta niz je atraktivnih vodenica od kojih su neke i sada u upotrebi.<\/p>\n<ul>\n<li>Na Ro\u0161ki slap mo\u017ee se do\u0107i kolnim cestama iz smjera Drni\u0161a ili La\u0161kovice, cestama \u0160ibenik \u2014 Pakovo Selo ili \u0160ibenik \u2014 Skradin ili izletni\u010dkim brodom sa Skradinskog buka<\/li>\n<li>Za posjet Ro\u0161koga slapa u ljetnim mjesecima ljubazno molimo da koristite parkirali\u0161ta u La\u0161kovici i u Bogati\u0107ima Miljeva\u010dkim<\/li>\n<li>Preko <em>Ogrlica<\/em> prelazi kru\u017ena edukativna staza duga 1 360 m<\/li>\n<li>S gornjeg pristani\u0161ta na Ro\u0161kome slapu polazi izletni\u010dki brod prema srednjovjekovnim utvrdama <a href=\"https:\/\/www.npkrka.hr\/hr\/kulturna-bastina\/srednjovjekovne-utvrde\/necven\/\"><strong>Ne\u010dven<\/strong><\/a>\u00a0 i <a href=\"https:\/\/www.npkrka.hr\/hr\/kulturna-bastina\/srednjovjekovne-utvrde\/trosenj-cucevo\/\"><strong>Tro\u0161enj<\/strong><\/a><\/li>\n<li>S donjeg pristani\u0161ta na Ro\u0161kome slapu polazi izletni\u010dki brod za Visovac<\/li>\n<li>Obnovljene vodenice slu\u017ee za prezentaciju starih zanata<\/li>\n<li>U suvenirnici mo\u017eete prona\u0107i lokalne proizvode i rukotvorine<\/li>\n<li>Kupanje je dopu\u0161teno samo na ozna\u010denom mjestu<\/li>\n<li>Bu\ufb00et NP \u201eKrka\u201d<\/li>\n<li>Tri ugostiteljska objekta jo\u0161 uvijek su u vlasni\u0161tvu obitelji mlinara<\/li>\n<li>Mogu\u0107nost kupnje ulaznice samo za Ro\u0161ki slap ili za posjet svim kopnenim lokalitetima<\/li>\n<\/ul>\n<div class=\"fotorama rounded-lg  shadow lblue-bg mt-5   \" data-width=\"100%\" data-ratio=\"16\/10\"  data-nav=\"thumbs\" data-autoplay=\"true\" data-arrows=\"true\" data-transition=\"crossfade\"><img decoding=\"async\" src=\"https:\/\/npkrka.hr\/wp-content\/uploads\/Roski-slap.jpg\" width=\"100%\" \/><img decoding=\"async\" src=\"https:\/\/npkrka.hr\/wp-content\/uploads\/Roski-slap-mlinsko-kolo.jpg\" width=\"100%\" \/><img decoding=\"async\" src=\"https:\/\/npkrka.hr\/wp-content\/uploads\/Roski-slap-Sosterina-unutra.jpg\" width=\"100%\" \/><img decoding=\"async\" src=\"https:\/\/npkrka.hr\/wp-content\/uploads\/Ogrlice-pogled-s-Ozidane-pecine.jpg\" width=\"100%\" \/><img decoding=\"async\" src=\"https:\/\/npkrka.hr\/wp-content\/uploads\/Ogrlice-1.jpg\" width=\"100%\" \/><img decoding=\"async\" src=\"https:\/\/npkrka.hr\/wp-content\/uploads\/Roski-slap-Sosterina.jpg\" width=\"100%\" \/><img decoding=\"async\" src=\"https:\/\/npkrka.hr\/wp-content\/uploads\/Roski-slap-krevet.jpg\" width=\"100%\" \/><img decoding=\"async\" src=\"https:\/\/npkrka.hr\/wp-content\/uploads\/Roski-slap-skrinja.jpg\" width=\"100%\" \/><img decoding=\"async\" src=\"https:\/\/npkrka.hr\/wp-content\/uploads\/Roski-slap-voda-mlin.jpg\" width=\"100%\" \/><img decoding=\"async\" src=\"https:\/\/npkrka.hr\/wp-content\/uploads\/Roski-slap-mlinovi.jpg\" width=\"100%\" \/><img decoding=\"async\" src=\"https:\/\/npkrka.hr\/wp-content\/uploads\/Ogrlice-kanjon.jpg\" width=\"100%\" \/><\/div><p>&nbsp;<\/p>\n","protected":false},"excerpt":{"rendered":"<p>Ro\u0161kim slapom naziva se prostrano slapi\u0161te koje \u010dine 22,5 metra visoki glavni slapovi i bezbroj rukavaca, kaskada i sedrenih otoka.<\/p>\n","protected":false},"author":1,"featured_media":3326,"parent":93,"menu_order":4,"comment_status":"closed","ping_status":"closed","template":"page-location.php","meta":{"footnotes":""},"class_list":["post-3325","page","type-page","status-publish","has-post-thumbnail","hentry"],"_links":{"self":[{"href":"https:\/\/npkrka.hr\/hr\/wp-json\/wp\/v2\/pages\/3325","targetHints":{"allow":["GET"]}}],"collection":[{"href":"https:\/\/npkrka.hr\/hr\/wp-json\/wp\/v2\/pages"}],"about":[{"href":"https:\/\/npkrka.hr\/hr\/wp-json\/wp\/v2\/types\/page"}],"author":[{"embeddable":true,"href":"https:\/\/npkrka.hr\/hr\/wp-json\/wp\/v2\/users\/1"}],"replies":[{"embeddable":true,"href":"https:\/\/npkrka.hr\/hr\/wp-json\/wp\/v2\/comments?post=3325"}],"version-history":[{"count":0,"href":"https:\/\/npkrka.hr\/hr\/wp-json\/wp\/v2\/pages\/3325\/revisions"}],"up":[{"embeddable":true,"href":"https:\/\/npkrka.hr\/hr\/wp-json\/wp\/v2\/pages\/93"}],"wp:featuredmedia":[{"embeddable":true,"href":"https:\/\/npkrka.hr\/hr\/wp-json\/wp\/v2\/media\/3326"}],"wp:attachment":[{"href":"https:\/\/npkrka.hr\/hr\/wp-json\/wp\/v2\/media?parent=3325"}],"curies":[{"name":"wp","href":"https:\/\/api.w.org\/{rel}","templated":true}]}}