{"id":3297,"date":"2022-08-09T21:50:00","date_gmt":"2022-08-09T19:50:00","guid":{"rendered":"https:\/\/www.npkrka.hr\/?page_id=3297"},"modified":"2022-09-07T11:40:01","modified_gmt":"2022-09-07T09:40:01","slug":"the-visovac-house-kuzelj","status":"publish","type":"page","link":"https:\/\/npkrka.hr\/hr\/posjeti\/sadrzaji\/the-visovac-house-kuzelj\/","title":{"rendered":"Visova\u010dka ku\u0107a \u201eKu\u017eelj\u201c"},"content":{"rendered":"<p><strong>Centar za posjetitelje Visova\u010dka ku\u0107a \u201eKu\u017eelj\u201d nalazi se u stoljetnoj \u0161umi hrasta medunca i bijeloga graba na po\u010detku pou\u010dno-pje\u0161a\u010dke staze Stinice \u2014 Ro\u0161ki slap \u2014 Ozi\u0111ana pe\u0107ina.<\/strong><\/p>\n<p>To je mjesto na kojem posjetitelji mogu prona\u0107i informacije o autohtonim vrstama \u0161umskog ekosustava i o prirodnoj i kulturnoj ba\u0161tini Nacionalnog parka.<\/p>\n<p>U Centru se odr\u017eavaju <strong><a href=\"https:\/\/www.npkrka.hr\/hr\/posjeti\/edukativne-radionice\/\">edukativne radionice<\/a><\/strong>\u00a0 za djecu, neke i na otvorenom prostoru, odnosno u prirodi.<\/p>\n<p>&nbsp;<\/p>\n<div class=\"fotorama rounded-lg  shadow lblue-bg mt-5   \" data-width=\"100%\" data-ratio=\"16\/10\"  data-nav=\"thumbs\" data-autoplay=\"true\" data-arrows=\"true\" data-transition=\"crossfade\"><img decoding=\"async\" src=\"https:\/\/npkrka.hr\/wp-content\/uploads\/Staza-Stinice-Visovac.jpg\" width=\"100%\" \/><img decoding=\"async\" src=\"https:\/\/npkrka.hr\/wp-content\/uploads\/Staza-Stinice.jpg\" width=\"100%\" \/><img decoding=\"async\" src=\"https:\/\/npkrka.hr\/wp-content\/uploads\/Visovacka-kuca-Kuzelj-4.jpg\" width=\"100%\" \/><img decoding=\"async\" src=\"https:\/\/npkrka.hr\/wp-content\/uploads\/Sumska-radionica.jpg\" width=\"100%\" \/><img decoding=\"async\" src=\"https:\/\/npkrka.hr\/wp-content\/uploads\/Visovacka-kuca-Kuzelj-5.jpg\" width=\"100%\" \/><img decoding=\"async\" src=\"https:\/\/npkrka.hr\/wp-content\/uploads\/Visovacka-kuca-Kuzelj-6.jpg\" width=\"100%\" \/><img decoding=\"async\" src=\"https:\/\/npkrka.hr\/wp-content\/uploads\/Visovacka-kuca-Kuzelj-1.jpg\" width=\"100%\" \/><img decoding=\"async\" src=\"https:\/\/npkrka.hr\/wp-content\/uploads\/Visovacka-kuca-Kuzelj-3.jpg\" width=\"100%\" \/><img decoding=\"async\" src=\"https:\/\/npkrka.hr\/wp-content\/uploads\/Visovacka-kuca-Kuzelj-2.jpg\" width=\"100%\" \/><img decoding=\"async\" src=\"https:\/\/npkrka.hr\/wp-content\/uploads\/Staza-Stinice-suma.jpg\" width=\"100%\" \/><\/div><p>&nbsp;<\/p>\n","protected":false},"excerpt":{"rendered":"<p>Centar za posjetitelje Visova\u010dka ku\u0107a \u201eKu\u017eelj\u201d nalazi se u stoljetnoj \u0161umi hrasta medunca i bijeloga graba na po\u010detku pou\u010dno-pje\u0161a\u010dke staze Stinice \u2014 Ro\u0161ki slap \u2014 Ozi\u0111ana pe\u0107ina.<\/p>\n","protected":false},"author":1,"featured_media":3307,"parent":93,"menu_order":3,"comment_status":"closed","ping_status":"closed","template":"","meta":{"footnotes":""},"class_list":["post-3297","page","type-page","status-publish","has-post-thumbnail","hentry"],"_links":{"self":[{"href":"https:\/\/npkrka.hr\/hr\/wp-json\/wp\/v2\/pages\/3297","targetHints":{"allow":["GET"]}}],"collection":[{"href":"https:\/\/npkrka.hr\/hr\/wp-json\/wp\/v2\/pages"}],"about":[{"href":"https:\/\/npkrka.hr\/hr\/wp-json\/wp\/v2\/types\/page"}],"author":[{"embeddable":true,"href":"https:\/\/npkrka.hr\/hr\/wp-json\/wp\/v2\/users\/1"}],"replies":[{"embeddable":true,"href":"https:\/\/npkrka.hr\/hr\/wp-json\/wp\/v2\/comments?post=3297"}],"version-history":[{"count":0,"href":"https:\/\/npkrka.hr\/hr\/wp-json\/wp\/v2\/pages\/3297\/revisions"}],"up":[{"embeddable":true,"href":"https:\/\/npkrka.hr\/hr\/wp-json\/wp\/v2\/pages\/93"}],"wp:featuredmedia":[{"embeddable":true,"href":"https:\/\/npkrka.hr\/hr\/wp-json\/wp\/v2\/media\/3307"}],"wp:attachment":[{"href":"https:\/\/npkrka.hr\/hr\/wp-json\/wp\/v2\/media?parent=3297"}],"curies":[{"name":"wp","href":"https:\/\/api.w.org\/{rel}","templated":true}]}}