{"id":3281,"date":"2022-08-09T21:46:55","date_gmt":"2022-08-09T19:46:55","guid":{"rendered":"https:\/\/www.npkrka.hr\/?page_id=3281"},"modified":"2022-09-27T14:03:37","modified_gmt":"2022-09-27T12:03:37","slug":"visovac-island","status":"publish","type":"page","link":"https:\/\/npkrka.hr\/hr\/posjeti\/sadrzaji\/visovac-island\/","title":{"rendered":"Visovac"},"content":{"rendered":"<p><strong>Oto\u010di\u0107 Visovac smje\u0161ten je na Visova\u010dkom jezeru. Od 1445. godine na njemu se nalazi franjeva\u010dki samostan Majke od Milosti i Crkva Gospe Visova\u010dke, koji s prekrasnim krajolikom \u010dine jedinstvenu ambijentalnu cjelinu.<\/strong><\/p>\n<p>Otok Visovac spada u najva\u017enije prirodne i kulturne vrijednosti Republike Hrvatske.<\/p>\n<p>Tijekom burne povijesti Visovac je bio i ostao otokom mira i molitve, a franjeva\u010dki samostan tvr\u0111avom duhovnosti i vjere, ali i jednim od klju\u010dnih temeljnih kamena opstojnosti Hrvata i o\u010duvanja hrvatskog nacionalnog identiteta. Samostan posjeduje zna\u010dajnu arheolo\u0161ku zbirku, zbirku povijesnog crkvenog ruha i posu\u0111a te bogatu knji\u017enicu s vi\u0161e vrijednih knjiga i inkunabula.<\/p>\n<ul>\n<li>Dolazak na otok Visovac je mogu\u0107 <a href=\"https:\/\/www.npkrka.hr\/hr\/posjeti\/izleti-brodom\/otok-visovac\/\">izletni\u010dkim brodom<\/a> sa Skradinskog buka (dva sata), prijevozom brodom sa Stinica\/Remeti\u0107a (pet minuta), <a href=\"https:\/\/www.npkrka.hr\/hr\/posjeti\/izleti-brodom\/roski-slap-izlet\/\">izletni\u010dkim brodom<\/a> s Ro\u0161kog slapa (dva sata). Prijevoz po utvr\u0111enom orariju i <a href=\"https:\/\/www.npkrka.hr\/hr\/posjeti\/cjenik\/\">cjeniku<\/a>.<u><br \/><\/u><\/li>\n<li>Do Stinica je mogu\u0107e do\u0107i vlastitim prijevozom iz smjera Miljevci, a do Remeti\u0107a iz smjera Dubravice \u2013 Rupe<\/li>\n<li>Psima nije dopu\u0161ten pristup na Visovac<\/li>\n<li>Besplatan parking na Stinicama i Remeti\u0107u, besplatan toalet na Stinicama<\/li>\n<li>Kupanje je dopu\u0161teno na Stinicama i na pla\u017ei Pisak u blizini Remeti\u0107a<\/li>\n<\/ul>\n<div class=\"fotorama rounded-lg  shadow lblue-bg mt-5   \" data-width=\"100%\" data-ratio=\"16\/10\"  data-nav=\"thumbs\" data-autoplay=\"true\" data-arrows=\"true\" data-transition=\"crossfade\"><img decoding=\"async\" src=\"https:\/\/npkrka.hr\/wp-content\/uploads\/Visovac-3-scaled.jpg\" width=\"100%\" \/><img decoding=\"async\" src=\"https:\/\/npkrka.hr\/wp-content\/uploads\/Visovac-i-Visovacko-jezero-scaled.jpg\" width=\"100%\" \/><img decoding=\"async\" src=\"https:\/\/npkrka.hr\/wp-content\/uploads\/Visovac-bunar-1.jpg\" width=\"100%\" \/><img decoding=\"async\" src=\"https:\/\/npkrka.hr\/wp-content\/uploads\/Visovac-crkva.jpg\" width=\"100%\" \/><img decoding=\"async\" src=\"https:\/\/npkrka.hr\/wp-content\/uploads\/Visovac-Ezopove-basne.jpg\" width=\"100%\" \/><img decoding=\"async\" src=\"https:\/\/npkrka.hr\/wp-content\/uploads\/Visovac-bunar.jpg\" width=\"100%\" \/><img decoding=\"async\" src=\"https:\/\/npkrka.hr\/wp-content\/uploads\/Visovac-1-1-scaled.jpg\" width=\"100%\" \/><img decoding=\"async\" src=\"https:\/\/npkrka.hr\/wp-content\/uploads\/Visovac-sablja.jpg\" width=\"100%\" \/><img decoding=\"async\" src=\"https:\/\/npkrka.hr\/wp-content\/uploads\/Visovac-2.jpg\" width=\"100%\" \/><img decoding=\"async\" src=\"https:\/\/npkrka.hr\/wp-content\/uploads\/Visovac-vrt.jpg\" width=\"100%\" \/><\/div><p>&nbsp;<\/p>\n","protected":false},"excerpt":{"rendered":"<p>Oto\u010di\u0107 Visovac smje\u0161ten je na Visova\u010dkom jezeru. Od 1445. godine na njemu se nalazi franjeva\u010dki samostan Majke od Milosti i Crkva Gospe Visova\u010dke, koji s prekrasnim krajolikom \u010dine jedinstvenu ambijentalnu cjelinu.<\/p>\n","protected":false},"author":1,"featured_media":3288,"parent":93,"menu_order":2,"comment_status":"closed","ping_status":"closed","template":"","meta":{"footnotes":""},"class_list":["post-3281","page","type-page","status-publish","has-post-thumbnail","hentry"],"_links":{"self":[{"href":"https:\/\/npkrka.hr\/hr\/wp-json\/wp\/v2\/pages\/3281","targetHints":{"allow":["GET"]}}],"collection":[{"href":"https:\/\/npkrka.hr\/hr\/wp-json\/wp\/v2\/pages"}],"about":[{"href":"https:\/\/npkrka.hr\/hr\/wp-json\/wp\/v2\/types\/page"}],"author":[{"embeddable":true,"href":"https:\/\/npkrka.hr\/hr\/wp-json\/wp\/v2\/users\/1"}],"replies":[{"embeddable":true,"href":"https:\/\/npkrka.hr\/hr\/wp-json\/wp\/v2\/comments?post=3281"}],"version-history":[{"count":0,"href":"https:\/\/npkrka.hr\/hr\/wp-json\/wp\/v2\/pages\/3281\/revisions"}],"up":[{"embeddable":true,"href":"https:\/\/npkrka.hr\/hr\/wp-json\/wp\/v2\/pages\/93"}],"wp:featuredmedia":[{"embeddable":true,"href":"https:\/\/npkrka.hr\/hr\/wp-json\/wp\/v2\/media\/3288"}],"wp:attachment":[{"href":"https:\/\/npkrka.hr\/hr\/wp-json\/wp\/v2\/media?parent=3281"}],"curies":[{"name":"wp","href":"https:\/\/api.w.org\/{rel}","templated":true}]}}