{"id":3260,"date":"2022-08-09T21:37:56","date_gmt":"2022-08-09T19:37:56","guid":{"rendered":"https:\/\/www.npkrka.hr\/?page_id=3260"},"modified":"2022-09-09T10:41:39","modified_gmt":"2022-09-09T08:41:39","slug":"skradinski-buk","status":"publish","type":"page","link":"https:\/\/npkrka.hr\/hr\/posjeti\/sadrzaji\/skradinski-buk\/","title":{"rendered":"Skradinski buk"},"content":{"rendered":"<p><strong><a href=\"https:\/\/www.npkrka.hr\/hr\/prirodna-bastina\/slapovi\/skradinski-buk\/\">Skradinski buk<\/a> je posljednja, sedma, najdu\u017ea sedrena barijera na rijeci Krki te ujedno i najdu\u017ea sedrena barijera u Europi. Jedan je od najneobi\u010dnijih i najljep\u0161ih krajobraza Nacionalnog parka \u201eKrka\u201c.<\/strong><\/p>\n<ul>\n<li>Oko slapa vodi kru\u017ena edukativna staza duga 1 900 m, na kojoj je kretanje jednosmjerno<\/li>\n<li>Nekada\u0161nje vodenice obnovljene su i slu\u017ee prezentaciji starih zanata<\/li>\n<li>Mogu se vidjeti ostaci HE Krka iz 1895., koja je prva na svijetu osvijetlila jedan grad<\/li>\n<li>Na cijeloj stazi postavljene su edukativne table<\/li>\n<li>Dva su besplatna toaleta: na ulazu Lozovac i kod etno-sela na Skradinskom buku<\/li>\n<li>Na Skradinskom buku su dva restorana<\/li>\n<li>U etno-selu na Skradinskom buku nalaze se suvenirnice<\/li>\n<li>Taktilna mapa Skradinskog buka nalazi se na \u201ecarskom vidikovcu\u201d<\/li>\n<li>Dok su u Parku, psi moraju biti na povodcu<\/li>\n<li>Sa Skradinskog buka mogu\u0107e je uputiti se na<strong><a href=\"https:\/\/www.npkrka.hr\/hr\/posjeti\/izleti-brodom\/\"> izlet brodom prema Visovcu<\/a>,<\/strong> koji traje dva sata, Ro\u0161kome slapu, koji traje \u010detiri sata, te Torku koji traje 1 sat<u><br \/><\/u><\/li>\n<li>Ulaznica za posjet Skradinskom buku uklju\u010duje jednokratan posjet svim kopnenim lokalitetima parka<\/li>\n<li>Kupanje na Skradinskom buku nije dopu\u0161teno<\/li>\n<li>Dva su ulaza na Skradinski buk: ulaz Lozovac i ulaz Skradin<\/li>\n<\/ul>\n<div class=\"fotorama rounded-lg  shadow lblue-bg mt-5   \" data-width=\"100%\" data-ratio=\"16\/10\"  data-nav=\"thumbs\" data-autoplay=\"true\" data-arrows=\"true\" data-transition=\"crossfade\"><img decoding=\"async\" src=\"https:\/\/npkrka.hr\/wp-content\/uploads\/Skradinski-buk-2-1.jpg\" width=\"100%\" \/><img decoding=\"async\" src=\"https:\/\/npkrka.hr\/wp-content\/uploads\/Skradinski-buk-zima.jpg\" width=\"100%\" \/><img decoding=\"async\" src=\"https:\/\/npkrka.hr\/wp-content\/uploads\/Skradinski-buk-6-1-scaled.jpg\" width=\"100%\" \/><img decoding=\"async\" src=\"https:\/\/npkrka.hr\/wp-content\/uploads\/Skradinski-buk-puno-vode.jpg\" width=\"100%\" \/><img decoding=\"async\" src=\"https:\/\/npkrka.hr\/wp-content\/uploads\/Skradinski-buk-iz-zraka.jpg\" width=\"100%\" \/><img decoding=\"async\" src=\"https:\/\/npkrka.hr\/wp-content\/uploads\/Skradinski-buk-zracna.jpg\" width=\"100%\" \/><img decoding=\"async\" src=\"https:\/\/npkrka.hr\/wp-content\/uploads\/Skradinski-buk-jesen.jpg\" width=\"100%\" \/><img decoding=\"async\" src=\"https:\/\/npkrka.hr\/wp-content\/uploads\/Skradinski-buk-5-1.jpg\" width=\"100%\" \/><img decoding=\"async\" src=\"https:\/\/npkrka.hr\/wp-content\/uploads\/Skradinski-buk-7-1-scaled.jpg\" width=\"100%\" \/><img decoding=\"async\" src=\"https:\/\/npkrka.hr\/wp-content\/uploads\/Skradinski-buk-4-1.jpg\" width=\"100%\" \/><img decoding=\"async\" src=\"https:\/\/npkrka.hr\/wp-content\/uploads\/Skradinski-buk-1-1.jpg\" width=\"100%\" \/><img decoding=\"async\" src=\"https:\/\/npkrka.hr\/wp-content\/uploads\/Skradinski-buk-8-1.jpg\" width=\"100%\" \/><img decoding=\"async\" src=\"https:\/\/npkrka.hr\/wp-content\/uploads\/Skradinski-buk-3-1.jpg\" width=\"100%\" \/><\/div><p>&nbsp;<\/p>\n<p>\u00a0<\/p>\n","protected":false},"excerpt":{"rendered":"<p>Skradinski buk je posljednja, sedma, najdu\u017ea sedrena barijera na rijeci Krki te ujedno i najdu\u017ea sedrena barijera u Europi. Jedan je od najneobi\u010dnijih i najljep\u0161ih krajobraza Nacionalnog parka \u201eKrka\u201c.<\/p>\n","protected":false},"author":1,"featured_media":3270,"parent":93,"menu_order":1,"comment_status":"closed","ping_status":"closed","template":"page-location.php","meta":{"footnotes":""},"class_list":["post-3260","page","type-page","status-publish","has-post-thumbnail","hentry"],"_links":{"self":[{"href":"https:\/\/npkrka.hr\/hr\/wp-json\/wp\/v2\/pages\/3260","targetHints":{"allow":["GET"]}}],"collection":[{"href":"https:\/\/npkrka.hr\/hr\/wp-json\/wp\/v2\/pages"}],"about":[{"href":"https:\/\/npkrka.hr\/hr\/wp-json\/wp\/v2\/types\/page"}],"author":[{"embeddable":true,"href":"https:\/\/npkrka.hr\/hr\/wp-json\/wp\/v2\/users\/1"}],"replies":[{"embeddable":true,"href":"https:\/\/npkrka.hr\/hr\/wp-json\/wp\/v2\/comments?post=3260"}],"version-history":[{"count":0,"href":"https:\/\/npkrka.hr\/hr\/wp-json\/wp\/v2\/pages\/3260\/revisions"}],"up":[{"embeddable":true,"href":"https:\/\/npkrka.hr\/hr\/wp-json\/wp\/v2\/pages\/93"}],"wp:featuredmedia":[{"embeddable":true,"href":"https:\/\/npkrka.hr\/hr\/wp-json\/wp\/v2\/media\/3270"}],"wp:attachment":[{"href":"https:\/\/npkrka.hr\/hr\/wp-json\/wp\/v2\/media?parent=3260"}],"curies":[{"name":"wp","href":"https:\/\/api.w.org\/{rel}","templated":true}]}}