{"id":3128,"date":"2022-08-09T19:36:13","date_gmt":"2022-08-09T17:36:13","guid":{"rendered":"https:\/\/www.npkrka.hr\/?page_id=3128"},"modified":"2026-03-02T09:49:30","modified_gmt":"2026-03-02T08:49:30","slug":"drzavna-geodetska-uprava","status":"publish","type":"page","link":"https:\/\/npkrka.hr\/hr\/prirodna-bastina\/projekti\/projects\/drzavna-geodetska-uprava\/","title":{"rendered":"Dr\u017eavna geodetska uprava"},"content":{"rendered":"<p><strong>Javna ustanova \u201eNacionalni park Krka\u201c uklju\u010dila se, uz ostala za\u0161ti\u0107ena podru\u010dja, u projekt Dr\u017eavne geodetske uprave \u201eEvidentiranje posebnog pravnog re\u017eima kao doprinos u\u010dinkovitijem upravljanju za\u0161ti\u0107enim podru\u010djima\u201c. <\/strong><\/p>\n<p>Katastarska izmjera ima za svrhu uspostavu nove, sre\u0111ene i uskla\u0111ene katastarske i zemlji\u0161no-knji\u017ene evidencije uskla\u0111ene sa stvarnim stanjem na terenu.<\/p>\n<p>Dr\u017eavna geodetska uprava u sije\u010dnju 2020. potpisala je ugovor s Ministarstvom za\u0161tite okoli\u0161a i energetike i Fondom za za\u0161titu okoli\u0161a i energetsku u\u010dinkovitost kao korisnik bespovratnih sredstava u okviru Operativnog programa Konkurentnost i kohezija 2014. \u2013 2020., Specifi\u010dnog cilja 6iii2 \u201eUspostava okvira za odr\u017eivo upravljanje bioraznoliko\u0161\u0107u (primarno ekolo\u0161kom mre\u017eom Natura 2000)\u201c.<\/p>\n<p>Specifi\u010dni ciljevi projekta jesu evidentiranje posebnog pravnog re\u017eima u katastarskom operatu u svim za\u0161ti\u0107enim podru\u010djima iz kategorije strogih rezervata, nacionalnih i parkova prirode koji su ujedno i podru\u010dja ekolo\u0161ke mre\u017ee Natura 2000, stvaranje preduvjeta za evidentiranje i provedbu prava prvokupa u slu\u017ebenim registrima u svim za\u0161ti\u0107enim podru\u010djima iz kategorije nacionalnih parkova ujedno i podru\u010djima ekolo\u0161ke mre\u017ee Natura 2000 te pove\u0107anje dostupnosti informacija o granicama za\u0161ti\u0107enih podru\u010dja i pravnim re\u017eimima s ciljem ja\u010danja svijesti javnosti o podru\u010djima od osobitog zna\u010denja za Republiku Hrvatsku.<\/p>\n<p>Geodetske podloge izra\u0111uju se na homogeniziranim katastarskim planovima po katastarskim op\u0107inama. Podru\u010dje katastarske izmjere u NP \u201eKrka\u201c obuhva\u0107a dijelove devetnaest katastarskih op\u0107ina na podru\u010dju sedam jedinica lokalne samouprave: \u0160ibenika, Skradina, Drni\u0161a, Promine, Kistanja, Ervenika i Knina. Rok izvedbe projekta je prosinac 2022.<\/p>\n<p>U projektnim aktivnostima sura\u0111uju Geodetski zavod d. d. Split, Geodetski zavod Rijeka d. o. o., Zavod za fotogrametriju d. d. Zagreb i Geoprojekt d. o. o. Zagreb.<\/p>\n<p>Ukupna vrijednost projekta iznosi 36.766.828,94 kn, od \u010dega na bespovratna sredstva EU-a otpada 31.173.724,75 kn. Rok provedbe je \u010detiri godine.<\/p>\n<div class=\"fotorama rounded-lg  shadow lblue-bg mt-5   \" data-width=\"100%\" data-ratio=\"16\/10\"  data-nav=\"thumbs\" data-autoplay=\"true\" data-arrows=\"true\" data-transition=\"crossfade\"><img decoding=\"async\" src=\"https:\/\/npkrka.hr\/wp-content\/uploads\/DGU-2-1.jpg\" width=\"100%\" \/><img decoding=\"async\" src=\"https:\/\/npkrka.hr\/wp-content\/uploads\/DGU-Lozovac-083.jpg\" width=\"100%\" \/><img decoding=\"async\" src=\"https:\/\/npkrka.hr\/wp-content\/uploads\/DGU-Skradinski-buk.jpg\" width=\"100%\" \/><\/div><p>&nbsp;<\/p>\n","protected":false},"excerpt":{"rendered":"<p>Javna ustanova \u201eNacionalni park Krka\u201c uklju\u010dila se, uz ostala za\u0161ti\u0107ena podru\u010dja, u projekt Dr\u017eavne geodetske uprave \u201eEvidentiranje posebnog pravnog re\u017eima kao doprinos u\u010dinkovitijem upravljanju za\u0161ti\u0107enim podru\u010djima\u201c.<\/p>\n","protected":false},"author":1,"featured_media":3855,"parent":9356,"menu_order":5,"comment_status":"closed","ping_status":"closed","template":"","meta":{"footnotes":""},"class_list":["post-3128","page","type-page","status-publish","has-post-thumbnail","hentry"],"_links":{"self":[{"href":"https:\/\/npkrka.hr\/hr\/wp-json\/wp\/v2\/pages\/3128","targetHints":{"allow":["GET"]}}],"collection":[{"href":"https:\/\/npkrka.hr\/hr\/wp-json\/wp\/v2\/pages"}],"about":[{"href":"https:\/\/npkrka.hr\/hr\/wp-json\/wp\/v2\/types\/page"}],"author":[{"embeddable":true,"href":"https:\/\/npkrka.hr\/hr\/wp-json\/wp\/v2\/users\/1"}],"replies":[{"embeddable":true,"href":"https:\/\/npkrka.hr\/hr\/wp-json\/wp\/v2\/comments?post=3128"}],"version-history":[{"count":1,"href":"https:\/\/npkrka.hr\/hr\/wp-json\/wp\/v2\/pages\/3128\/revisions"}],"predecessor-version":[{"id":14715,"href":"https:\/\/npkrka.hr\/hr\/wp-json\/wp\/v2\/pages\/3128\/revisions\/14715"}],"up":[{"embeddable":true,"href":"https:\/\/npkrka.hr\/hr\/wp-json\/wp\/v2\/pages\/9356"}],"wp:featuredmedia":[{"embeddable":true,"href":"https:\/\/npkrka.hr\/hr\/wp-json\/wp\/v2\/media\/3855"}],"wp:attachment":[{"href":"https:\/\/npkrka.hr\/hr\/wp-json\/wp\/v2\/media?parent=3128"}],"curies":[{"name":"wp","href":"https:\/\/api.w.org\/{rel}","templated":true}]}}