{"id":3081,"date":"2022-08-09T18:52:59","date_gmt":"2022-08-09T16:52:59","guid":{"rendered":"https:\/\/www.npkrka.hr\/?page_id=3081"},"modified":"2022-08-23T10:41:58","modified_gmt":"2022-08-23T08:41:58","slug":"gljive-i-lisajevi","status":"publish","type":"page","link":"https:\/\/npkrka.hr\/hr\/prirodna-bastina\/gljive-i-lisajevi\/","title":{"rendered":"Gljive i li\u0161ajevi"},"content":{"rendered":"<p><strong>Velika raznolikost i mozai\u010dnost stani\u0161ta NP \u201eKrka\u201c preduvjeti su velike bioraznolikosti gljiva. <\/strong><\/p>\n<p>To je potvrdilo i posljednje istra\u017eivanje, kojim su bila obuhva\u0107ena dva odjeljka carstva gljiva (Fungi): mje\u0161inarke \u2013 askomicete (Ascomycota) i stap\u010darke \u2013 bazidiomicete (Basidiomycota). Ukupno je zabilje\u017eeno sto \u010detrdeset vrsta: \u0161ezdeset askomiceta i osamdeset bazidiomiceta. Na trinaest istra\u017eivanih lokaliteta prona\u0111eno je \u010detrdest \u0161est rijetkih, ugro\u017eenih i za\u0161ti\u0107enih vrsta, od toga \u0161est strogo za\u0161ti\u0107enih: sitna zvjezda\u010da (<em>Geastrum minimum<\/em>) (VU), ljutkova pritajnica (<em>Marasmius cornelli<\/em>) (CR) i siva slabunjavka (<em>Psathyrella melanthina<\/em>) (DD) iz odjeljka bazidiomiceta i naran\u010dasta \u010dekinjarica (<em>Humaria aurantia<\/em>) (CR), ljubi\u010dastocrna vodoljupka (<em>Pachyella violaceonigra<\/em>) (VU) i prstasta smr\u010dkovica (<em>Verpa conica<\/em>) (VU) iz odjeljka askomiceta.<\/p>\n<p>Na \u0161irem podru\u010dju NP \u201eKrka\u201c zabilje\u017eeno je osamdeset pet svojti li\u0161aja. Raznolikost saksikolnih svojti, vezanih za karbonatne stijene, velika je, dok je broj terestri\u010dkih svojti vrlo malen. Raznolikost epifita odre\u0111ena je mikroklimatskim uvjetima i vegetacijom. Na\u010delno bogatu lihenofloru pokazuju stari nasadi vo\u0107aka i maslina i prirodne \u0161ume, pri \u010demu se posebno isti\u010de lokalitet sa \u0161umom graba na podru\u010dju Kutla\u010dinih staja. Analizom ekolo\u0161kih \u010dimbenika utvr\u0111eno je da ve\u0107ina svojti za optimalan rast tra\u017ei izravno osvjetljenje, umjerene temperature i visoku ili povi\u0161enu razinu hranjivih tvari u podlozi.<\/p>\n<p>Za razliku od epifita, koji preferiraju umjereno kisele podloge, saksikolne svojte preferiraju bazi\u010dne. Ve\u0107ina svojti \u0161iroko je rasprostranjena i relativno dobro podnosi one\u010di\u0161\u0107enje zraka, no prona\u0111ene su i svojte koje su iznimno osjetljive na one\u010di\u0161\u0107enje, \u0161to govori o dobroj kakvo\u0107i zraka u Parku, osobito u dijelovima koji nisu blizu prometnica. Prema habitusu, ve\u0107inom su zabilje\u017eeni listasti li\u0161aji, i to epifiti. Najzanimljivije zabilje\u017eene svojte jesu rijetka vrsta <em>Evernia divaricata<\/em>, koja je vrlo osjetljiva na one\u010di\u0161\u0107enje, i dvije svojte s Crvenog popisa li\u0161aja Hrvatske: strogo za\u0161ti\u0107ena vrsta <em>Usnea subscabrosa<\/em> (VU) i <em>Teloschistes chrysophthalmus<\/em> (NT).<\/p>\n<div class=\"fotorama rounded-lg  shadow lblue-bg mt-5   \" data-width=\"100%\" data-ratio=\"16\/10\"  data-nav=\"thumbs\" data-autoplay=\"true\" data-arrows=\"true\" data-transition=\"crossfade\"><img decoding=\"async\" src=\"https:\/\/npkrka.hr\/wp-content\/uploads\/Lisajevi-Evernia-prunastri-scaled.jpg\" width=\"100%\" \/><img decoding=\"async\" src=\"https:\/\/npkrka.hr\/wp-content\/uploads\/Lisajevi-7-vrsta-scaled.jpg\" width=\"100%\" \/><img decoding=\"async\" src=\"https:\/\/npkrka.hr\/wp-content\/uploads\/Gljive-Verpa-conica.jpg\" width=\"100%\" \/><img decoding=\"async\" src=\"https:\/\/npkrka.hr\/wp-content\/uploads\/Gljive-Psathyrella-melanthina-scaled.jpg\" width=\"100%\" \/><img decoding=\"async\" src=\"https:\/\/npkrka.hr\/wp-content\/uploads\/Gljive-Pachyella-violaceonigra-scaled.jpg\" width=\"100%\" \/><img decoding=\"async\" src=\"https:\/\/npkrka.hr\/wp-content\/uploads\/Gljive-Marasmius-cornelii-scaled.jpg\" width=\"100%\" \/><img decoding=\"async\" src=\"https:\/\/npkrka.hr\/wp-content\/uploads\/Gljive-Humaria-aurantia-scaled.jpg\" width=\"100%\" \/><img decoding=\"async\" src=\"https:\/\/npkrka.hr\/wp-content\/uploads\/Gljive-Geastrum-minimum-scaled.jpg\" width=\"100%\" \/><\/div><p>&nbsp;<\/p>\n","protected":false},"excerpt":{"rendered":"<p>Velika raznolikost i mozai\u010dnost stani\u0161ta NP \u201eKrka\u201c preduvjeti su velike bioraznolikosti gljiva.<\/p>\n","protected":false},"author":1,"featured_media":3906,"parent":148,"menu_order":5,"comment_status":"closed","ping_status":"closed","template":"","meta":{"footnotes":""},"class_list":["post-3081","page","type-page","status-publish","has-post-thumbnail","hentry"],"_links":{"self":[{"href":"https:\/\/npkrka.hr\/hr\/wp-json\/wp\/v2\/pages\/3081","targetHints":{"allow":["GET"]}}],"collection":[{"href":"https:\/\/npkrka.hr\/hr\/wp-json\/wp\/v2\/pages"}],"about":[{"href":"https:\/\/npkrka.hr\/hr\/wp-json\/wp\/v2\/types\/page"}],"author":[{"embeddable":true,"href":"https:\/\/npkrka.hr\/hr\/wp-json\/wp\/v2\/users\/1"}],"replies":[{"embeddable":true,"href":"https:\/\/npkrka.hr\/hr\/wp-json\/wp\/v2\/comments?post=3081"}],"version-history":[{"count":0,"href":"https:\/\/npkrka.hr\/hr\/wp-json\/wp\/v2\/pages\/3081\/revisions"}],"up":[{"embeddable":true,"href":"https:\/\/npkrka.hr\/hr\/wp-json\/wp\/v2\/pages\/148"}],"wp:featuredmedia":[{"embeddable":true,"href":"https:\/\/npkrka.hr\/hr\/wp-json\/wp\/v2\/media\/3906"}],"wp:attachment":[{"href":"https:\/\/npkrka.hr\/hr\/wp-json\/wp\/v2\/media?parent=3081"}],"curies":[{"name":"wp","href":"https:\/\/api.w.org\/{rel}","templated":true}]}}