{"id":3073,"date":"2022-08-09T18:47:46","date_gmt":"2022-08-09T16:47:46","guid":{"rendered":"https:\/\/www.npkrka.hr\/?page_id=3073"},"modified":"2022-09-27T13:40:29","modified_gmt":"2022-09-27T11:40:29","slug":"podzemlje","status":"publish","type":"page","link":"https:\/\/npkrka.hr\/hr\/prirodna-bastina\/stanista\/podzemlje\/","title":{"rendered":"Podzemlje"},"content":{"rendered":"<p><strong>Podzemna stani\u0161ta obilje\u017eava nedostatak svjetla i izmjene dana i no\u0107i, nedostatak sezonalnosti, vrlo visoka i stabilna relativna vla\u017enost zraka blizu potpunog zasi\u0107enja, relativno stabilna temperatura zraka, niska i stabilna temperatura vode te relativno mala koli\u010dina hrane koja dolazi iz nadzemnih stani\u0161ta i, posljedi\u010dno, kratki hranidbeni lanac u kojem dominiraju strvinari. <\/strong><\/p>\n<p>\u017divotinje koje naseljavaju podzemlje razvile su se od nadzemnih predaka, prilago\u0111avaju\u0107i se djelomi\u010dno ili u potpunosti zahtjevnim uvjetima stani\u0161ta tijekom dugog niza godina, razvijaju\u0107i nova obilje\u017eja uz istovremeni gubitak pojedinih regresivnom evolucijom. U prilagodbe na \u017eivot u podzemlju spadaju redukcija organa za vid, gubitak pigmenta, stanjenje integumenta, produljenje dijelova tijela i razvoj ostalih osjetila, usporen metabolizam, dugovje\u010dnost, nizak stupanj reprodukcije, nakupljanje rezerva masti, smanjenje agresivnosti, prestanak dnevno\/no\u0107nog ritma aktivnosti i prestanak sezonskih promjena.<\/p>\n<p>Pojedine \u017eivotinje samo zalaze u podzemlje zbog razli\u010ditih potreba, kao \u0161to su sklanjanje od nepovoljnih uvjeta na povr\u0161ini, hibernacija ili razmno\u017eavanje.<\/p>\n<p>U speleolo\u0161kim objektima na podru\u010dju Parka do sada je evidentirano oko sto sedamdeset svojti, od kojih su mnoge endemi Dinarida i Hrvatske, a \u010detiri su endemi NP \u201eKrka\u201c (stenoendemi): pu\u017ei\u0107i Krkina dalmatela (<em>Dalmatella sketi<\/em>) i Skradinska lanzaja (<em>Lanzaia skradinensis<\/em>), striga \u0160piljska velekamenjarka (<em>Eupolybothrus cavernicolus<\/em>) i Margu\u0161ev \u0161piljski skokun (<em>Verhoeffiella margusi<\/em>). Tijekom recentnih istra\u017eivanja skupljeno je vi\u0161e svojti za koje je preliminarnim pregledom utvr\u0111eno da se radi o novim vrstama, ali znanstveno jo\u0161 nisu opisane.<\/p>\n<p>Najpoznatiji stanovnik podzemlja u Parku \u010dovje\u010dja je ribica (<a href=\"https:\/\/www.npkrka.hr\/hr\/prirodna-bastina\/geologija\/podzemni-svijet-krsa\/covjecja-ribica\/\"><em>Proteus anguinus<\/em><\/a>), endem Dinarida, jedini pravi podzemni kralje\u017enjak u Europi. Vode u podzemlju Parka naseljava i <a href=\"https:\/\/www.npkrka.hr\/hr\/prirodna-bastina\/geologija\/podzemni-svijet-krsa\/podzemni-svijet-krsa-dinarski-spiljski-cjevas\/\">dinarski \u0161piljski cjeva\u0161<\/a> (<em>Marifugia cavatica<\/em>), tako\u0111er endem Dinarida. U \u0161piljama Parka skloni\u0161ta pronalaze i <a href=\"https:\/\/www.npkrka.hr\/hr\/prirodna-bastina\/geologija\/podzemni-svijet-krsa\/podzemni-svijet-krsa-sismisi\/\">\u0161i\u0161mi\u0161i<\/a>: u njima hiberniraju i\/ili formiraju porodiljne kolonije.<\/p>\n<div class=\"fotorama rounded-lg  shadow lblue-bg mt-5   \" data-width=\"100%\" data-ratio=\"16\/10\"  data-nav=\"thumbs\" data-autoplay=\"true\" data-arrows=\"true\" data-transition=\"crossfade\"><img decoding=\"async\" src=\"https:\/\/npkrka.hr\/wp-content\/uploads\/Podzemlje-14-Lanzaia-skradensis.jpg\" width=\"100%\" \/><img decoding=\"async\" src=\"https:\/\/npkrka.hr\/wp-content\/uploads\/Podzemlje-E_cavernicolus_holotype_ex_situ-scaled.jpg\" width=\"100%\" \/><img decoding=\"async\" src=\"https:\/\/npkrka.hr\/wp-content\/uploads\/Podzemlje-Marifugia-Jama-nasuprot-Torka-foto-B-Jalzic-scaled.jpg\" width=\"100%\" \/><\/div><p>&nbsp;<\/p>\n","protected":false},"excerpt":{"rendered":"<p>Podzemna stani\u0161ta obilje\u017eava nedostatak svjetla i izmjene dana i no\u0107i, nedostatak sezonalnosti, vrlo visoka i stabilna relativna vla\u017enost zraka blizu potpunog zasi\u0107enja, relativno stabilna temperatura zraka, niska i stabilna temperatura vode te relativno mala koli\u010dina hrane koja dolazi iz nadzemnih stani\u0161ta i, posljedi\u010dno, kratki hranidbeni lanac u kojem dominiraju strvinari.<\/p>\n","protected":false},"author":1,"featured_media":3074,"parent":3014,"menu_order":5,"comment_status":"closed","ping_status":"closed","template":"","meta":{"footnotes":""},"class_list":["post-3073","page","type-page","status-publish","has-post-thumbnail","hentry"],"_links":{"self":[{"href":"https:\/\/npkrka.hr\/hr\/wp-json\/wp\/v2\/pages\/3073","targetHints":{"allow":["GET"]}}],"collection":[{"href":"https:\/\/npkrka.hr\/hr\/wp-json\/wp\/v2\/pages"}],"about":[{"href":"https:\/\/npkrka.hr\/hr\/wp-json\/wp\/v2\/types\/page"}],"author":[{"embeddable":true,"href":"https:\/\/npkrka.hr\/hr\/wp-json\/wp\/v2\/users\/1"}],"replies":[{"embeddable":true,"href":"https:\/\/npkrka.hr\/hr\/wp-json\/wp\/v2\/comments?post=3073"}],"version-history":[{"count":0,"href":"https:\/\/npkrka.hr\/hr\/wp-json\/wp\/v2\/pages\/3073\/revisions"}],"up":[{"embeddable":true,"href":"https:\/\/npkrka.hr\/hr\/wp-json\/wp\/v2\/pages\/3014"}],"wp:featuredmedia":[{"embeddable":true,"href":"https:\/\/npkrka.hr\/hr\/wp-json\/wp\/v2\/media\/3074"}],"wp:attachment":[{"href":"https:\/\/npkrka.hr\/hr\/wp-json\/wp\/v2\/media?parent=3073"}],"curies":[{"name":"wp","href":"https:\/\/api.w.org\/{rel}","templated":true}]}}