{"id":3063,"date":"2022-08-09T18:44:18","date_gmt":"2022-08-09T16:44:18","guid":{"rendered":"https:\/\/www.npkrka.hr\/?page_id=3063"},"modified":"2022-08-09T18:45:41","modified_gmt":"2022-08-09T16:45:41","slug":"vegetacija-stijena-i-poluspilja","status":"publish","type":"page","link":"https:\/\/npkrka.hr\/hr\/prirodna-bastina\/stanista\/vegetacija-stijena-i-poluspilja\/","title":{"rendered":"Vegetacija stijena i polu\u0161pilja"},"content":{"rendered":"<p><strong>Na strmim stijenama nalazimo endeme na\u0161e flore. <\/strong><\/p>\n<p>Dva su dalmatinska endema: prozorski zvon\u010di\u0107 (<em>Campanula fenestrellata ssp. fenestrellata<\/em>), koji se isti\u010de prodorno plavim cvjetovima, i pustenasto devesilje (<em>Seseli tomentosum<\/em>). Brojni su i ilirsko-jadranski endemi, poput ilirske perunike (<em>Iris illyrica<\/em>), bjelu\u0161ine (<em>Inula verbascifolia<\/em>) i piramidalnog zvon\u010di\u0107a (<em>Campanula pyramidalis<\/em>).<\/p>\n<p>U vegetaciji pukotina stijena, uz prozorski zvon\u010di\u0107, isti\u010du se i sme\u0111a slezenica (<em>Asplenium trichomanes<\/em>), zlatinjak (<em>Asplenium ceterach<\/em>) i razgranjena crkvina (<em>Parietaria judaica<\/em>), \u010dije sastojine krase podru\u010dja srednjeg toka Krke.<\/p>\n<p>Vla\u017ene sjenovite polu\u0161pilje sedrenih slapova obra\u0161ta zajednica mahovina i gospinog vlaska (<em>Eucladio-Adianthetum<\/em>). Zbog slabe svjetlosti uspijeva mali broj biljnih vrsta, me\u0111u kojima se isti\u010de gospin vlasak (<em>Adianthum capillus-veneris<\/em>), \u010dije su zajednice posebno uo\u010dljive i razvijene na podru\u010dju Skradinskog buka.<\/p>\n<div class=\"fotorama rounded-lg  shadow lblue-bg mt-5   \" data-width=\"100%\" data-ratio=\"16\/10\"  data-nav=\"thumbs\" data-autoplay=\"true\" data-arrows=\"true\" data-transition=\"crossfade\"><img decoding=\"async\" src=\"https:\/\/npkrka.hr\/wp-content\/uploads\/Stijene-i-poluspilje-adiantum-gospin-vlasak-2-ja-scaled.jpg\" width=\"100%\" \/><img decoding=\"async\" src=\"https:\/\/npkrka.hr\/wp-content\/uploads\/Stijene-i-poluspilje-C.-pyramidalis-ja-scaled.jpg\" width=\"100%\" \/><img decoding=\"async\" src=\"https:\/\/npkrka.hr\/wp-content\/uploads\/Stijene-i-poluspilje-Campanula-fenestrellata-Feer-ssp.-fenestrellata-Milovic-scaled.jpg\" width=\"100%\" \/><\/div><p>&nbsp;<\/p>\n","protected":false},"excerpt":{"rendered":"<p>Na strmim stijenama nalazimo endeme na\u0161e flore.<\/p>\n","protected":false},"author":1,"featured_media":3065,"parent":3014,"menu_order":4,"comment_status":"closed","ping_status":"closed","template":"","meta":{"footnotes":""},"class_list":["post-3063","page","type-page","status-publish","has-post-thumbnail","hentry"],"_links":{"self":[{"href":"https:\/\/npkrka.hr\/hr\/wp-json\/wp\/v2\/pages\/3063","targetHints":{"allow":["GET"]}}],"collection":[{"href":"https:\/\/npkrka.hr\/hr\/wp-json\/wp\/v2\/pages"}],"about":[{"href":"https:\/\/npkrka.hr\/hr\/wp-json\/wp\/v2\/types\/page"}],"author":[{"embeddable":true,"href":"https:\/\/npkrka.hr\/hr\/wp-json\/wp\/v2\/users\/1"}],"replies":[{"embeddable":true,"href":"https:\/\/npkrka.hr\/hr\/wp-json\/wp\/v2\/comments?post=3063"}],"version-history":[{"count":0,"href":"https:\/\/npkrka.hr\/hr\/wp-json\/wp\/v2\/pages\/3063\/revisions"}],"up":[{"embeddable":true,"href":"https:\/\/npkrka.hr\/hr\/wp-json\/wp\/v2\/pages\/3014"}],"wp:featuredmedia":[{"embeddable":true,"href":"https:\/\/npkrka.hr\/hr\/wp-json\/wp\/v2\/media\/3065"}],"wp:attachment":[{"href":"https:\/\/npkrka.hr\/hr\/wp-json\/wp\/v2\/media?parent=3063"}],"curies":[{"name":"wp","href":"https:\/\/api.w.org\/{rel}","templated":true}]}}