{"id":3022,"date":"2022-08-09T18:29:33","date_gmt":"2022-08-09T16:29:33","guid":{"rendered":"https:\/\/www.npkrka.hr\/?page_id=3022"},"modified":"2022-09-19T13:46:57","modified_gmt":"2022-09-19T11:46:57","slug":"vodena-i-mocvarna","status":"publish","type":"page","link":"https:\/\/npkrka.hr\/hr\/prirodna-bastina\/stanista\/vodena-i-mocvarna\/","title":{"rendered":"Vodena i mo\u010dvarna"},"content":{"rendered":"<p><strong>\u00a0<\/strong><\/p>\n<p>U gornjem dijelu toka ja\u010de je strujanje, dok nizvodno rijeka usporava tok, pri \u010demu stvara ujezerene dijelove, mije\u0161aju\u0107i se na kraju s morskom vodom.<\/p>\n<p>Dva su ciljna stani\u0161na tipa, Sedrene barijere kr\u0161kih rijeka Dinarida (Natura 32A0) i Vodni tokovi s vegetacijom <em>Ranunculion fluitantis<\/em> i Callitricho-Batrachion (Natura 3260), u sklopu kojega je prepoznata i vrlo va\u017ena vrsta, puzavi celer (<em>Apium repens<\/em>).<\/p>\n<p>Na rije\u010dnim obalama razvijeni su vla\u017eni i mo\u010dvarni travnjaci, koji kriju razli\u010dite vrste \u017eabnjaka, poput strogo za\u0161ti\u0107enog velikog \u017eabnjaka (<em>Ranunculus lingua<\/em>), ciljne vrste livadnog procjepka (<em>Chouardia litardierei<\/em>), kriti\u010dno ugro\u017eene (CR) rigaste bekmanije (<em>Beckmannia eruciformis<\/em>) i ostalih zna\u010dajnih vrsta.<\/p>\n<p>Mo\u010dvarnu vegetaciju izgra\u0111uju visoki \u0161a\u0161evi, na koje se nastavljaju tr\u0161\u0107aci, karakterizirani zajednicom obi\u010dnog obli\u0107a i trske (Scirpo-Phragmitetum mediterraneum). U dubljim, sporoteku\u0107im ili staja\u0107im dijelovima rijeke razvijaju se zajednice vodenjara, bijelog lopo\u010da (<em>Nymphaea alba<\/em>) i \u017eutog lokvanja (<em>Nuphar lutea<\/em>).<\/p>\n<p>Vrijedan je i nalaz strogo za\u0161ti\u0107enog vi\u0161esjemenog \u017eabo\u010duna (<em>Damasonium polyspermum<\/em>) unutar prioritetnog stani\u0161nog tipa Mediteranske povremene lokve (Natura 3170*).<\/p>\n<p>Osim navedenih vrsta, na tim vrijednim stani\u0161tima nalazimo i mnoge druge ugro\u017eene, strogo za\u0161ti\u0107ene i endemske vrste.<\/p>\n<div class=\"fotorama rounded-lg  shadow lblue-bg mt-5   \" data-width=\"100%\" data-ratio=\"16\/10\"  data-nav=\"thumbs\" data-autoplay=\"true\" data-arrows=\"true\" data-transition=\"crossfade\"><img decoding=\"async\" src=\"https:\/\/npkrka.hr\/wp-content\/uploads\/Vodena-i-mocvarna-stanista-livadni-procjepak-2-scaled.jpg\" width=\"100%\" \/><img decoding=\"async\" src=\"https:\/\/npkrka.hr\/wp-content\/uploads\/Vodena-i-mocvarna-stanista-livadni-procjepak-scaled.jpg\" width=\"100%\" \/><img decoding=\"async\" src=\"https:\/\/npkrka.hr\/wp-content\/uploads\/Vodena-i-mocvarna-stanista-2-scaled.jpg\" width=\"100%\" \/><img decoding=\"async\" src=\"https:\/\/npkrka.hr\/wp-content\/uploads\/Vodena-i-mocvarna-stanista-Ranunculus-lingua-2veliki-zabnjak-Milovic-scaled.jpg\" width=\"100%\" \/><img decoding=\"async\" src=\"https:\/\/npkrka.hr\/wp-content\/uploads\/Vodena-i-mocvarna-stanista-3-scaled.jpg\" width=\"100%\" \/><img decoding=\"async\" src=\"https:\/\/npkrka.hr\/wp-content\/uploads\/Vodena-i-mocvarna-stanista-S.-erectum-scaled.jpg\" width=\"100%\" \/><img decoding=\"async\" src=\"https:\/\/npkrka.hr\/wp-content\/uploads\/Vodena-i-mocvarna-stanista-lopoc-2-scaled.jpg\" width=\"100%\" \/><img decoding=\"async\" src=\"https:\/\/npkrka.hr\/wp-content\/uploads\/Vodena-i-mocvarna-stanista-lopoc-1-scaled.jpg\" width=\"100%\" \/><img decoding=\"async\" src=\"https:\/\/npkrka.hr\/wp-content\/uploads\/Vodena-i-mocvarna-stanista-lopoc-3-scaled.jpg\" width=\"100%\" \/><img decoding=\"async\" src=\"https:\/\/npkrka.hr\/wp-content\/uploads\/Vodena-i-mocvarna-stanista-berula-erecta5-scaled.jpg\" width=\"100%\" \/><img decoding=\"async\" src=\"https:\/\/npkrka.hr\/wp-content\/uploads\/Vodena-i-mocvarna-stanista-1-scaled.jpg\" width=\"100%\" \/><\/div><p>&nbsp;<\/p>\n","protected":false},"excerpt":{"rendered":"<p>Rijeka Krka obiluje razli\u010ditim tipovima vodenih stani\u0161ta zahvaljuju\u0107i razlici u brzini strujanja vode.<\/p>\n","protected":false},"author":1,"featured_media":3031,"parent":3014,"menu_order":0,"comment_status":"closed","ping_status":"closed","template":"","meta":{"footnotes":""},"class_list":["post-3022","page","type-page","status-publish","has-post-thumbnail","hentry"],"_links":{"self":[{"href":"https:\/\/npkrka.hr\/hr\/wp-json\/wp\/v2\/pages\/3022","targetHints":{"allow":["GET"]}}],"collection":[{"href":"https:\/\/npkrka.hr\/hr\/wp-json\/wp\/v2\/pages"}],"about":[{"href":"https:\/\/npkrka.hr\/hr\/wp-json\/wp\/v2\/types\/page"}],"author":[{"embeddable":true,"href":"https:\/\/npkrka.hr\/hr\/wp-json\/wp\/v2\/users\/1"}],"replies":[{"embeddable":true,"href":"https:\/\/npkrka.hr\/hr\/wp-json\/wp\/v2\/comments?post=3022"}],"version-history":[{"count":0,"href":"https:\/\/npkrka.hr\/hr\/wp-json\/wp\/v2\/pages\/3022\/revisions"}],"up":[{"embeddable":true,"href":"https:\/\/npkrka.hr\/hr\/wp-json\/wp\/v2\/pages\/3014"}],"wp:featuredmedia":[{"embeddable":true,"href":"https:\/\/npkrka.hr\/hr\/wp-json\/wp\/v2\/media\/3031"}],"wp:attachment":[{"href":"https:\/\/npkrka.hr\/hr\/wp-json\/wp\/v2\/media?parent=3022"}],"curies":[{"name":"wp","href":"https:\/\/api.w.org\/{rel}","templated":true}]}}