{"id":3001,"date":"2022-08-09T18:21:30","date_gmt":"2022-08-09T16:21:30","guid":{"rendered":"https:\/\/www.npkrka.hr\/?page_id=3001"},"modified":"2022-09-27T13:37:19","modified_gmt":"2022-09-27T11:37:19","slug":"sisavci","status":"publish","type":"page","link":"https:\/\/npkrka.hr\/hr\/prirodna-bastina\/zivotinjski-svijet-parka\/sisavci\/","title":{"rendered":"Sisavci"},"content":{"rendered":"<p><strong>Fauna sisavaca zastupljena je sa \u0161esnaest zabilje\u017eenih porodica, od kojih je najbrojnija Vespertilionidae iz reda \u0161i\u0161mi\u0161a (Chiroptera). <\/strong><\/p>\n<p>Dvije su vrste koje se unutar granica Parka pojavljuju povremeno: divokoza (<em>Rupicapra rupicapra<\/em>) i srna (<em>Capreolus capreolus<\/em>).<\/p>\n<p>Natura ciljnih vrsta ukupno je deset: vidra (<em>Lutra lutra<\/em>) i devet vrsta <a href=\"https:\/\/www.npkrka.hr\/hr\/prirodna-bastina\/geologija\/podzemni-svijet-krsa\/podzemni-svijet-krsa-sismisi\/\">\u0161i\u0161mi\u0161a<\/a>, od kojih status osjetljivih (VU) imaju tri vrste: ju\u017eni potkovnjak (<em>Rhinolophus euryale<\/em>), Blazijev potkovnjak (<em>Rhinolophus blasii<\/em>) i velikouhi \u0161i\u0161mi\u0161 (<em>Myotis bechsteinii<\/em>), dok status ugro\u017eene (EN) imaju dvije vrste: dugokrili pr\u0161njak (<em>Minopterus schreibersii<\/em>) i dugonogi \u0161i\u0161mi\u0161 (<em>Myotis capaccinii<\/em>). \u0160pilja Miljacka II najve\u0107a je poznata kolonija u Europi, s oko sedam tisu\u0107a jedinki. Uz dugonogog \u0161i\u0161mi\u0161a, u njoj \u017eivi jo\u0161 pet vrsta.<\/p>\n<p>Prisutnost vidre evidentirana je du\u017e cijelog toka, a brojnost populacije za sada je nepoznata. Od ostalih sisavaca valja naglasiti i dvije strogo za\u0161ti\u0107ene vrste: vuka (<em>Canis lupus<\/em>) i divlju ma\u010dku (<em>Felis silvestris<\/em>), koja naj\u010de\u0161\u0107e obitava u \u0161umskim zajednicama hrasta medunca i bijelog graba.<\/p>\n<div class=\"fotorama rounded-lg  shadow lblue-bg mt-5   \" data-width=\"100%\" data-ratio=\"16\/10\"  data-nav=\"thumbs\" data-autoplay=\"true\" data-arrows=\"true\" data-transition=\"crossfade\"><img decoding=\"async\" src=\"https:\/\/npkrka.hr\/wp-content\/uploads\/Sisavci-sismisi-capaccinii_schreibersii_hamidovic-1-scaled.jpg\" width=\"100%\" \/><img decoding=\"async\" src=\"https:\/\/npkrka.hr\/wp-content\/uploads\/Sisavci-divlja-macka2-2-scaled.jpg\" width=\"100%\" \/><img decoding=\"async\" src=\"https:\/\/npkrka.hr\/wp-content\/uploads\/Sisavci-vukovi-scaled.jpg\" width=\"100%\" \/><img decoding=\"async\" src=\"https:\/\/npkrka.hr\/wp-content\/uploads\/Sisavci-divlja-macka2-1-scaled.jpg\" width=\"100%\" \/><img decoding=\"async\" src=\"https:\/\/npkrka.hr\/wp-content\/uploads\/Sisavci-divokoza-2-scaled.jpg\" width=\"100%\" \/><img decoding=\"async\" src=\"https:\/\/npkrka.hr\/wp-content\/uploads\/Sisavci-jazavac1-scaled.jpg\" width=\"100%\" \/><\/div><p>&nbsp;<\/p>\n","protected":false},"excerpt":{"rendered":"<p>Fauna sisavaca zastupljena je sa \u0161esnaest zabilje\u017eenih porodica, od kojih je najbrojnija Vespertilionidae iz reda \u0161i\u0161mi\u0161a (Chiroptera).<\/p>\n","protected":false},"author":1,"featured_media":3006,"parent":158,"menu_order":6,"comment_status":"closed","ping_status":"closed","template":"","meta":{"footnotes":""},"class_list":["post-3001","page","type-page","status-publish","has-post-thumbnail","hentry"],"_links":{"self":[{"href":"https:\/\/npkrka.hr\/hr\/wp-json\/wp\/v2\/pages\/3001","targetHints":{"allow":["GET"]}}],"collection":[{"href":"https:\/\/npkrka.hr\/hr\/wp-json\/wp\/v2\/pages"}],"about":[{"href":"https:\/\/npkrka.hr\/hr\/wp-json\/wp\/v2\/types\/page"}],"author":[{"embeddable":true,"href":"https:\/\/npkrka.hr\/hr\/wp-json\/wp\/v2\/users\/1"}],"replies":[{"embeddable":true,"href":"https:\/\/npkrka.hr\/hr\/wp-json\/wp\/v2\/comments?post=3001"}],"version-history":[{"count":0,"href":"https:\/\/npkrka.hr\/hr\/wp-json\/wp\/v2\/pages\/3001\/revisions"}],"up":[{"embeddable":true,"href":"https:\/\/npkrka.hr\/hr\/wp-json\/wp\/v2\/pages\/158"}],"wp:featuredmedia":[{"embeddable":true,"href":"https:\/\/npkrka.hr\/hr\/wp-json\/wp\/v2\/media\/3006"}],"wp:attachment":[{"href":"https:\/\/npkrka.hr\/hr\/wp-json\/wp\/v2\/media?parent=3001"}],"curies":[{"name":"wp","href":"https:\/\/api.w.org\/{rel}","templated":true}]}}