{"id":2976,"date":"2022-08-09T18:19:04","date_gmt":"2022-08-09T16:19:04","guid":{"rendered":"https:\/\/www.npkrka.hr\/?page_id=2976"},"modified":"2022-09-27T13:35:52","modified_gmt":"2022-09-27T11:35:52","slug":"ptice","status":"publish","type":"page","link":"https:\/\/npkrka.hr\/hr\/prirodna-bastina\/zivotinjski-svijet-parka\/ptice\/","title":{"rendered":"Ptice"},"content":{"rendered":"<p><strong>Ptice \u010dine va\u017ean dio ukupne bioraznolikosti rijeke Krke. Sa zabilje\u017eenih dvjesto dvadeset devet pti\u010djih vrsta, podru\u010dje NP \u201eKrka\u201c me\u0111u najbogatijim je ornitolo\u0161kim podru\u010djima u Hrvatskoj, va\u017eno kao odmori\u0161te za ptice preletnice, ali i za zimovalice. <\/strong><\/p>\n<p>U kopnenim stani\u0161tima zabilje\u017eene su sto \u010detrdeset dvije vrste ptica, od toga devedeset jedna gnjezdarica. Naj\u010de\u0161\u0107e vrste na tim stani\u0161tima jesu crnogrla strnadica (<em>Emberiza cirlus<\/em>), crnoglava strnadica (<em>Emberiza melanocephala<\/em>) i bjelobrka grmu\u0161a (<em>Sylvia cantillans<\/em>). Kamenjarski travnjaci stani\u0161te su trideset jedne vrste ptica, me\u0111u kojima je najbrojnija primorska trepteljka (<em>Anthus campestris<\/em>), dok su na dijelovima obraslim gustom sastojinom \u0161mrike i alepskog bora zabilje\u017eene \u010detrdeset dvije vrste, me\u0111u kojima se isti\u010du grmu\u0161e (<em>Sylvia<\/em> sp.). Kamenjari i sipari na rubovima kanjona stani\u0161te su osamnaest vrsta, me\u0111u kojima je tipi\u010dna jarebica kamenjarka (<em>Alectoris graeca<\/em>). \u0160ume hrasta medunca uz obale Visova\u010dkog jezera stani\u0161te su trideset pet vrsta, a najzastupljenije su vijoglav (<em>Jynx torquilla<\/em>), plavetna sjenica (<em>Cyanistes caeruleus<\/em>), \u0161ojka (<em>Garrulus glandarius<\/em>), \u017eutarica (<em>Serinus serinus<\/em>) i dr. Stijene i litice naseljavaju dvadeset dvije vrste, dok su urbana podru\u010dja stani\u0161ta \u0161ezdeset pet vrsta, od toga \u010detrdeset devet gnjezdarica, od kojih su najbrojnije lastavica (<em>Hirundo rustica<\/em>), piljak (<em>Delichon urbicum<\/em>) i vrapci (<em>Passer<\/em> sp.). Na vodenim stani\u0161tima zabilje\u017eeno je devedeset vrsta ptica: dvadeset pet vrsta gnjezdarica, pedeset vrsta selica i petnaest vrsta zimovalica. Najbrojnija vrsta je liska (<em>Fulica atra<\/em>).<\/p>\n<p>Od sredine 20 st. s podru\u010dja Parka nestalo je \u0161est ptica grabljivica: crkavica (<em>Neophron percnopterus<\/em>), bjeloglavi sup (<em>Gyps fulvus<\/em>), suri orao (<em>Aquila chrysaetos<\/em>), prugasti orao (<em>Aquila fasciata<\/em>), bjelonokta vjetru\u0161a (<em>Falco naumanni<\/em>) i sivi sokol (<em>Falco pelegrinus<\/em>).<\/p>\n<div class=\"fotorama rounded-lg  shadow lblue-bg mt-5   \" data-width=\"100%\" data-ratio=\"16\/10\"  data-nav=\"thumbs\" data-autoplay=\"true\" data-arrows=\"true\" data-transition=\"crossfade\"><img decoding=\"async\" src=\"https:\/\/npkrka.hr\/wp-content\/uploads\/Ptice-3-scaled.jpg\" width=\"100%\" \/><img decoding=\"async\" src=\"https:\/\/npkrka.hr\/wp-content\/uploads\/Ptice-Vjetrusa-scaled.jpg\" width=\"100%\" \/><img decoding=\"async\" src=\"https:\/\/npkrka.hr\/wp-content\/uploads\/Ptice-Veliki-vranac-scaled.jpg\" width=\"100%\" \/><img decoding=\"async\" src=\"https:\/\/npkrka.hr\/wp-content\/uploads\/Ptice-Sova-scaled.jpg\" width=\"100%\" \/><img decoding=\"async\" src=\"https:\/\/npkrka.hr\/wp-content\/uploads\/Ptice-lastavica-scaled.jpg\" width=\"100%\" \/><img decoding=\"async\" src=\"https:\/\/npkrka.hr\/wp-content\/uploads\/Ptice-Pupavac-scaled.jpg\" width=\"100%\" \/><img decoding=\"async\" src=\"https:\/\/npkrka.hr\/wp-content\/uploads\/Ptice-vodenkos-scaled.jpg\" width=\"100%\" \/><img decoding=\"async\" src=\"https:\/\/npkrka.hr\/wp-content\/uploads\/Ptice-Patke-scaled.jpg\" width=\"100%\" \/><img decoding=\"async\" src=\"https:\/\/npkrka.hr\/wp-content\/uploads\/Ptice-1-scaled.jpg\" width=\"100%\" \/><img decoding=\"async\" src=\"https:\/\/npkrka.hr\/wp-content\/uploads\/Ptice-scaled.jpg\" width=\"100%\" \/><img decoding=\"async\" src=\"https:\/\/npkrka.hr\/wp-content\/uploads\/Ptice-gugutka-scaled.jpg\" width=\"100%\" \/><img decoding=\"async\" src=\"https:\/\/npkrka.hr\/wp-content\/uploads\/Ptice-Siva-caplja-scaled.jpg\" width=\"100%\" \/><img decoding=\"async\" src=\"https:\/\/npkrka.hr\/wp-content\/uploads\/Ptice-Divlja-patka-scaled.jpg\" width=\"100%\" \/><img decoding=\"async\" src=\"https:\/\/npkrka.hr\/wp-content\/uploads\/Ptice-zelendur-scaled.jpg\" width=\"100%\" \/><img decoding=\"async\" src=\"https:\/\/npkrka.hr\/wp-content\/uploads\/Ptice-plavetna-sjenica-scaled.jpg\" width=\"100%\" \/><img decoding=\"async\" src=\"https:\/\/npkrka.hr\/wp-content\/uploads\/Ptice-2-scaled.jpg\" width=\"100%\" \/><img decoding=\"async\" src=\"https:\/\/npkrka.hr\/wp-content\/uploads\/Ptice-krivokljuna-prutka-scaled.jpg\" width=\"100%\" \/><img decoding=\"async\" src=\"https:\/\/npkrka.hr\/wp-content\/uploads\/Ptice-zuta-pastirica-scaled.jpg\" width=\"100%\" \/><img decoding=\"async\" src=\"https:\/\/npkrka.hr\/wp-content\/uploads\/Ptice-bijela-pastirica-scaled.jpg\" width=\"100%\" \/><\/div><p>&nbsp;<\/p>\n","protected":false},"excerpt":{"rendered":"<p>Ptice \u010dine va\u017ean dio ukupne bioraznolikosti rijeke Krke. Sa zabilje\u017eenih dvjesto dvadeset devet pti\u010djih vrsta, podru\u010dje NP \u201eKrka\u201c me\u0111u najbogatijim je ornitolo\u0161kim podru\u010djima u Hrvatskoj, va\u017eno kao odmori\u0161te za ptice preletnice, ali i za zimovalice.<\/p>\n","protected":false},"author":1,"featured_media":2979,"parent":158,"menu_order":5,"comment_status":"closed","ping_status":"closed","template":"","meta":{"footnotes":""},"class_list":["post-2976","page","type-page","status-publish","has-post-thumbnail","hentry"],"_links":{"self":[{"href":"https:\/\/npkrka.hr\/hr\/wp-json\/wp\/v2\/pages\/2976","targetHints":{"allow":["GET"]}}],"collection":[{"href":"https:\/\/npkrka.hr\/hr\/wp-json\/wp\/v2\/pages"}],"about":[{"href":"https:\/\/npkrka.hr\/hr\/wp-json\/wp\/v2\/types\/page"}],"author":[{"embeddable":true,"href":"https:\/\/npkrka.hr\/hr\/wp-json\/wp\/v2\/users\/1"}],"replies":[{"embeddable":true,"href":"https:\/\/npkrka.hr\/hr\/wp-json\/wp\/v2\/comments?post=2976"}],"version-history":[{"count":0,"href":"https:\/\/npkrka.hr\/hr\/wp-json\/wp\/v2\/pages\/2976\/revisions"}],"up":[{"embeddable":true,"href":"https:\/\/npkrka.hr\/hr\/wp-json\/wp\/v2\/pages\/158"}],"wp:featuredmedia":[{"embeddable":true,"href":"https:\/\/npkrka.hr\/hr\/wp-json\/wp\/v2\/media\/2979"}],"wp:attachment":[{"href":"https:\/\/npkrka.hr\/hr\/wp-json\/wp\/v2\/media?parent=2976"}],"curies":[{"name":"wp","href":"https:\/\/api.w.org\/{rel}","templated":true}]}}