{"id":2965,"date":"2022-08-09T17:54:55","date_gmt":"2022-08-09T15:54:55","guid":{"rendered":"https:\/\/www.npkrka.hr\/?page_id=2965"},"modified":"2022-08-09T17:54:55","modified_gmt":"2022-08-09T15:54:55","slug":"reptiles","status":"publish","type":"page","link":"https:\/\/npkrka.hr\/hr\/prirodna-bastina\/zivotinjski-svijet-parka\/reptiles\/","title":{"rendered":"Gmazovi"},"content":{"rendered":"<p><strong>Gmazovi su na podru\u010dju NP \u201eKrka\u201c zastupljeni s dvadeset dvije vrste, od kojih je \u0161esnaest strogo za\u0161ti\u0107eno. <\/strong><\/p>\n<p>Me\u0111u endemima Balkanskog poluotoka isti\u010du se tri vrste gu\u0161tera: kr\u0161ka gu\u0161terica (<em>Podarcis melisellensis<\/em>), mrki ljuskavi gu\u0161ter (<em>Algyroides nigropunctatus<\/em>) i o\u0161troglava gu\u0161terica (<em>Lacerta oxycephala<\/em>). Pa\u017enju svojom bojom privla\u010di i atraktivni veliki zelemba\u0107 (<em>Lacerta trilineata<\/em>), koji u duljinu mo\u017ee narasti vi\u0161e od pola metra.<\/p>\n<p>U skupini gmazova tri su Natura ciljne vrste: barska kornja\u010da (<em>Emys orbicularis<\/em>), kopnena kornja\u010da (<em>Testudo hermanni<\/em>) i crvenkrpica (<em>Zamenis situla<\/em>), najljep\u0161a zmija u Hrvatskoj.<\/p>\n<p>Dvije vrste zmija vezane su za vodena stani\u0161ta: bjelou\u0161ka (<em>Natrix natrix<\/em>) i ribarica (<em>Natrix tessellata<\/em>). U Parku je samo jedna zmija otrovnica, poskok (<em>Vipera ammodytes<\/em>), prepoznatljiv po karakteristi\u010dnoj cik-cak prugi na le\u0111ima i ro\u0161\u010di\u0107u na vrhu nosa.<\/p>\n<div class=\"fotorama rounded-lg  shadow lblue-bg mt-5   \" data-width=\"100%\" data-ratio=\"16\/10\"  data-nav=\"thumbs\" data-autoplay=\"true\" data-arrows=\"true\" data-transition=\"crossfade\"><img decoding=\"async\" src=\"https:\/\/npkrka.hr\/wp-content\/uploads\/Gmazovi-sara-poljarica2-scaled.jpg\" width=\"100%\" \/><img decoding=\"async\" src=\"https:\/\/npkrka.hr\/wp-content\/uploads\/Gmazovi-barska-kornjaca-E.-orbicularis1-scaled.jpg\" width=\"100%\" \/><img decoding=\"async\" src=\"https:\/\/npkrka.hr\/wp-content\/uploads\/Gmazovi-guster-scaled.jpg\" width=\"100%\" \/><img decoding=\"async\" src=\"https:\/\/npkrka.hr\/wp-content\/uploads\/Gmazovi-cancara2-scaled.jpg\" width=\"100%\" \/><img decoding=\"async\" src=\"https:\/\/npkrka.hr\/wp-content\/uploads\/Gmazovi-Poskok-scaled.jpg\" width=\"100%\" \/><img decoding=\"async\" src=\"https:\/\/npkrka.hr\/wp-content\/uploads\/Gmazovi-sara-poljarica1-scaled.jpg\" width=\"100%\" \/><img decoding=\"async\" src=\"https:\/\/npkrka.hr\/wp-content\/uploads\/Gmazovi-Ribarica-scaled.jpg\" width=\"100%\" \/><\/div><p>&nbsp;<\/p>\n","protected":false},"excerpt":{"rendered":"<p>Gmazovi su na podru\u010dju NP \u201eKrka\u201c zastupljeni s dvadeset dvije vrste, od kojih je \u0161esnaest strogo za\u0161ti\u0107eno.<\/p>\n","protected":false},"author":1,"featured_media":2970,"parent":158,"menu_order":3,"comment_status":"closed","ping_status":"closed","template":"","meta":{"footnotes":""},"class_list":["post-2965","page","type-page","status-publish","has-post-thumbnail","hentry"],"_links":{"self":[{"href":"https:\/\/npkrka.hr\/hr\/wp-json\/wp\/v2\/pages\/2965","targetHints":{"allow":["GET"]}}],"collection":[{"href":"https:\/\/npkrka.hr\/hr\/wp-json\/wp\/v2\/pages"}],"about":[{"href":"https:\/\/npkrka.hr\/hr\/wp-json\/wp\/v2\/types\/page"}],"author":[{"embeddable":true,"href":"https:\/\/npkrka.hr\/hr\/wp-json\/wp\/v2\/users\/1"}],"replies":[{"embeddable":true,"href":"https:\/\/npkrka.hr\/hr\/wp-json\/wp\/v2\/comments?post=2965"}],"version-history":[{"count":0,"href":"https:\/\/npkrka.hr\/hr\/wp-json\/wp\/v2\/pages\/2965\/revisions"}],"up":[{"embeddable":true,"href":"https:\/\/npkrka.hr\/hr\/wp-json\/wp\/v2\/pages\/158"}],"wp:featuredmedia":[{"embeddable":true,"href":"https:\/\/npkrka.hr\/hr\/wp-json\/wp\/v2\/media\/2970"}],"wp:attachment":[{"href":"https:\/\/npkrka.hr\/hr\/wp-json\/wp\/v2\/media?parent=2965"}],"curies":[{"name":"wp","href":"https:\/\/api.w.org\/{rel}","templated":true}]}}