{"id":2953,"date":"2022-08-09T17:40:50","date_gmt":"2022-08-09T15:40:50","guid":{"rendered":"https:\/\/www.npkrka.hr\/?page_id=2953"},"modified":"2022-09-27T13:34:50","modified_gmt":"2022-09-27T11:34:50","slug":"vodozemci","status":"publish","type":"page","link":"https:\/\/npkrka.hr\/hr\/prirodna-bastina\/zivotinjski-svijet-parka\/vodozemci\/","title":{"rendered":"Vodozemci"},"content":{"rendered":"<p><strong>Skupina vodozemaca \u017eivotnim ciklusom vezana je za vodu. Izuzetno su osjetljivi na one\u010di\u0161\u0107enje, \u0161to ih \u010dini izvrsnim bioindikatorima. <\/strong><\/p>\n<p>Od zabilje\u017eenih devet vrsta vodozemaca, najte\u017ee mo\u017eemo uo\u010diti pjegavog da\u017edevnjaka (<em>Salamandra salamandra<\/em>), skrovitu \u017eivotinju vla\u017enih mra\u010dnih \u0161uma, dok uz obale rijeke naj\u010de\u0161\u0107e mo\u017eemo vidjeti najbrojniju vrstu, veliku zelenu \u017eabu (<em>Pelophylax ridibundus<\/em>). U prolje\u0107e, u vrijeme razmno\u017eavanja, u okolnim barama mogu se vidjeti krasta\u010da (<em>Bufo bufo<\/em>) i zelena krasta\u010da (<em>Bufo viridis<\/em>).<\/p>\n<p>U lokvama gornjeg dijela toka \u017eivi mali vodenjak (<em>Lissotriton vulgaris<\/em>), du\u017e cijelog Parka u kro\u0161njama drve\u0107a mo\u017ee se \u010duti glasanje gatalinke (<em>Hyla arborea<\/em>), jedne od najmanjih europskih \u017eaba, a na vla\u017enim livadama, uz rubove \u0161uma i u tr\u0161\u0107acima uz rijeku mo\u017eemo na\u0107i \u0161umsku sme\u0111u \u017eabu (<em>Rana dalmatina<\/em>), aktivnu uglavnom danju i u sumrak, a posebice po ki\u0161i.<\/p>\n<p>Vrijednost fauni vodozemaca pridonosi Natura vrsta, <a href=\"https:\/\/www.npkrka.hr\/hr\/prirodna-bastina\/geologija\/podzemni-svijet-krsa\/covjecja-ribica\/\">\u010dovje\u010dja ribica<\/a> (<em>Proteus anguinus<\/em>), koja je endem Dinarida. Populacije ovog stigobionta obitavaju u \u0161piljama na podru\u010dju Miljacka slapa i u Jami nasuprot Torku. \u010covje\u010dja ribica ugro\u017eena je vrsta (EN).<\/p>\n<div class=\"fotorama rounded-lg  shadow lblue-bg mt-5   \" data-width=\"100%\" data-ratio=\"16\/10\"  data-nav=\"thumbs\" data-autoplay=\"true\" data-arrows=\"true\" data-transition=\"crossfade\"><img decoding=\"async\" src=\"https:\/\/npkrka.hr\/wp-content\/uploads\/Vodozemci-Bufo-bufo-smeda-krastaca-scaled.jpg\" width=\"100%\" \/><img decoding=\"async\" src=\"https:\/\/npkrka.hr\/wp-content\/uploads\/Vodozemci-sumska-smeda-zaba-scaled.jpg\" width=\"100%\" \/><img decoding=\"async\" src=\"https:\/\/npkrka.hr\/wp-content\/uploads\/Vodozemci-covjecja-ribica-foto-B-Jalzic.jpg\" width=\"100%\" \/><img decoding=\"async\" src=\"https:\/\/npkrka.hr\/wp-content\/uploads\/Vodozemci-Jama-nasuprot-Tork-a-2-foto-B-Jalzic-scaled.jpg\" width=\"100%\" \/><img decoding=\"async\" src=\"https:\/\/npkrka.hr\/wp-content\/uploads\/Vodozemci-Pelophylax-ridibundus-velika-zelena-zaba-scaled.jpg\" width=\"100%\" \/><img decoding=\"async\" src=\"https:\/\/npkrka.hr\/wp-content\/uploads\/Vodozemci-Velika-zelena-zaba-scaled.jpg\" width=\"100%\" \/><\/div><p>&nbsp;<\/p>\n","protected":false},"excerpt":{"rendered":"<p>Skupina vodozemaca \u017eivotnim ciklusom vezana je za vodu. Izuzetno su osjetljivi na one\u010di\u0161\u0107enje, \u0161to ih \u010dini izvrsnim bioindikatorima.<\/p>\n","protected":false},"author":1,"featured_media":2956,"parent":158,"menu_order":2,"comment_status":"closed","ping_status":"closed","template":"","meta":{"footnotes":""},"class_list":["post-2953","page","type-page","status-publish","has-post-thumbnail","hentry"],"_links":{"self":[{"href":"https:\/\/npkrka.hr\/hr\/wp-json\/wp\/v2\/pages\/2953","targetHints":{"allow":["GET"]}}],"collection":[{"href":"https:\/\/npkrka.hr\/hr\/wp-json\/wp\/v2\/pages"}],"about":[{"href":"https:\/\/npkrka.hr\/hr\/wp-json\/wp\/v2\/types\/page"}],"author":[{"embeddable":true,"href":"https:\/\/npkrka.hr\/hr\/wp-json\/wp\/v2\/users\/1"}],"replies":[{"embeddable":true,"href":"https:\/\/npkrka.hr\/hr\/wp-json\/wp\/v2\/comments?post=2953"}],"version-history":[{"count":0,"href":"https:\/\/npkrka.hr\/hr\/wp-json\/wp\/v2\/pages\/2953\/revisions"}],"up":[{"embeddable":true,"href":"https:\/\/npkrka.hr\/hr\/wp-json\/wp\/v2\/pages\/158"}],"wp:featuredmedia":[{"embeddable":true,"href":"https:\/\/npkrka.hr\/hr\/wp-json\/wp\/v2\/media\/2956"}],"wp:attachment":[{"href":"https:\/\/npkrka.hr\/hr\/wp-json\/wp\/v2\/media?parent=2953"}],"curies":[{"name":"wp","href":"https:\/\/api.w.org\/{rel}","templated":true}]}}