{"id":2948,"date":"2022-08-09T17:37:45","date_gmt":"2022-08-09T15:37:45","guid":{"rendered":"https:\/\/www.npkrka.hr\/?page_id=2948"},"modified":"2022-08-09T17:38:01","modified_gmt":"2022-08-09T15:38:01","slug":"ribe","status":"publish","type":"page","link":"https:\/\/npkrka.hr\/hr\/prirodna-bastina\/zivotinjski-svijet-parka\/ribe\/","title":{"rendered":"Ribe"},"content":{"rendered":"<p><strong>U rijeci Krki \u017eivi trideset jedna vrsta riba, \u0161to je 20,7 % ukupnog broja riba zabilje\u017eenih u Hrvatskoj. <\/strong><\/p>\n<p>Gornji tok Krke podru\u010dje je hladne i brze vode, u kojem prevladavaju pastrve. U donjem toku rijeka ima sporiji tok i ujezerene dijelove, u kojima prevladavaju \u0161aranke. U ihtiomasi dominiraju ilirski klen (<em>Squalius illyricus<\/em>) i drlja (<em>Scardinius dergle<\/em>).<\/p>\n<p>Devet vrsta su endemi jadranskog slijeva, a tri stenoendemi rijeke Krke, od kojih je kriti\u010dno ugro\u017eena vrsta (CR) visova\u010dki glavo\u010di\u0107 (<em>Knipowitschia mrakovcici<\/em>), a ugro\u017eene vrste (EN) visova\u010dka pastrva (<em>Salmo visovacensis<\/em>) i zlousta (<em>Salmothymus obtusirostris<\/em>).<\/p>\n<p>\u010cetiri su Natura ciljne vrste: osjetljiva vrsta (VU) dalmatinska gaovica (<em>Phoxinellus dalmaticus<\/em>) i ugro\u017eene vrste (EN) o\u0161trulja (<em>Aulopyge huegelii<\/em>), mren (<em>Barbus plebejus<\/em>) i glavo\u010di\u0107 crnotrus (<em>Pomatoschistus canestrinii<\/em>).<\/p>\n<p>Posljednjih godina do\u0161lo je do promjena u ribljem fondu i pojave invazivnih vrsta, unesenih iz dunavskog slijeva. NP \u201eKrka\u201c intenzivno radi na njihovom izlovu u suradnji s lokalnim stanovni\u0161tvom.<\/p>\n<p>\u00a0<\/p>\n","protected":false},"excerpt":{"rendered":"<p>U rijeci Krki \u017eivi trideset jedna vrsta riba, \u0161to je 20,7 % ukupnog broja riba zabilje\u017eenih u Hrvatskoj.<\/p>\n","protected":false},"author":1,"featured_media":2834,"parent":158,"menu_order":1,"comment_status":"closed","ping_status":"closed","template":"","meta":{"footnotes":""},"class_list":["post-2948","page","type-page","status-publish","has-post-thumbnail","hentry"],"_links":{"self":[{"href":"https:\/\/npkrka.hr\/hr\/wp-json\/wp\/v2\/pages\/2948","targetHints":{"allow":["GET"]}}],"collection":[{"href":"https:\/\/npkrka.hr\/hr\/wp-json\/wp\/v2\/pages"}],"about":[{"href":"https:\/\/npkrka.hr\/hr\/wp-json\/wp\/v2\/types\/page"}],"author":[{"embeddable":true,"href":"https:\/\/npkrka.hr\/hr\/wp-json\/wp\/v2\/users\/1"}],"replies":[{"embeddable":true,"href":"https:\/\/npkrka.hr\/hr\/wp-json\/wp\/v2\/comments?post=2948"}],"version-history":[{"count":0,"href":"https:\/\/npkrka.hr\/hr\/wp-json\/wp\/v2\/pages\/2948\/revisions"}],"up":[{"embeddable":true,"href":"https:\/\/npkrka.hr\/hr\/wp-json\/wp\/v2\/pages\/158"}],"wp:featuredmedia":[{"embeddable":true,"href":"https:\/\/npkrka.hr\/hr\/wp-json\/wp\/v2\/media\/2834"}],"wp:attachment":[{"href":"https:\/\/npkrka.hr\/hr\/wp-json\/wp\/v2\/media?parent=2948"}],"curies":[{"name":"wp","href":"https:\/\/api.w.org\/{rel}","templated":true}]}}