{"id":2923,"date":"2022-08-09T17:34:48","date_gmt":"2022-08-09T15:34:48","guid":{"rendered":"https:\/\/www.npkrka.hr\/?page_id=2923"},"modified":"2022-09-27T13:31:35","modified_gmt":"2022-09-27T11:31:35","slug":"beskraljesnjaci-kukci","status":"publish","type":"page","link":"https:\/\/npkrka.hr\/hr\/prirodna-bastina\/zivotinjski-svijet-parka\/beskraljesnjaci-kukci\/","title":{"rendered":"Beskralje\u0161njaci (kukci)"},"content":{"rendered":"<p><strong>Kao najbrojnija skupina \u017eivotinjskog svijeta, kukci (Insecta) svoju raznolikost pokazuju i u porje\u010dju rijeke Krke nastanjuju\u0107i i vodena i kopnena stani\u0161ta.<\/strong><\/p>\n<p>Istra\u017eivanjem vodenih kukaca zabilje\u017eeno je \u010detrnaest vrsta obal\u010dara (Plecoptera) od kojih je jedanaest strogo za\u0161ti\u0107eno, i pedeset osam vrsta tulara (Trichoptera). Od obal\u010dara, najrasprostranjenija vrsta je <em>Isoperla illyrica<\/em>, endem izvori\u0161nih podru\u010dja dinarskog kr\u0161a.<\/p>\n<p>Pa\u017enju privla\u010de \u017eivo obojena vretenca (Odonata), s trideset osam vrsta zabilje\u017eenih na razli\u010ditim tipovima vodenih stani\u0161ta. Najistaknutija me\u0111u njima jesu prugasta konjska smrt (<em>Calopteryx splendens<\/em>) i modra konjska smrt (<em>C. virgo<\/em>), uz br\u017ei tok vode, dok ujezerene dijelove i lokve naj\u010de\u0161\u0107e prelije\u0107u mali car (<em>Anax parthenope<\/em>), veliki car (<em>A. imperator<\/em>) i modra kosjenka (<em>Erythromma lindenii<\/em>).<\/p>\n<p>Od kopnenih stani\u0161ta, travnjaci su idealna stani\u0161ta za leptire, skakavce, bogomoljke i zrikavce. Danjih leptira je osamdeset jedna vrsta, a najbrojnija je porodica plavaca (Lycaenidae). U porodici bijelaca (Pieridae) isti\u010de se kleopatra (<em>Gonepteryx cleopatra<\/em>), \u010dija je populacija na podru\u010dju Skradinskog buka jedna od najve\u0107ih u Hrvatskoj. Skakavaca su prona\u0111ene dvadeset dvije vrste, zrikavaca \u010detrnaest, a bogomoljki tri, od kojih je naj\u010de\u0161\u0107a upravo <em>Mantis religiosa<\/em>.<\/p>\n<p>Fauna kornja\u0161a tako\u0111er je bogata i raznolika, a najbrojniji su oni iz porodice tr\u010daka (Carabidae) i kozaka (Dytiscidae). Dvije podvrste tr\u010daka, <em>Carabus caelatus dalmatinus<\/em> i <em>Palaeostigus ruficornis dalmatinus<\/em>, dalmatinski su endemi.<\/p>\n<div class=\"fotorama rounded-lg  shadow lblue-bg mt-5   \" data-width=\"100%\" data-ratio=\"16\/10\"  data-nav=\"thumbs\" data-autoplay=\"true\" data-arrows=\"true\" data-transition=\"crossfade\"><img decoding=\"async\" src=\"https:\/\/npkrka.hr\/wp-content\/uploads\/Beskraljesnjaci-leptiri-Lugar-Pararge-aegeria-scaled.jpg\" width=\"100%\" \/><img decoding=\"async\" src=\"https:\/\/npkrka.hr\/wp-content\/uploads\/Beskraljesnjaci-Drusus_sp_1-scaled.jpg\" width=\"100%\" \/><img decoding=\"async\" src=\"https:\/\/npkrka.hr\/wp-content\/uploads\/Beskraljesnjaci-leptiri-lastin-rep1-Papilio-machaon-scaled.jpg\" width=\"100%\" \/><img decoding=\"async\" src=\"https:\/\/npkrka.hr\/wp-content\/uploads\/Beskraljesnjaci-vretenca-1_Orthetrum_coerulescens_1-scaled.jpg\" width=\"100%\" \/><img decoding=\"async\" src=\"https:\/\/npkrka.hr\/wp-content\/uploads\/Beskraljesnjaci-leptiri-Pieris-sp.-scaled.jpg\" width=\"100%\" \/><img decoding=\"async\" src=\"https:\/\/npkrka.hr\/wp-content\/uploads\/Beskraljesnjaci-Bogomoljka-Mantis-religiosa-scaled.jpg\" width=\"100%\" \/><img decoding=\"async\" src=\"https:\/\/npkrka.hr\/wp-content\/uploads\/Beskraljesnjaci-leptiri-Zorica-Anthocharis-cardamines-scaled.jpg\" width=\"100%\" \/><img decoding=\"async\" src=\"https:\/\/npkrka.hr\/wp-content\/uploads\/Beskraljesnjaci-vretenca-2_Erythromma_viridulum_2-scaled.jpg\" width=\"100%\" \/><img decoding=\"async\" src=\"https:\/\/npkrka.hr\/wp-content\/uploads\/Beskraljesnjaci-Gonepteryx-sp.-scaled.jpg\" width=\"100%\" \/><img decoding=\"async\" src=\"https:\/\/npkrka.hr\/wp-content\/uploads\/Beskraljesnjaci-Bogomoljka-Mantis-religiosa-1-scaled.jpg\" width=\"100%\" \/><img decoding=\"async\" src=\"https:\/\/npkrka.hr\/wp-content\/uploads\/Beskraljesnjaci-leptiri-prugasto-jedarce1-Iphiclides-podalirius-scaled.jpg\" width=\"100%\" \/><img decoding=\"async\" src=\"https:\/\/npkrka.hr\/wp-content\/uploads\/Beskraljesnjaci-vretenca-2_Erythromma_viridulum_3-scaled.jpg\" width=\"100%\" \/><img decoding=\"async\" src=\"https:\/\/npkrka.hr\/wp-content\/uploads\/Beskraljesnjaci-vretenca-2_Erythromma_viridulum_1-scaled.jpg\" width=\"100%\" \/><img decoding=\"async\" src=\"https:\/\/npkrka.hr\/wp-content\/uploads\/Beskraljesnjaci-Odontocerum_albicorne_2-scaled.jpg\" width=\"100%\" \/><img decoding=\"async\" src=\"https:\/\/npkrka.hr\/wp-content\/uploads\/Beskraljesnjaci-vretenca-1_Orthetrum_coerulescens_2-scaled.jpg\" width=\"100%\" \/><img decoding=\"async\" src=\"https:\/\/npkrka.hr\/wp-content\/uploads\/Beskraljesnjaci-Odontocerum_albicorne_1-scaled.jpg\" width=\"100%\" \/><img decoding=\"async\" src=\"https:\/\/npkrka.hr\/wp-content\/uploads\/Beskraljesnjaci-Drusus_sp_3-scaled.jpg\" width=\"100%\" \/><img decoding=\"async\" src=\"https:\/\/npkrka.hr\/wp-content\/uploads\/Beskraljesnjaci-Dinocras_megacephala_1-scaled.jpg\" width=\"100%\" \/><img decoding=\"async\" src=\"https:\/\/npkrka.hr\/wp-content\/uploads\/Beskraljesnjaci-vretenca-1_Orthetrum_coerulescens_3-scaled.jpg\" width=\"100%\" \/><img decoding=\"async\" src=\"https:\/\/npkrka.hr\/wp-content\/uploads\/Beskraljesnjaci-zlatna-mara-2-scaled.jpg\" width=\"100%\" \/><img decoding=\"async\" src=\"https:\/\/npkrka.hr\/wp-content\/uploads\/Beskraljesnjaci-Velika-hrastova-strizibuba-Cerambyx-cerdo-scaled.jpg\" width=\"100%\" \/><\/div><p>&nbsp;<\/p>\n","protected":false},"excerpt":{"rendered":"<p>Kao najbrojnija skupina \u017eivotinjskog svijeta, kukci (Insecta) svoju raznolikost pokazuju i u porje\u010dju rijeke Krke nastanjuju\u0107i i vodena i kopnena stani\u0161ta.<\/p>\n","protected":false},"author":1,"featured_media":2941,"parent":158,"menu_order":0,"comment_status":"closed","ping_status":"closed","template":"","meta":{"footnotes":""},"class_list":["post-2923","page","type-page","status-publish","has-post-thumbnail","hentry"],"_links":{"self":[{"href":"https:\/\/npkrka.hr\/hr\/wp-json\/wp\/v2\/pages\/2923","targetHints":{"allow":["GET"]}}],"collection":[{"href":"https:\/\/npkrka.hr\/hr\/wp-json\/wp\/v2\/pages"}],"about":[{"href":"https:\/\/npkrka.hr\/hr\/wp-json\/wp\/v2\/types\/page"}],"author":[{"embeddable":true,"href":"https:\/\/npkrka.hr\/hr\/wp-json\/wp\/v2\/users\/1"}],"replies":[{"embeddable":true,"href":"https:\/\/npkrka.hr\/hr\/wp-json\/wp\/v2\/comments?post=2923"}],"version-history":[{"count":0,"href":"https:\/\/npkrka.hr\/hr\/wp-json\/wp\/v2\/pages\/2923\/revisions"}],"up":[{"embeddable":true,"href":"https:\/\/npkrka.hr\/hr\/wp-json\/wp\/v2\/pages\/158"}],"wp:featuredmedia":[{"embeddable":true,"href":"https:\/\/npkrka.hr\/hr\/wp-json\/wp\/v2\/media\/2941"}],"wp:attachment":[{"href":"https:\/\/npkrka.hr\/hr\/wp-json\/wp\/v2\/media?parent=2923"}],"curies":[{"name":"wp","href":"https:\/\/api.w.org\/{rel}","templated":true}]}}