{"id":2803,"date":"2022-08-09T16:26:27","date_gmt":"2022-08-09T14:26:27","guid":{"rendered":"https:\/\/www.npkrka.hr\/?page_id=2803"},"modified":"2022-09-27T13:24:22","modified_gmt":"2022-09-27T11:24:22","slug":"sedra","status":"publish","type":"page","link":"https:\/\/npkrka.hr\/hr\/prirodna-bastina\/sedra\/","title":{"rendered":"Sedra"},"content":{"rendered":"<p><strong><a href=\"https:\/\/www.npkrka.hr\/hr\/prirodna-bastina\/geologija\/kako-je-sve-pocelo-reljef\/kako-je-sve-pocelo-sedra\/\">Sedra<\/a> je naziv za kalcijev karbonat koji se u teku\u0107icama iz vode talo\u017ei na razli\u010dite podloge. Talo\u017eenje sedre dinami\u010dan je proces me\u0111usobnog djelovanja fizikalnih i kemijskih \u010dinilaca i \u017eivih organizama u vodi. <\/strong><\/p>\n<p>Sedrene tvorevine nastaju u vodi s velikom koncentracijom otopljena kalcijeva bikarbonata (Ca(HCO<sub>3<\/sub>)<sub>2<\/sub>). Talo\u017eenje sedre zapo\u010dinje na brzacima, neravninama, naplavljenim granama i sl. zbog rasprskavanja vode i osloba\u0111anja CO<sub>2<\/sub>, odnosno poreme\u0107aja kemijske ravnote\u017ee koji dovodi do lu\u010denja kalcijeva karbonata ili kalcita (CaCO<sub>3<\/sub>) i njegova talo\u017eenja u obliku sitnih kristala na potopljenu podlogu.<\/p>\n<p>Talo\u017eenje sedre i rast sedrenih barijera mogu\u0107i su u vodi prezasi\u0107enoj kalcijevim karbonatom (karbonatne tvrdo\u0107e iznad 3 HD), s koncentracijom organske tvari manjom od 10 mg\/L ugljika i pH ve\u0107im od 8. Uz ta tri osnovna uvjeta, sedrenju pogoduju vi\u0161a temperatura i strujanje vode brzinom od 0,5 do 3,5 m\/s.<\/p>\n<p>Va\u017enu ulogu u procesu talo\u017eenja kristala kalcita na podloge imaju mikroorganizmi prihva\u0107eni za vodeno bilje. Uronjene povr\u0161ine naseljene su pionirskom mikroflorom odnosno bakterijama koje stvaraju uvjete za naseljavanje algi i formiranje obra\u0161tajnih zajednica. Na povr\u0161ini mahovina talo\u017eenje po\u010dinje fiksiranjem mikrokristala kalcita na ljepljive izlu\u010devine cijanobakterija i algi kremenja\u0161ica. Na njih se lijepe organske i anorganske \u010destice (lju\u0161turice algi kremenja\u0161ica, fragmenti \u017eivotinjskih lju\u0161tura i ku\u0107ica, zrnca vapnenca i dr.) stvaraju\u0107i jezgru na kojoj \u0107e rasti kristal kalcita.<\/p>\n<div class=\"fotorama rounded-lg  shadow lblue-bg mt-5   \" data-width=\"100%\" data-ratio=\"16\/10\"  data-nav=\"thumbs\" data-autoplay=\"true\" data-arrows=\"true\" data-transition=\"crossfade\"><img decoding=\"async\" src=\"https:\/\/npkrka.hr\/wp-content\/uploads\/Sedra-3.jpg\" width=\"100%\" \/><img decoding=\"async\" src=\"https:\/\/npkrka.hr\/wp-content\/uploads\/Sedra-1.jpg\" width=\"100%\" \/><img decoding=\"async\" src=\"https:\/\/npkrka.hr\/wp-content\/uploads\/Sedra-Skradinski-buk-scaled.jpg\" width=\"100%\" \/><img decoding=\"async\" src=\"https:\/\/npkrka.hr\/wp-content\/uploads\/Sedra-2-scaled.jpg\" width=\"100%\" \/><\/div><p>&nbsp;<\/p>\n<p>Prema sudjelovanju pojedinih organizama u gradnji vapnena\u010dkih naslaga, razlikuje se nekoliko oblika sedre: kratoneurumska, briumska i didimodonska. Ime su dobile prema pojedinim sedrotvornim mahovinama (<em>Cratoneurum commutatum<\/em>, <em>Brium vebtricosum<\/em> i <em>Didimodon tophaceus<\/em>). Prema sedrotvornim \u017eivotinjskim skupinama trzaljaca (Chironomida), pu\u017eeva (Gastropoda) i tulara (Trichoptera), razlikuju se hironomidna, gastropodna i trihopterska sedra. Vrste koje imaju sposobnost talo\u017eenja kristali\u0107a kalcita nazivaju se \u201esedrotvorci\u201c. Naj\u010de\u0161\u0107i oblici sedre u kr\u0161kim teku\u0107icama jesu podvodni pokriva\u010di, pragovi i barijere, koje nalazimo na dnu kr\u0161kih brzica, zastori i konzole, koji nastaju na mjestima gdje se voda slijeva niz okomitu stijenu, te brade, \u017elijebovi i cijevi, koje nalazimo na mjestima na kojima se velika koli\u010dina vode obru\u0161ava tvore\u0107i slapove.<\/p>\n<p>Sedrene barijere kr\u0161kih rijeka Dinarida (Natura 32A0) ciljni su stani\u0161ni tip ekolo\u0161ke mre\u017ee na podru\u010dju NP \u201eKrka\u201c, i kao takve veliko su bogatstvo i nadaleko prepoznatljiv fenomen toga za\u0161ti\u0107enog podru\u010dja.<\/p>\n","protected":false},"excerpt":{"rendered":"<p>Sedra je naziv za kalcijev karbonat koji se u teku\u0107icama iz vode talo\u017ei na razli\u010dite podloge. Talo\u017eenje sedre dinami\u010dan je proces me\u0111usobnog djelovanja fizikalnih i kemijskih \u010dinilaca i \u017eivih organizama u vodi.<\/p>\n","protected":false},"author":1,"featured_media":2804,"parent":148,"menu_order":0,"comment_status":"closed","ping_status":"closed","template":"","meta":{"footnotes":""},"class_list":["post-2803","page","type-page","status-publish","has-post-thumbnail","hentry"],"_links":{"self":[{"href":"https:\/\/npkrka.hr\/hr\/wp-json\/wp\/v2\/pages\/2803","targetHints":{"allow":["GET"]}}],"collection":[{"href":"https:\/\/npkrka.hr\/hr\/wp-json\/wp\/v2\/pages"}],"about":[{"href":"https:\/\/npkrka.hr\/hr\/wp-json\/wp\/v2\/types\/page"}],"author":[{"embeddable":true,"href":"https:\/\/npkrka.hr\/hr\/wp-json\/wp\/v2\/users\/1"}],"replies":[{"embeddable":true,"href":"https:\/\/npkrka.hr\/hr\/wp-json\/wp\/v2\/comments?post=2803"}],"version-history":[{"count":0,"href":"https:\/\/npkrka.hr\/hr\/wp-json\/wp\/v2\/pages\/2803\/revisions"}],"up":[{"embeddable":true,"href":"https:\/\/npkrka.hr\/hr\/wp-json\/wp\/v2\/pages\/148"}],"wp:featuredmedia":[{"embeddable":true,"href":"https:\/\/npkrka.hr\/hr\/wp-json\/wp\/v2\/media\/2804"}],"wp:attachment":[{"href":"https:\/\/npkrka.hr\/hr\/wp-json\/wp\/v2\/media?parent=2803"}],"curies":[{"name":"wp","href":"https:\/\/api.w.org\/{rel}","templated":true}]}}