{"id":2758,"date":"2022-07-27T14:28:56","date_gmt":"2022-07-27T12:28:56","guid":{"rendered":"https:\/\/www.npkrka.hr\/?page_id=2758"},"modified":"2026-03-02T09:49:09","modified_gmt":"2026-03-02T08:49:09","slug":"life-contra-ailanthus","status":"publish","type":"page","link":"https:\/\/npkrka.hr\/hr\/prirodna-bastina\/projekti\/projects\/life-contra-ailanthus\/","title":{"rendered":"LIFE CONTRA Ailanthus"},"content":{"rendered":"<p><img decoding=\"async\" class=\"alignnone size-full wp-image-2766\" src=\"https:\/\/www.npkrka.hr\/wp-content\/uploads\/life-abainst-ailanthus-logo.png\" alt=\"\" width=\"100%\" srcset=\"https:\/\/npkrka.hr\/wp-content\/uploads\/life-abainst-ailanthus-logo.png 1762w, https:\/\/npkrka.hr\/wp-content\/uploads\/life-abainst-ailanthus-logo-300x169.png 300w, https:\/\/npkrka.hr\/wp-content\/uploads\/life-abainst-ailanthus-logo-1024x578.png 1024w, https:\/\/npkrka.hr\/wp-content\/uploads\/life-abainst-ailanthus-logo-768x433.png 768w, https:\/\/npkrka.hr\/wp-content\/uploads\/life-abainst-ailanthus-logo-1536x867.png 1536w\" sizes=\"(max-width: 1762px) 100vw, 1762px\" \/><\/p>\n<p><strong>Javna ustanova \u201eNacionalni park Krka\u201c partner je na projektu \u201eLIFE CONTRA Ailanthus\u201c, financiranim kroz Program LIFE.<\/strong><\/p>\n<p>Ministarstvo gospodarstva i odr\u017eivog razvoja potpisalo je ugovor s Europskom komisijom za projekt \u201eLIFE CONTRA Ailanthus\u201c, kojim se planira uspostavljanje kontrole nad invazivnim stablom pajasenom. Ukupna vrijednost projekta je 19,4 milijuna kuna, od \u010dega 60 % sufinancira Europska unija.<\/p>\n<p>Projekt se financira kroz Program LIFE, instrument Europske unije namijenjen financiranju aktivnosti na podru\u010dju za\u0161tite okoli\u0161a, prirode i klime. Projekt provodi Zavod za za\u0161titu okoli\u0161a i prirode Ministarstva gospodarstva i odr\u017eivog razvoja u suradnji s projektnim partnerima: Javnom ustanovom \u201eNacionalni park Krka\u201d, Javnom ustanovom za upravljanje za\u0161ti\u0107enim dijelovima prirode Dubrova\u010dko-neretvanske \u017eupanije i Vrtlarom d.o.o. Predvi\u0111eno je da projektne aktivnosti traju \u010detiri i pol godine.<\/p>\n<p>Pajasen (<em>Ailanthus altissima<\/em> (Mill.) Swingle) stablo je porijeklom iz isto\u010dne Azije, koje se od 18. stolje\u0107a sadilo diljem svijeta za potrebe hortikulture, a danas se smatra jednom od najinvazivnijih biljnih vrsta u Europi. Pajasen istiskuje zavi\u010dajnu vegetaciju i smanjuje bioraznolikost, \u0161tetnik je u poljoprivredi, izaziva alergiju kod ljudi te uni\u0161tava spomenike kulturne ba\u0161tine i druge gra\u0111evine izuzetno jakim korijenovim sustavom. Vrsta se zbog negativnih utjecaja na bioraznolikost, gospodarstvo i zdravlje ljudi nalazi i na popisu invazivnih stranih vrsta koje izazivaju zabrinutost u Europskoj uniji. U Hrvatskoj je pajasen \u0161iroko rasprostranjen, a posebno ugro\u017eava za\u0161ti\u0107ena stani\u0161ta i vrste u mediteranskoj regiji.<\/p>\n<p>Projektom je planirano uspostavljanje kontrole nad invazivnim stablom pajasenom u mediteranskoj regiji Hrvatske: u dvama podru\u010djima ekolo\u0161ke mre\u017ee Republike Hrvatske (HR2000918 \u0160ire podru\u010dje NP \u201eKrka\u201c i HR2001364 JI dio Pelje\u0161ca) i u gradovima s povijesnom jezgrom (Stonu, Malom Stonu i Dubrovniku).<\/p>\n<p>O\u010dekivani glavni rezultati projekta \u201eLIFE CONTRA Ailanthus\u201c jesu pobolj\u0161anje statusa o\u010duvanja Natura 2000 stani\u0161nih tipova, o\u010duvanje kulturne ba\u0161tine, sprje\u010davanje daljnjeg \u0161irenja invazivne strane vrste i razvoj nacionalnog protokola. Dodatni ciljevi jesu pobolj\u0161anje kapaciteta za upravljanje invazivnim vrstama i podizanje, na nacionalnoj razini, svijesti javnosti o negativnom utjecaju invazivnih vrsta.<\/p>\n<p>&nbsp;<\/p>\n","protected":false},"excerpt":{"rendered":"<p>Javna ustanova \u201eNacionalni park Krka\u201c partner je na projektu \u201eLIFE CONTRA Ailanthus\u201c, financiranim kroz Program LIFE.<\/p>\n","protected":false},"author":1,"featured_media":2762,"parent":9356,"menu_order":4,"comment_status":"closed","ping_status":"closed","template":"page-5.php","meta":{"footnotes":""},"class_list":["post-2758","page","type-page","status-publish","has-post-thumbnail","hentry"],"_links":{"self":[{"href":"https:\/\/npkrka.hr\/hr\/wp-json\/wp\/v2\/pages\/2758","targetHints":{"allow":["GET"]}}],"collection":[{"href":"https:\/\/npkrka.hr\/hr\/wp-json\/wp\/v2\/pages"}],"about":[{"href":"https:\/\/npkrka.hr\/hr\/wp-json\/wp\/v2\/types\/page"}],"author":[{"embeddable":true,"href":"https:\/\/npkrka.hr\/hr\/wp-json\/wp\/v2\/users\/1"}],"replies":[{"embeddable":true,"href":"https:\/\/npkrka.hr\/hr\/wp-json\/wp\/v2\/comments?post=2758"}],"version-history":[{"count":1,"href":"https:\/\/npkrka.hr\/hr\/wp-json\/wp\/v2\/pages\/2758\/revisions"}],"predecessor-version":[{"id":14714,"href":"https:\/\/npkrka.hr\/hr\/wp-json\/wp\/v2\/pages\/2758\/revisions\/14714"}],"up":[{"embeddable":true,"href":"https:\/\/npkrka.hr\/hr\/wp-json\/wp\/v2\/pages\/9356"}],"wp:featuredmedia":[{"embeddable":true,"href":"https:\/\/npkrka.hr\/hr\/wp-json\/wp\/v2\/media\/2762"}],"wp:attachment":[{"href":"https:\/\/npkrka.hr\/hr\/wp-json\/wp\/v2\/media?parent=2758"}],"curies":[{"name":"wp","href":"https:\/\/api.w.org\/{rel}","templated":true}]}}