{"id":274,"date":"2022-06-22T12:01:56","date_gmt":"2022-06-22T10:01:56","guid":{"rendered":"https:\/\/www.npkrka.hr\/?page_id=274"},"modified":"2025-10-22T14:38:56","modified_gmt":"2025-10-22T12:38:56","slug":"plan-upravljanja-nacionalnog-parka-krka","status":"publish","type":"page","link":"https:\/\/npkrka.hr\/hr\/o-nama\/upravljanje\/plan-upravljanja-nacionalnog-parka-krka\/","title":{"rendered":"Plan upravljanja Nacionalnim parkom \u201eKrka\u201c"},"content":{"rendered":"<p class=\"SUEZtekst\">Plan upravljanja za\u0161ti\u0107enim podru\u010djem i\/ili podru\u010djem ekolo\u0161ke mre\u017ee je akt planiranja kojim se utvr\u0111uje stanje za\u0161ti\u0107enog podru\u010dja i\/ili podru\u010dja ekolo\u0161ke mre\u017ee te odre\u0111uju ciljevi upravljanja i\/ili o\u010duvanja, aktivnosti za postizanje ciljeva i pokazatelji provedbe plana (Zakon o za\u0161titi prirode NN 80\/13, 15\/18, 14\/19, 127\/19).<\/p>\n<p class=\"SUEZtekst\">Plan upravljanja odre\u0111uje razvojne smjernice, na\u010din izvo\u0111enja za\u0161tite, kori\u0161tenja i upravljanja za\u0161ti\u0107enim podru\u010djem, te smjernice za za\u0161titu i o\u010duvanje prirodnih vrijednosti za\u0161ti\u0107enog podru\u010dja uz uva\u017eavanje potreba lokalnog stanovni\u0161tva.<\/p>\n<p>Plan upravljanja se donosi za razdoblje od deset godina (2023.-2032.) uz mogu\u0107nost izmjene i\/ili dopune nakon pet godina, a provodi se kroz godi\u0161nje programe za\u0161tite, o\u010duvanja, kori\u0161tenja i promicanja za\u0161ti\u0107enog podru\u010dja.<\/p>\n<p>Plan upravljanja pod \u0161ifrom 6005 obuhva\u0107a podru\u010dje Nacionalnog parka \u201eKrka\u201c (NP \u201eKrka\u201c) te dva podru\u010dja ekolo\u0161ke mre\u017ee zna\u010dajna za o\u010duvanje vrsta i stani\u0161nih tipova (POVS): Bunari (HR2001492) i \u0160ire podru\u010dje NP \u201eKrka\u201c (HR2000918).<\/p>\n<p>Plan upravljanja pod \u0161ifrom 7006 obuhva\u0107a podru\u010dje ekolo\u0161ke mre\u017ee HR1000026 Krka i okolni plato te za\u0161ti\u0107ena podru\u010dja Zna\u010dajni krajobraz \u010cikola i Zna\u010dajni krajobraz Krka \u2013 gornji tok.<\/p>\n<p>Planovi upravljanja izra\u0111eni su u sklopu projekta \u201eRazvoj okvira za upravljanje ekolo\u0161kom mre\u017eom Natura 2000\u201c, kao dio usluge izrade planova upravljanja podru\u010djima ekolo\u0161ke mre\u017ee Natura 2000 i za\u0161ti\u0107enim podru\u010djima iz Grupe 5. Projekt je sufinanciran iz Europskog kohezijskog fonda kroz Operativni program Konkurentnost i kohezija 2014. \u2013 2020.<\/p>\n","protected":false},"excerpt":{"rendered":"<p>Plan upravljanja Nacionalnim parkom \u201eKrka\u201c izra\u0111en je u razdoblju od 2006. do 2010. godine s ciljem unaprje\u0111enja upravljanja i o\u010duvanja dijela rijeke Krke u granicama obuhvata NP &#8220;Krka&#8221;<\/p>\n","protected":false},"author":1,"featured_media":8793,"parent":2748,"menu_order":1,"comment_status":"closed","ping_status":"closed","template":"","meta":{"footnotes":""},"class_list":["post-274","page","type-page","status-publish","has-post-thumbnail","hentry"],"_links":{"self":[{"href":"https:\/\/npkrka.hr\/hr\/wp-json\/wp\/v2\/pages\/274","targetHints":{"allow":["GET"]}}],"collection":[{"href":"https:\/\/npkrka.hr\/hr\/wp-json\/wp\/v2\/pages"}],"about":[{"href":"https:\/\/npkrka.hr\/hr\/wp-json\/wp\/v2\/types\/page"}],"author":[{"embeddable":true,"href":"https:\/\/npkrka.hr\/hr\/wp-json\/wp\/v2\/users\/1"}],"replies":[{"embeddable":true,"href":"https:\/\/npkrka.hr\/hr\/wp-json\/wp\/v2\/comments?post=274"}],"version-history":[{"count":0,"href":"https:\/\/npkrka.hr\/hr\/wp-json\/wp\/v2\/pages\/274\/revisions"}],"up":[{"embeddable":true,"href":"https:\/\/npkrka.hr\/hr\/wp-json\/wp\/v2\/pages\/2748"}],"wp:featuredmedia":[{"embeddable":true,"href":"https:\/\/npkrka.hr\/hr\/wp-json\/wp\/v2\/media\/8793"}],"wp:attachment":[{"href":"https:\/\/npkrka.hr\/hr\/wp-json\/wp\/v2\/media?parent=274"}],"curies":[{"name":"wp","href":"https:\/\/api.w.org\/{rel}","templated":true}]}}