{"id":242,"date":"2022-06-20T09:47:48","date_gmt":"2022-06-20T07:47:48","guid":{"rendered":"https:\/\/www.npkrka.hr\/?page_id=242"},"modified":"2022-09-30T11:28:50","modified_gmt":"2022-09-30T09:28:50","slug":"bilusica-buk","status":"publish","type":"page","link":"https:\/\/npkrka.hr\/hr\/prirodna-bastina\/slapovi\/bilusica-buk\/","title":{"rendered":"Bilu\u0161i\u0107a buk"},"content":{"rendered":"<p><strong>Na putu prema u\u0161\u0107u, 16 km od izvora, vodama Krke prvi se isprije\u010dio Bilu\u0161i\u0107a buk. <\/strong><\/p>\r\n<p>Bu\u010dan i slikovit slap visok je 22,4 m, dug 300 m, \u0161irok oko 100 m. Rijeka se preko njega prelijeva tijekom cijele godine u svoj svojoj snazi. Slap je bogat sedrenim oblicima kao \u0161to su brade i polu\u0161pilje. Nizvodno od njega smjestile su se niske barijere, a ispod njih, gdje se rijeka \u0161iri i tok smiruje, sedreni oto\u010di\u0107i i pragovi. Okru\u017een je bujnim submediteranskim raslinjem i gustim vrbicima, a stijene slapa nastanjuje bogata mahovinska vegetacija s vrstama <em>Cratoneuron filicinum<\/em> i <em>Fontinalis antipyretica<\/em> i rijetko podvrstom zden\u010dare <em>Marchantia polymorpha<\/em> subsp. <em>montivagans<\/em>, ina\u010de prisutnom na gorskim i planinskim stani\u0161tima.<\/p>\r\n<p>Na podru\u010dju Bilu\u0161i\u0107a buka nalaze se vodenice (mlinice), stupe i valjavice. Tu je i nekoliko speleolo\u0161kih objekata, od kojih je najzna\u010dajniji Sedrena \u0161pilja iza mlina, duga 124 m.<\/p>\r\n<div class=\"fotorama rounded-lg  shadow lblue-bg mt-5   \" data-width=\"100%\" data-ratio=\"16\/10\"  data-nav=\"thumbs\" data-autoplay=\"true\" data-arrows=\"true\" data-transition=\"crossfade\"><img decoding=\"async\" src=\"https:\/\/npkrka.hr\/wp-content\/uploads\/Bilusica-buk-1.jpg\" width=\"100%\" \/><img decoding=\"async\" src=\"https:\/\/npkrka.hr\/wp-content\/uploads\/Bilusica-buk-3-scaled.jpg\" width=\"100%\" \/><img decoding=\"async\" src=\"https:\/\/npkrka.hr\/wp-content\/uploads\/Bilusica-buk-5.jpg\" width=\"100%\" \/><img decoding=\"async\" src=\"https:\/\/npkrka.hr\/wp-content\/uploads\/Bilusica-buk-4.jpg\" width=\"100%\" \/><img decoding=\"async\" src=\"https:\/\/npkrka.hr\/wp-content\/uploads\/Bilusica-buk-2.jpg\" width=\"100%\" \/><\/div><p>&nbsp;<\/p>\r\n","protected":false},"excerpt":{"rendered":"<p>Na putu prema u\u0161\u0107u, 16 km od izvora, vodama Krke prvi se isprije\u010dio Bilu\u0161i\u0107a buk.<\/p>\n","protected":false},"author":1,"featured_media":2826,"parent":154,"menu_order":1,"comment_status":"closed","ping_status":"closed","template":"","meta":{"footnotes":""},"class_list":["post-242","page","type-page","status-publish","has-post-thumbnail","hentry"],"_links":{"self":[{"href":"https:\/\/npkrka.hr\/hr\/wp-json\/wp\/v2\/pages\/242","targetHints":{"allow":["GET"]}}],"collection":[{"href":"https:\/\/npkrka.hr\/hr\/wp-json\/wp\/v2\/pages"}],"about":[{"href":"https:\/\/npkrka.hr\/hr\/wp-json\/wp\/v2\/types\/page"}],"author":[{"embeddable":true,"href":"https:\/\/npkrka.hr\/hr\/wp-json\/wp\/v2\/users\/1"}],"replies":[{"embeddable":true,"href":"https:\/\/npkrka.hr\/hr\/wp-json\/wp\/v2\/comments?post=242"}],"version-history":[{"count":0,"href":"https:\/\/npkrka.hr\/hr\/wp-json\/wp\/v2\/pages\/242\/revisions"}],"up":[{"embeddable":true,"href":"https:\/\/npkrka.hr\/hr\/wp-json\/wp\/v2\/pages\/154"}],"wp:featuredmedia":[{"embeddable":true,"href":"https:\/\/npkrka.hr\/hr\/wp-json\/wp\/v2\/media\/2826"}],"wp:attachment":[{"href":"https:\/\/npkrka.hr\/hr\/wp-json\/wp\/v2\/media?parent=242"}],"curies":[{"name":"wp","href":"https:\/\/api.w.org\/{rel}","templated":true}]}}