{"id":2392,"date":"2022-07-26T14:13:18","date_gmt":"2022-07-26T12:13:18","guid":{"rendered":"https:\/\/www.npkrka.hr\/?page_id=2392"},"modified":"2022-11-08T09:27:16","modified_gmt":"2022-11-08T08:27:16","slug":"restauratorska-radionica","status":"publish","type":"page","link":"https:\/\/npkrka.hr\/hr\/kulturna-bastina\/restauratorska-radionica\/","title":{"rendered":"Restauratorska radionica"},"content":{"rendered":"<p><strong>Bogata materijalna ba\u0161tina Nacionalnog parka \u201eKrka\u201c i vrijedni arheolo\u0161ki nalazi bili su poticaj za osnivanje restauratorske radionice, \u010dija je primarna zada\u0107a za\u0161tita i o\u010duvanje kulturnopovijesnog naslije\u0111a Parka. <\/strong><\/p>\n<p>Podru\u010dje Nacionalnog parka \u201eKrka\u201c obiluje brojnim arheolo\u0161kim lokalitetima. Organizirana arheolo\u0161ka istra\u017eivanja provode se na podru\u010dju rimskog logora Burnuma, na srednjovjekovnim utvrdama Klju\u010dici i Ne\u010dvenu i na prapovijesnim lokalitetima Ozi\u0111anoj pe\u0107ini i Jazinki. Potreba za sustavnom brigom o velikoj koli\u010dini arheolo\u0161kog materijala s Burnuma potaknula je osnivanje restauratorske radionice u listopadu 2008. godine, ali se njezina djelatnost ubrzo pro\u0161irila na skrb o svim pokretnim predmetima kulturne ba\u0161tine u Parku. Tako se danas u radionici vodi briga o nalazima s arheolo\u0161kih lokaliteta, o etnografskoj gra\u0111i i o predmetima koji pripadaju industrijskoj ba\u0161tini.<\/p>\n<p>Restauratorska radionica osposobljena je za stru\u010dno obavljanje konzervatorskih i restauratorskih zahvata. U po\u010detku je bila smje\u0161tena u prostorijama Gradskog muzeja Drni\u0161, a od 2018. nalazi se u prostoru Arheolo\u0161ke zbirke Burnum u Puljanima. U sklopu projekta \u201eNepoznata Krka\u201c i opremanja posjetiteljskog centra\u00a0Eko kampus \u201eKrka\u201c\u00a0u Puljanima izgra\u0111en je i laboratorij gdje se smjestila suvremena radionica i \u010duvaonica pokretne ba\u0161tine Nacionalnog parka \u201eKrka\u201c.<\/p>\n<p>Primarna djelatnost radionice za\u0161tita je i obrada arheolo\u0161kog materijala, s ciljem o\u010duvanja, stru\u010dne i znanstvene obrade te izlaganje u muzejskom postavu Arheolo\u0161ke zbirke Burnum. Pristup je interdisciplinaran, a cilj je sa\u010duvati predmete uz minimalne intervencije. U radionici se restauriraju predmeti od razli\u010ditih materijala, poput metala, keramike, stakla i kosti. Restauriranje tih predmeta delikatan je postupak s obzirom na njihovu osjetljivost, jer su izva\u0111eni iz zemlje u kojoj su le\u017eali stolje\u0107ima. Svaki od njih jedinstven je svjedok pro\u0161losti pa se njihovoj obradi pristupa s posebnom pa\u017enjom i strpljenjem.<\/p>\n<p>Radionica se sustavno oprema i spada u sam vrh radionica toga tipa u na\u0161oj zemlji. Oprema se sastoji od mikropjeskarnika s komorom, ultrazvu\u010dnog dlijeta, kade za alkalnosulfitno odsoljavanje, vakuumskog su\u0161ionika, mikroskopa, analiti\u010dke opreme, potenciometrijskog titratora, laboratorijske vage, ru\u010dnog XRF analizatora i 3D printera za rekonstrukciju arheolo\u0161ke gra\u0111e od keramike i stakla. Uz to, jedna je od rijetkih koje posjeduju rendgen, pa mo\u017ee provoditi i tu vrstu ispitivanja.<\/p>\n<div class=\"fotorama rounded-lg  shadow lblue-bg mt-5   \" data-width=\"100%\" data-ratio=\"16\/10\"  data-nav=\"thumbs\" data-autoplay=\"true\" data-arrows=\"true\" data-transition=\"crossfade\"><img decoding=\"async\" src=\"https:\/\/npkrka.hr\/wp-content\/uploads\/Restauratorska-radionica-pribor-4.jpg\" width=\"100%\" \/><img decoding=\"async\" src=\"https:\/\/npkrka.hr\/wp-content\/uploads\/Restauratorska-radionica-zgrada-1.jpg\" width=\"100%\" \/><img decoding=\"async\" src=\"https:\/\/npkrka.hr\/wp-content\/uploads\/Restauratorska-radionica-9-scaled.jpeg\" width=\"100%\" \/><img decoding=\"async\" src=\"https:\/\/npkrka.hr\/wp-content\/uploads\/Restauratorska-radionica-restauriranje-3.jpg\" width=\"100%\" \/><img decoding=\"async\" src=\"https:\/\/npkrka.hr\/wp-content\/uploads\/Restauratorska-radionica-6-scaled.jpg\" width=\"100%\" \/><img decoding=\"async\" src=\"https:\/\/npkrka.hr\/wp-content\/uploads\/Restauratorska-radionica-7-scaled.jpg\" width=\"100%\" \/><img decoding=\"async\" src=\"https:\/\/npkrka.hr\/wp-content\/uploads\/Restauratorska-radionica-10-scaled.jpeg\" width=\"100%\" \/><img decoding=\"async\" src=\"https:\/\/npkrka.hr\/wp-content\/uploads\/Restauratorska-radionica-8-scaled.jpg\" width=\"100%\" \/><img decoding=\"async\" src=\"https:\/\/npkrka.hr\/wp-content\/uploads\/Restauratorska-radionica-5-scaled.jpg\" width=\"100%\" \/><img decoding=\"async\" src=\"https:\/\/npkrka.hr\/wp-content\/uploads\/Restauratorska-radionica-2-scaled.jpg\" width=\"100%\" \/><\/div><p>&nbsp;<\/p>\n","protected":false},"excerpt":{"rendered":"<p>Bogata materijalna ba\u0161tina Nacionalnog parka \u201eKrka\u201c i vrijedni arheolo\u0161ki nalazi bili su poticaj za osnivanje restauratorske radionice, \u010dija je primarna zada\u0107a za\u0161tita i o\u010duvanje kulturnopovijesnog naslije\u0111a Parka.<\/p>\n","protected":false},"author":1,"featured_media":2401,"parent":150,"menu_order":7,"comment_status":"closed","ping_status":"closed","template":"page-5.php","meta":{"footnotes":""},"class_list":["post-2392","page","type-page","status-publish","has-post-thumbnail","hentry"],"_links":{"self":[{"href":"https:\/\/npkrka.hr\/hr\/wp-json\/wp\/v2\/pages\/2392","targetHints":{"allow":["GET"]}}],"collection":[{"href":"https:\/\/npkrka.hr\/hr\/wp-json\/wp\/v2\/pages"}],"about":[{"href":"https:\/\/npkrka.hr\/hr\/wp-json\/wp\/v2\/types\/page"}],"author":[{"embeddable":true,"href":"https:\/\/npkrka.hr\/hr\/wp-json\/wp\/v2\/users\/1"}],"replies":[{"embeddable":true,"href":"https:\/\/npkrka.hr\/hr\/wp-json\/wp\/v2\/comments?post=2392"}],"version-history":[{"count":0,"href":"https:\/\/npkrka.hr\/hr\/wp-json\/wp\/v2\/pages\/2392\/revisions"}],"up":[{"embeddable":true,"href":"https:\/\/npkrka.hr\/hr\/wp-json\/wp\/v2\/pages\/150"}],"wp:featuredmedia":[{"embeddable":true,"href":"https:\/\/npkrka.hr\/hr\/wp-json\/wp\/v2\/media\/2401"}],"wp:attachment":[{"href":"https:\/\/npkrka.hr\/hr\/wp-json\/wp\/v2\/media?parent=2392"}],"curies":[{"name":"wp","href":"https:\/\/api.w.org\/{rel}","templated":true}]}}