{"id":239,"date":"2022-06-20T09:45:50","date_gmt":"2022-06-20T07:45:50","guid":{"rendered":"https:\/\/www.npkrka.hr\/?page_id=239"},"modified":"2022-08-23T10:46:56","modified_gmt":"2022-08-23T08:46:56","slug":"slap-brljan","status":"publish","type":"page","link":"https:\/\/npkrka.hr\/hr\/prirodna-bastina\/slapovi\/slap-brljan\/","title":{"rendered":"Slap Brljan"},"content":{"rendered":"<p><strong>Brljan je druga stepenica na putu rijeke Krke prema moru, 19 km udaljena od izvora. <\/strong><\/p>\r\n<p>Visok je 15,5 m, dug 300 m, \u0161irok 180 m. Preko njegovih sedrenih pragova, brada i konzola prelijeva se voda Brljanskog jezera (Bjelobera ili \u0106ori\u0107a jezera). Okru\u017een je \u0161umskom vegetacijom i submediteranskim raslinjem, malim pa\u0161njacima i obra\u0111enim poljima. Ljepotom osobito blista u prolje\u0107e, u razdoblju visokih voda. Od mahovina, na Brljanu dominiraju vrste <em>Cinclidotus aquaticus<\/em> i <em>Rhynchostegium riparioides<\/em>.<\/p>\r\n<p>U blizini slapa nalaze se ostaci rimskog vojnog logora Burnuma. O tragovima \u010dovjeka na tom prostoru u pro\u0161losti svjedo\u010de drevne mlinice i tzv. rudarska cesta, izgra\u0111ena 1936. godine, koja prelazi preko slapi\u0161ta.<\/p>\r\n<p>Najve\u0107a \u010dovjekova intervencija u prirodni sklad Brljana bez sumnje je brana podignuta za potrebe hidroelektrane Miljacka po\u010detkom 20. stolje\u0107a.<\/p>\r\n<div class=\"fotorama rounded-lg  shadow lblue-bg mt-5   \" data-width=\"100%\" data-ratio=\"16\/10\"  data-nav=\"thumbs\" data-autoplay=\"true\" data-arrows=\"true\" data-transition=\"crossfade\"><img decoding=\"async\" src=\"https:\/\/npkrka.hr\/wp-content\/uploads\/Brljan-5-scaled.jpg\" width=\"100%\" \/><img decoding=\"async\" src=\"https:\/\/npkrka.hr\/wp-content\/uploads\/Brljan-4-scaled.jpg\" width=\"100%\" \/><img decoding=\"async\" src=\"https:\/\/npkrka.hr\/wp-content\/uploads\/Brljan-3-scaled.jpg\" width=\"100%\" \/><img decoding=\"async\" src=\"https:\/\/npkrka.hr\/wp-content\/uploads\/Brljan-1-scaled.jpg\" width=\"100%\" \/><img decoding=\"async\" src=\"https:\/\/npkrka.hr\/wp-content\/uploads\/Brljan-2.jpg\" width=\"100%\" \/><\/div><p>&nbsp;<\/p>\r\n","protected":false},"excerpt":{"rendered":"<p>Brljan je druga stepenica na putu rijeke Krke prema moru, 19 km udaljena od izvora.<\/p>\n","protected":false},"author":1,"featured_media":2832,"parent":154,"menu_order":2,"comment_status":"closed","ping_status":"closed","template":"","meta":{"footnotes":""},"class_list":["post-239","page","type-page","status-publish","has-post-thumbnail","hentry"],"_links":{"self":[{"href":"https:\/\/npkrka.hr\/hr\/wp-json\/wp\/v2\/pages\/239","targetHints":{"allow":["GET"]}}],"collection":[{"href":"https:\/\/npkrka.hr\/hr\/wp-json\/wp\/v2\/pages"}],"about":[{"href":"https:\/\/npkrka.hr\/hr\/wp-json\/wp\/v2\/types\/page"}],"author":[{"embeddable":true,"href":"https:\/\/npkrka.hr\/hr\/wp-json\/wp\/v2\/users\/1"}],"replies":[{"embeddable":true,"href":"https:\/\/npkrka.hr\/hr\/wp-json\/wp\/v2\/comments?post=239"}],"version-history":[{"count":0,"href":"https:\/\/npkrka.hr\/hr\/wp-json\/wp\/v2\/pages\/239\/revisions"}],"up":[{"embeddable":true,"href":"https:\/\/npkrka.hr\/hr\/wp-json\/wp\/v2\/pages\/154"}],"wp:featuredmedia":[{"embeddable":true,"href":"https:\/\/npkrka.hr\/hr\/wp-json\/wp\/v2\/media\/2832"}],"wp:attachment":[{"href":"https:\/\/npkrka.hr\/hr\/wp-json\/wp\/v2\/media?parent=239"}],"curies":[{"name":"wp","href":"https:\/\/api.w.org\/{rel}","templated":true}]}}