{"id":2383,"date":"2022-07-26T14:08:56","date_gmt":"2022-07-26T12:08:56","guid":{"rendered":"https:\/\/www.npkrka.hr\/?page_id=2383"},"modified":"2022-09-27T13:28:35","modified_gmt":"2022-09-27T11:28:35","slug":"hidroelektrana-miljacka","status":"publish","type":"page","link":"https:\/\/npkrka.hr\/hr\/kulturna-bastina\/industrijska-bastina\/hidroelektrana-miljacka\/","title":{"rendered":"Hidroelektrana Miljacka"},"content":{"rendered":"<p><strong>Hidroelektrana Miljacka, najve\u0107a hidroelektrana na rijeci Krki, u vrijeme kad je izgra\u0111ena bila je jedna od najsna\u017enijih hidroelektrana u Europi.<\/strong><\/p>\n<p><strong>\u00a0<\/strong>Budu\u0107i da postoje\u0107e hidroelektrane nisu mogle proizvesti koli\u010dinu elektri\u010dne energije koju je trebala njezina tvornica u \u0160ibeniku, SUFID je odlu\u010dio sagraditi novu hidroelektranu na gornjem toku Krke, podno Manojlova\u010dkih slapova. Nakon vi\u0161egodi\u0161njih pripremnih radova i izmjena koncesionara, radovi na izgradnji nove hidroelektrane po\u010deli su 1903. godine, da bi 12. prosinca 1906. dobila dopu\u0161tenje za rad. U redoviti stabilni pogon u\u0161la je po\u010detkom 1907. Voda iz Brljanskog jezera do elektrane je dovedena kroz tunel dug 1 588 m. Pad vode iznosio je 107,3 m, a raspolo\u017eiva koli\u010dina 16 m<sup>3<\/sup>\/s. Instalirane su \u010detiri turbine snage 24 000 KS, napona 30 000 V. S tvornicom u \u0160ibeniku elektrana je bila povezana dalekovodom dugim 34,5 km. Ukupna investicija u elektranu i dalekovod iznosila je 6.820.000 austrijskih zlatnih kruna, a trajanje koncesije ugovoreno je na \u010detrdeset godina.<\/p>\n<p><img decoding=\"async\" class=\"alignnone size-full wp-image-2387\" src=\"https:\/\/www.npkrka.hr\/wp-content\/uploads\/HE-Miljacka-stara-fotografija.jpg\" alt=\"\" width=\"100%\" srcset=\"https:\/\/npkrka.hr\/wp-content\/uploads\/HE-Miljacka-stara-fotografija.jpg 1049w, https:\/\/npkrka.hr\/wp-content\/uploads\/HE-Miljacka-stara-fotografija-300x200.jpg 300w, https:\/\/npkrka.hr\/wp-content\/uploads\/HE-Miljacka-stara-fotografija-1024x682.jpg 1024w, https:\/\/npkrka.hr\/wp-content\/uploads\/HE-Miljacka-stara-fotografija-768x512.jpg 768w\" sizes=\"(max-width: 1049px) 100vw, 1049px\" \/><\/p>\n","protected":false},"excerpt":{"rendered":"<p>Hidroelektrana Miljacka, najve\u0107a hidroelektrana na rijeci Krki, u vrijeme kad je izgra\u0111ena bila je jedna od najsna\u017enijih hidroelektrana u Europi.<\/p>\n","protected":false},"author":1,"featured_media":2387,"parent":191,"menu_order":3,"comment_status":"closed","ping_status":"closed","template":"","meta":{"footnotes":""},"class_list":["post-2383","page","type-page","status-publish","has-post-thumbnail","hentry"],"_links":{"self":[{"href":"https:\/\/npkrka.hr\/hr\/wp-json\/wp\/v2\/pages\/2383","targetHints":{"allow":["GET"]}}],"collection":[{"href":"https:\/\/npkrka.hr\/hr\/wp-json\/wp\/v2\/pages"}],"about":[{"href":"https:\/\/npkrka.hr\/hr\/wp-json\/wp\/v2\/types\/page"}],"author":[{"embeddable":true,"href":"https:\/\/npkrka.hr\/hr\/wp-json\/wp\/v2\/users\/1"}],"replies":[{"embeddable":true,"href":"https:\/\/npkrka.hr\/hr\/wp-json\/wp\/v2\/comments?post=2383"}],"version-history":[{"count":0,"href":"https:\/\/npkrka.hr\/hr\/wp-json\/wp\/v2\/pages\/2383\/revisions"}],"up":[{"embeddable":true,"href":"https:\/\/npkrka.hr\/hr\/wp-json\/wp\/v2\/pages\/191"}],"wp:featuredmedia":[{"embeddable":true,"href":"https:\/\/npkrka.hr\/hr\/wp-json\/wp\/v2\/media\/2387"}],"wp:attachment":[{"href":"https:\/\/npkrka.hr\/hr\/wp-json\/wp\/v2\/media?parent=2383"}],"curies":[{"name":"wp","href":"https:\/\/api.w.org\/{rel}","templated":true}]}}