{"id":2376,"date":"2022-07-26T14:07:09","date_gmt":"2022-07-26T12:07:09","guid":{"rendered":"https:\/\/www.npkrka.hr\/?page_id=2376"},"modified":"2023-09-18T09:48:08","modified_gmt":"2023-09-18T07:48:08","slug":"hidroelektrana-na-roskom-slapu","status":"publish","type":"page","link":"https:\/\/npkrka.hr\/hr\/kulturna-bastina\/industrijska-bastina\/hidroelektrana-na-roskom-slapu\/","title":{"rendered":"Hidroelektrana na Ro\u0161kom slapu"},"content":{"rendered":"<p><strong>HE Ro\u0161ki slap vrijedan je spomenik industrijske arhitekture uklopljen u ambijent za\u0161ti\u0107enog podru\u010dja.<\/strong><\/p>\n<p>HE Ro\u0161ki slap izgra\u0111ena je 1909.\/1910. godine na temelju vodoprivrednih koncesija koje su dobila ugljenokopna dru\u0161tva Monte Promina iz Siveri\u0107a i Dalmatia iz Velu\u0161i\u0107a. Dalekovodom dugim 28 km, strujom su opskrbljivani rudarski pogoni u Siveri\u0107u. Na taj je dalekovod 1915. godine priklju\u010den i grad Drni\u0161. Do 1918. godine HE Ro\u0161ki slap bila je me\u0111u deset najve\u0107ih elektrana u Hrvatskoj. Nakon Domovinskog rata, 1996. godine generatori su zamijenjeni novima, a proces proizvodnje i distribucije elektri\u010dne energije u cijelosti je automatiziran.<\/p>\n<div class=\"fotorama rounded-lg  shadow lblue-bg mt-5   \" data-width=\"100%\" data-ratio=\"16\/10\"  data-nav=\"thumbs\" data-autoplay=\"true\" data-arrows=\"true\" data-transition=\"crossfade\"><img decoding=\"async\" src=\"https:\/\/npkrka.hr\/wp-content\/uploads\/HE-Roski-slap-stara-fotografija-1.jpg\" width=\"100%\" \/><img decoding=\"async\" src=\"https:\/\/npkrka.hr\/wp-content\/uploads\/HE-Roski-slap-danas-2.jpg\" width=\"100%\" \/><\/div><p>&nbsp;<\/p>\n<p>\u00a0<\/p>\n","protected":false},"excerpt":{"rendered":"<p>HE Ro\u0161ki slap vrijedan je spomenik industrijske arhitekture uklopljen u ambijent za\u0161ti\u0107enog podru\u010dja.<\/p>\n","protected":false},"author":1,"featured_media":8583,"parent":191,"menu_order":2,"comment_status":"closed","ping_status":"closed","template":"","meta":{"footnotes":""},"class_list":["post-2376","page","type-page","status-publish","has-post-thumbnail","hentry"],"_links":{"self":[{"href":"https:\/\/npkrka.hr\/hr\/wp-json\/wp\/v2\/pages\/2376","targetHints":{"allow":["GET"]}}],"collection":[{"href":"https:\/\/npkrka.hr\/hr\/wp-json\/wp\/v2\/pages"}],"about":[{"href":"https:\/\/npkrka.hr\/hr\/wp-json\/wp\/v2\/types\/page"}],"author":[{"embeddable":true,"href":"https:\/\/npkrka.hr\/hr\/wp-json\/wp\/v2\/users\/1"}],"replies":[{"embeddable":true,"href":"https:\/\/npkrka.hr\/hr\/wp-json\/wp\/v2\/comments?post=2376"}],"version-history":[{"count":0,"href":"https:\/\/npkrka.hr\/hr\/wp-json\/wp\/v2\/pages\/2376\/revisions"}],"up":[{"embeddable":true,"href":"https:\/\/npkrka.hr\/hr\/wp-json\/wp\/v2\/pages\/191"}],"wp:featuredmedia":[{"embeddable":true,"href":"https:\/\/npkrka.hr\/hr\/wp-json\/wp\/v2\/media\/8583"}],"wp:attachment":[{"href":"https:\/\/npkrka.hr\/hr\/wp-json\/wp\/v2\/media?parent=2376"}],"curies":[{"name":"wp","href":"https:\/\/api.w.org\/{rel}","templated":true}]}}