{"id":2367,"date":"2022-07-26T14:05:08","date_gmt":"2022-07-26T12:05:08","guid":{"rendered":"https:\/\/www.npkrka.hr\/?page_id=2367"},"modified":"2022-09-27T13:27:02","modified_gmt":"2022-09-27T11:27:02","slug":"hidroelektrana-jaruga","status":"publish","type":"page","link":"https:\/\/npkrka.hr\/hr\/kulturna-bastina\/industrijska-bastina\/hidroelektrana-jaruga\/","title":{"rendered":"Hidroelektrana Jaruga"},"content":{"rendered":"<p><strong>Stotinjak metara nizvodno od prve hidroelektrane, HE Krka, Ante \u0160upuk izgradio je drugu, HE Jaruga, koja, nakon ugradnje dodatnih turbina 1936. godine, radi i danas.<\/strong><\/p>\n<p>Godine 1901. dru\u0161tvo SUFID sklopilo je s tvrtkom Ante \u0160upuk i sin, vlasnikom HE Krka i koncesije na raspolo\u017eivu vodnu snagu, ugovor o izgradnji nove hidroelektrane. Tvrtka Ante \u0160upuk i sin ustupila je SUFID-u slobodnu koli\u010dinu vode od 22,61 m<sup>3<\/sup>\/s, a SUFID se ugovorom obvezao da \u0107e izgraditi hidroelektranu kapaciteta petnaest milijuna KWh, koju \u0107e tvrtki Ante \u0160upuk i sin predati u ispravnom stanju 30. srpnja 1930. Gradnja nove hidroelektrane, nazvane Jaruga, zapo\u010dela je 1901., a u rad je pu\u0161tena 1904. godine. Proizvedena energija kori\u0161tena je isklju\u010divo za potrebe tvornice karbida u Crnici, izgra\u0111ene istovremeno s elektranom. Zbog pove\u0107ane potro\u0161nje elektri\u010dne energije i \u010destih redukcija, 1913. godine HE Jaruga dobila je na raspolaganje i koli\u010dinu vode od 3,2 m<sup>3<\/sup>\/s \u0161to ju je koristila stara hidroelektrana, koja je u me\u0111uvremenu prestala s radom, \u0161to je SUFID tvrtki Ante \u0160upuk i sin kompenzirao godi\u0161njom isporukom od milijun KWh elektri\u010dne energije. Ugovorni odnosi izme\u0111u tvrtke Ante \u0160upuk i sin i SUFID-a raskinuti su 1. rujna 1929. (godinu dana prije isteka ugovorenoga roka), nakon \u010dega je SUFID HE Jaruga, koja je bila u veoma lo\u0161em stanju, isporu\u010dio novim vlasnicima. Najavljena gradnja tvornice aluminija u Lozovcu potaknula je vlasnike HE Jaruga na cjelovitu rekonstrukciju generatorskih postrojenja. Obnovljena HE Jaruga u pogonu je od svibnja 1937. Deset godina kasnije, 1947., uklju\u010dena je u elektroenergetski sustav koji su uz nju \u010dinile HE Manojlovac i HE Kraljevac na Cetini, za koji je 1948. izgra\u0111en novi dalekovod Kraljevac \u2013 Lozovac \u2013 Zadar.<\/p>\n<div class=\"fotorama rounded-lg  shadow lblue-bg mt-5   \" data-width=\"100%\" data-ratio=\"16\/10\"  data-nav=\"thumbs\" data-autoplay=\"true\" data-arrows=\"true\" data-transition=\"crossfade\"><img decoding=\"async\" src=\"https:\/\/npkrka.hr\/wp-content\/uploads\/HE-Jaruga-1.jpg\" width=\"100%\" \/><img decoding=\"async\" src=\"https:\/\/npkrka.hr\/wp-content\/uploads\/HE-Jaruga-3-scaled.jpg\" width=\"100%\" \/><img decoding=\"async\" src=\"https:\/\/npkrka.hr\/wp-content\/uploads\/HE-Jaruga-Skradisnki-buk-4-scaled.jpg\" width=\"100%\" \/><img decoding=\"async\" src=\"https:\/\/npkrka.hr\/wp-content\/uploads\/HE-Jaruga-stara-fotografija-2.jpg\" width=\"100%\" \/><\/div><p>&nbsp;<\/p>\n","protected":false},"excerpt":{"rendered":"<p>Stotinjak metara nizvodno od prve hidroelektrane, HE Krka, Ante \u0160upuk izgradio je drugu, HE Jaruga, koja, nakon ugradnje dodatnih turbina 1936. godine, radi i danas.<\/p>\n","protected":false},"author":1,"featured_media":2369,"parent":191,"menu_order":1,"comment_status":"closed","ping_status":"closed","template":"","meta":{"footnotes":""},"class_list":["post-2367","page","type-page","status-publish","has-post-thumbnail","hentry"],"_links":{"self":[{"href":"https:\/\/npkrka.hr\/hr\/wp-json\/wp\/v2\/pages\/2367","targetHints":{"allow":["GET"]}}],"collection":[{"href":"https:\/\/npkrka.hr\/hr\/wp-json\/wp\/v2\/pages"}],"about":[{"href":"https:\/\/npkrka.hr\/hr\/wp-json\/wp\/v2\/types\/page"}],"author":[{"embeddable":true,"href":"https:\/\/npkrka.hr\/hr\/wp-json\/wp\/v2\/users\/1"}],"replies":[{"embeddable":true,"href":"https:\/\/npkrka.hr\/hr\/wp-json\/wp\/v2\/comments?post=2367"}],"version-history":[{"count":0,"href":"https:\/\/npkrka.hr\/hr\/wp-json\/wp\/v2\/pages\/2367\/revisions"}],"up":[{"embeddable":true,"href":"https:\/\/npkrka.hr\/hr\/wp-json\/wp\/v2\/pages\/191"}],"wp:featuredmedia":[{"embeddable":true,"href":"https:\/\/npkrka.hr\/hr\/wp-json\/wp\/v2\/media\/2369"}],"wp:attachment":[{"href":"https:\/\/npkrka.hr\/hr\/wp-json\/wp\/v2\/media?parent=2367"}],"curies":[{"name":"wp","href":"https:\/\/api.w.org\/{rel}","templated":true}]}}