{"id":236,"date":"2022-06-20T09:36:37","date_gmt":"2022-06-20T07:36:37","guid":{"rendered":"https:\/\/www.npkrka.hr\/?page_id=236"},"modified":"2022-11-07T13:00:40","modified_gmt":"2022-11-07T12:00:40","slug":"manojlovacki-slap","status":"publish","type":"page","link":"https:\/\/npkrka.hr\/hr\/prirodna-bastina\/slapovi\/manojlovacki-slap\/","title":{"rendered":"Manojlova\u010dki slap"},"content":{"rendered":"<p><strong>Manojlova\u010dki slap, 19,5 km udaljen od izvora, najvi\u0161i je i najrasko\u0161niji slap rijeke Krke: visok je 59,6 m, dug 500 m, \u0161irok 80 \u2013 100 m. Sastoji se od niza sedrenih barijera. <\/strong><\/p>\r\n<p>Najvi\u0161a, ujedno i posljednja, visoka 32,2 m, nalazi se na mjestu na kojemu tok rijeke iz smjera sjeverozapada o\u0161tro zaokre\u0107e prema jugoistoku. Zbog svojih brada, \u0161pilja i polu\u0161pilja, slap je dom raznim vrstama mahovina, kao \u0161to su <em>Eucladium verticillatum<\/em> i vrste iz rodova <em>Fissidens<\/em>, <em>Bryum<\/em>, <em>Didymodon<\/em> i <em>Gymnostonum<\/em>. Duge, prostrane brade i zavjese na velikom slapu formira vrsta <em>Palustriella commutata<\/em>, jedna od najzna\u010dajnijih sedrotvornih mahovina.<\/p>\r\n<p>Rubovi kanjona i slap ukra\u0161eni su raznolikim biljnim svijetom: crnim grabom (<em>Ostrya carpinifolia<\/em>), poljskim jasenom (<em>Fraxinus<\/em> <em>angustifolia<\/em>), svibovinom (<em>Cornus sanguinea<\/em>), vrbom rakitom (<em>Salix purpurea<\/em>), smokvom (<em>Ficus carica<\/em>) i rijetkom papratnja\u010dom, tercijarnim reliktom, gospinim vlaskom (<em>Adiantum capillus veneris<\/em>). U toplom dijelu godine preko slapa se prelijeva mala koli\u010dina vode jer mu vodu uzima akumulacija obli\u017enje HE Miljacka.<\/p>\r\n<p>Pogled na Manojlova\u010dki slap jedan je od najdojmljivijih prizora na rijeci.<\/p>\r\n<p>U njemu su u\u017eivali i car Franjo Josip I. i njegova supruga Elizabeta Austrijska, poznatija kao Sissi, kad su ga posjetili 1875. godine, o \u010demu svjedo\u010di i natpis uklesan u \u017eivoj stijeni na vidikovcu iznad slapa.<\/p>\r\n<div class=\"fotorama rounded-lg  shadow lblue-bg mt-5   \" data-width=\"100%\" data-ratio=\"16\/10\"  data-nav=\"thumbs\" data-autoplay=\"true\" data-arrows=\"true\" data-transition=\"crossfade\"><img decoding=\"async\" src=\"https:\/\/npkrka.hr\/wp-content\/uploads\/Manojlovacki-slapovi-3.jpg\" width=\"100%\" \/><img decoding=\"async\" src=\"https:\/\/npkrka.hr\/wp-content\/uploads\/Manojlovacki-slapovi-6.jpg\" width=\"100%\" \/><img decoding=\"async\" src=\"https:\/\/npkrka.hr\/wp-content\/uploads\/Manojlovacki-slapovi-2-scaled.jpg\" width=\"100%\" \/><img decoding=\"async\" src=\"https:\/\/npkrka.hr\/wp-content\/uploads\/Manojlovacki-slapovi-1-scaled.jpg\" width=\"100%\" \/><img decoding=\"async\" src=\"https:\/\/npkrka.hr\/wp-content\/uploads\/Manojlovacki-slapovi-7-scaled.jpg\" width=\"100%\" \/><img decoding=\"async\" src=\"https:\/\/npkrka.hr\/wp-content\/uploads\/Manojlovacki-slapovi-5.jpg\" width=\"100%\" \/><img decoding=\"async\" src=\"https:\/\/npkrka.hr\/wp-content\/uploads\/Manojlovacki-slapovi-4.jpg\" width=\"100%\" \/><\/div><p>&nbsp;<\/p>\r\n","protected":false},"excerpt":{"rendered":"<p>Manojlova\u010dki slap, 19,5 km udaljen od izvora, najvi\u0161i je i najrasko\u0161niji slap rijeke Krke: visok je 59,6 m, dug 500 m, \u0161irok 80 \u2013 100 m. Sastoji se od niza sedrenih barijera.<\/p>\n","protected":false},"author":1,"featured_media":2845,"parent":154,"menu_order":3,"comment_status":"closed","ping_status":"closed","template":"","meta":{"footnotes":""},"class_list":["post-236","page","type-page","status-publish","has-post-thumbnail","hentry"],"_links":{"self":[{"href":"https:\/\/npkrka.hr\/hr\/wp-json\/wp\/v2\/pages\/236","targetHints":{"allow":["GET"]}}],"collection":[{"href":"https:\/\/npkrka.hr\/hr\/wp-json\/wp\/v2\/pages"}],"about":[{"href":"https:\/\/npkrka.hr\/hr\/wp-json\/wp\/v2\/types\/page"}],"author":[{"embeddable":true,"href":"https:\/\/npkrka.hr\/hr\/wp-json\/wp\/v2\/users\/1"}],"replies":[{"embeddable":true,"href":"https:\/\/npkrka.hr\/hr\/wp-json\/wp\/v2\/comments?post=236"}],"version-history":[{"count":0,"href":"https:\/\/npkrka.hr\/hr\/wp-json\/wp\/v2\/pages\/236\/revisions"}],"up":[{"embeddable":true,"href":"https:\/\/npkrka.hr\/hr\/wp-json\/wp\/v2\/pages\/154"}],"wp:featuredmedia":[{"embeddable":true,"href":"https:\/\/npkrka.hr\/hr\/wp-json\/wp\/v2\/media\/2845"}],"wp:attachment":[{"href":"https:\/\/npkrka.hr\/hr\/wp-json\/wp\/v2\/media?parent=236"}],"curies":[{"name":"wp","href":"https:\/\/api.w.org\/{rel}","templated":true}]}}