{"id":2330,"date":"2022-07-26T13:57:19","date_gmt":"2022-07-26T11:57:19","guid":{"rendered":"https:\/\/www.npkrka.hr\/?page_id=2330"},"modified":"2022-07-26T13:57:44","modified_gmt":"2022-07-26T11:57:44","slug":"sklopovi-vodenica-na-roskom-slapu","status":"publish","type":"page","link":"https:\/\/npkrka.hr\/hr\/kulturna-bastina\/etnografija\/sklopovi-vodenica-na-roskom-slapu\/","title":{"rendered":"Sklopovi vodenica na Ro\u0161kom slapu"},"content":{"rendered":"<p><strong>Kompleks vodenica na Ro\u0161kom slapu spada me\u0111u posebno zanimljive i dragocjene etnografske spomenike Dalmacije i Hrvatske.<\/strong><\/p>\n<p>Kad su se pojavili prvi mlinovi (vodenice) na podru\u010dju Ro\u0161kog slapa, nije to\u010dno poznato. Da su na prostoru rijeka Krke i \u010cikole postojali jo\u0161 u anti\u010dko vrijeme, poznato nam je iz rimskoga natpisa na bron\u010danoj plo\u010dici s podru\u010dja anti\u010dke Promone, ali arheolo\u0161ki ostaci mlinova iz toga vremena na rijeci Krki nisu prona\u0111eni.<\/p>\n<p>Srednjovjekovni mlinovi prethode dana\u0161njima. Pisanih izvora s podacima o mlinovima na Ro\u0161kom slapu gotovo i da nema, za razliku od mlinova na Skradinskom buku, koji se \u010desto spominju u povijesnim izvorima.<\/p>\n<p>Mlinove na Ro\u0161kom slapu posjedovali su i visova\u010dki franjevci. Kada je po\u010detkom 16. stolje\u0107a prostor Ro\u0161kog slapa pao pod tursku vlast, vodenice su\u00b8 uklju\u010duju\u0107i i visova\u010dke, preuzeli Turci jer su im trebale za opskrbu vojske bra\u0161nom. Pod turskom vla\u0161\u0107u ostale su do konca 17. stolje\u0107a kada je taj prostor pripao Mleta\u010dkoj Republici.<\/p>\n<p>Rad vodenica i ostalih hidrauli\u010dnih ure\u0111aja na Ro\u0161kom slapu ugrozila je hidroelektrana koju je 1909. godine izgradilo dru\u0161tvo za iskori\u0161tavanje ugljena iz Siveri\u0107a. Vodenice danas imaju imena starih i novih vlasnika (mlinica Kulu\u0161i\u0107\/Marasovi\u0107, mlinica Samodol\/Skelin, mlinica Jovi\u0107, \u0160osterina mlinica, fratarska mlinica&#8230;).<\/p>\n<div class=\"fotorama rounded-lg  shadow lblue-bg mt-5   \" data-width=\"100%\" data-ratio=\"16\/10\"  data-nav=\"thumbs\" data-autoplay=\"true\" data-arrows=\"true\" data-transition=\"crossfade\"><img decoding=\"async\" src=\"https:\/\/npkrka.hr\/wp-content\/uploads\/Vodenica-na-Roskom-slapu-kuhinja-4-scaled.jpg\" width=\"100%\" \/><img decoding=\"async\" src=\"https:\/\/npkrka.hr\/wp-content\/uploads\/Vodenice-na-Roskom-slapu-7.jpg\" width=\"100%\" \/><img decoding=\"async\" src=\"https:\/\/npkrka.hr\/wp-content\/uploads\/Vodenica-na-Roskom-slapu-pranje-sukna-2-scaled.jpg\" width=\"100%\" \/><img decoding=\"async\" src=\"https:\/\/npkrka.hr\/wp-content\/uploads\/Vodenica-na-Roskom-slapu-unutrasnjost-8-scaled.jpg\" width=\"100%\" \/><img decoding=\"async\" src=\"https:\/\/npkrka.hr\/wp-content\/uploads\/Vodenica-na-Roskom-slapu-kos-6.jpg\" width=\"100%\" \/><img decoding=\"async\" src=\"https:\/\/npkrka.hr\/wp-content\/uploads\/Vodenica-na-Roskom-slapu-unutrasnjost-1-scaled.jpg\" width=\"100%\" \/><img decoding=\"async\" src=\"https:\/\/npkrka.hr\/wp-content\/uploads\/Vodenica-na-Roskom-slapu-mlin-9-scaled.jpg\" width=\"100%\" \/><img decoding=\"async\" src=\"https:\/\/npkrka.hr\/wp-content\/uploads\/Vodenica-na-Roskom-slapu-mlinsko-kolo-11-scaled.jpg\" width=\"100%\" \/><img decoding=\"async\" src=\"https:\/\/npkrka.hr\/wp-content\/uploads\/Vodenica-na-Roskom-slapu-10-scaled.jpg\" width=\"100%\" \/><img decoding=\"async\" src=\"https:\/\/npkrka.hr\/wp-content\/uploads\/Vodenica-na-Roskom-slapu-unutrasnjost-3-scaled.jpg\" width=\"100%\" \/><img decoding=\"async\" src=\"https:\/\/npkrka.hr\/wp-content\/uploads\/Vodenice-na-Roskom-slapu-ispred-5.jpg\" width=\"100%\" \/><\/div><p>&nbsp;<\/p>\n<p>\u00a0<\/p>\n","protected":false},"excerpt":{"rendered":"<p>Kompleks vodenica na Ro\u0161kom slapu spada me\u0111u posebno zanimljive i dragocjene etnografske spomenike Dalmacije i Hrvatske. <\/p>\n","protected":false},"author":1,"featured_media":2331,"parent":189,"menu_order":1,"comment_status":"closed","ping_status":"closed","template":"","meta":{"footnotes":""},"class_list":["post-2330","page","type-page","status-publish","has-post-thumbnail","hentry"],"_links":{"self":[{"href":"https:\/\/npkrka.hr\/hr\/wp-json\/wp\/v2\/pages\/2330","targetHints":{"allow":["GET"]}}],"collection":[{"href":"https:\/\/npkrka.hr\/hr\/wp-json\/wp\/v2\/pages"}],"about":[{"href":"https:\/\/npkrka.hr\/hr\/wp-json\/wp\/v2\/types\/page"}],"author":[{"embeddable":true,"href":"https:\/\/npkrka.hr\/hr\/wp-json\/wp\/v2\/users\/1"}],"replies":[{"embeddable":true,"href":"https:\/\/npkrka.hr\/hr\/wp-json\/wp\/v2\/comments?post=2330"}],"version-history":[{"count":0,"href":"https:\/\/npkrka.hr\/hr\/wp-json\/wp\/v2\/pages\/2330\/revisions"}],"up":[{"embeddable":true,"href":"https:\/\/npkrka.hr\/hr\/wp-json\/wp\/v2\/pages\/189"}],"wp:featuredmedia":[{"embeddable":true,"href":"https:\/\/npkrka.hr\/hr\/wp-json\/wp\/v2\/media\/2331"}],"wp:attachment":[{"href":"https:\/\/npkrka.hr\/hr\/wp-json\/wp\/v2\/media?parent=2330"}],"curies":[{"name":"wp","href":"https:\/\/api.w.org\/{rel}","templated":true}]}}