{"id":233,"date":"2022-06-20T09:29:37","date_gmt":"2022-06-20T07:29:37","guid":{"rendered":"https:\/\/www.npkrka.hr\/?page_id=233"},"modified":"2023-10-18T13:58:07","modified_gmt":"2023-10-18T11:58:07","slug":"slap-rosnjak","status":"publish","type":"page","link":"https:\/\/npkrka.hr\/hr\/prirodna-bastina\/slapovi\/slap-rosnjak\/","title":{"rendered":"Slap Ro\u0161njak"},"content":{"rendered":"<p><strong>Svega kilometar nizvodno od najrasko\u0161nijeg slapa, 20,5 km od Krkina izvora, nalazi se najskromnija prepreka na rijeci, slap Ro\u0161njak, visok svega 8,4 m, \u0161irok 40 m. <\/strong><\/p>\r\n<p>Sa\u010dinjen od jedne jedine sedrene barijere, ali misti\u010dna izgleda, oku je dostupan samo iz daljine.<\/p>\r\n<p>Narod ga je nazvao Oltar. Od sedrenih tvorevina, na njemu uo\u010davamo brade, podbrade i male polu\u0161pilje. Vegetacijski je vrlo bogat i raznolik. Obrastao je vrbom rakitom (<em>Salix purpurea<\/em>), smokvom (<em>Ficus carica<\/em>), crnim grabom (<em>Ostrya carpinifolia<\/em>), crnim jasenom (<em>Fraxinus ornus<\/em>) i bijelim grabom (<em>Carpinus orientalis<\/em>).<\/p>\r\n<p>U vegetaciji mahovina dominira vrsta <em>Eucladium vertcillatum<\/em>, uz nju i <em>Palustriella commutata<\/em> i <em>Cratoneuron filicinum<\/em>. Skriven u dvjesto metara dubokom kanjonu, jedini je slap Krke na kojem, zbog njegove nepristupa\u010dnosti, nisu gra\u0111ene mlinice.<\/p>\r\n<div class=\"fotorama rounded-lg  shadow lblue-bg mt-5   \" data-width=\"100%\" data-ratio=\"16\/10\"  data-nav=\"thumbs\" data-autoplay=\"true\" data-arrows=\"true\" data-transition=\"crossfade\"><img decoding=\"async\" src=\"https:\/\/npkrka.hr\/wp-content\/uploads\/Rosnjak-4.jpg\" width=\"100%\" \/><img decoding=\"async\" src=\"https:\/\/npkrka.hr\/wp-content\/uploads\/Rosnjak-3.jpg\" width=\"100%\" \/><img decoding=\"async\" src=\"https:\/\/npkrka.hr\/wp-content\/uploads\/Rosnjak-5.jpg\" width=\"100%\" \/><img decoding=\"async\" src=\"https:\/\/npkrka.hr\/wp-content\/uploads\/Rosnjak-6.jpg\" width=\"100%\" \/><\/div><p>&nbsp;<\/p>\r\n<p>\u00a0<\/p>\r\n","protected":false},"excerpt":{"rendered":"<p>Svega kilometar nizvodno od najrasko\u0161nijeg slapa, 20,5 km od Krkina izvora, nalazi se najskromnija prepreka na rijeci, slap Ro\u0161njak, visok svega 8,4 m, \u0161irok 40 m.<\/p>\n","protected":false},"author":1,"featured_media":2852,"parent":154,"menu_order":4,"comment_status":"closed","ping_status":"closed","template":"","meta":{"footnotes":""},"class_list":["post-233","page","type-page","status-publish","has-post-thumbnail","hentry"],"_links":{"self":[{"href":"https:\/\/npkrka.hr\/hr\/wp-json\/wp\/v2\/pages\/233","targetHints":{"allow":["GET"]}}],"collection":[{"href":"https:\/\/npkrka.hr\/hr\/wp-json\/wp\/v2\/pages"}],"about":[{"href":"https:\/\/npkrka.hr\/hr\/wp-json\/wp\/v2\/types\/page"}],"author":[{"embeddable":true,"href":"https:\/\/npkrka.hr\/hr\/wp-json\/wp\/v2\/users\/1"}],"replies":[{"embeddable":true,"href":"https:\/\/npkrka.hr\/hr\/wp-json\/wp\/v2\/comments?post=233"}],"version-history":[{"count":0,"href":"https:\/\/npkrka.hr\/hr\/wp-json\/wp\/v2\/pages\/233\/revisions"}],"up":[{"embeddable":true,"href":"https:\/\/npkrka.hr\/hr\/wp-json\/wp\/v2\/pages\/154"}],"wp:featuredmedia":[{"embeddable":true,"href":"https:\/\/npkrka.hr\/hr\/wp-json\/wp\/v2\/media\/2852"}],"wp:attachment":[{"href":"https:\/\/npkrka.hr\/hr\/wp-json\/wp\/v2\/media?parent=233"}],"curies":[{"name":"wp","href":"https:\/\/api.w.org\/{rel}","templated":true}]}}