{"id":2317,"date":"2022-07-26T13:54:46","date_gmt":"2022-07-26T11:54:46","guid":{"rendered":"https:\/\/www.npkrka.hr\/?page_id=2317"},"modified":"2022-07-26T13:55:18","modified_gmt":"2022-07-26T11:55:18","slug":"sklopovi-vodenica-na-skradinskom-buku","status":"publish","type":"page","link":"https:\/\/npkrka.hr\/hr\/kulturna-bastina\/etnografija\/sklopovi-vodenica-na-skradinskom-buku\/","title":{"rendered":"Sklopovi vodenica na Skradinskom buku"},"content":{"rendered":"<p><strong>Vodenice na Skradinskom buku, na objema obalama rijeke, va\u017ean su spomenik gospodarske pro\u0161losti \u0160ibenika i njegova kraja jer su bile temeljni izvor ekonomske snage grada.<\/strong><\/p>\n<p>Vodenice na Skradinskom buku prvi se put spominju 1251. godine u dokumentu kojim je kralj Bela IV. razgrani\u010dio podru\u010dje \u0160ibenika i Trogira. U 14. i 15. stolje\u0107u vodenice na Krki imale su golemo zna\u010denje za cijelu isto\u010dnojadransku obalu jer su u njima mljeli svi gradovi od Istre do Dubrovnika. Postoje\u0107i sklopovi vodenica na Skradinskom buku uglavnom su izgra\u0111eni na mjestu starih mlini\u0161ta. Tipi\u010dnih su ruralnih stilskih karakteristika, \u0161to ote\u017eava pobli\u017eu dataciju objekata. Ipak, prema povijesnim podacima, sada\u0161nji kompleks mo\u017ee se datirati u vrijeme nakon prestanka turske opasnosti, odnosno 17. i po\u010detak 18. stolje\u0107a. Zidovi svih objekata izgra\u0111eni su od tvrdog kamena i sedre i vezani \u017ebukom, mje\u0161avinom vapna i pijeska ili gline. Krovi\u0161te i me\u0111ukatne konstrukcije zgrada izra\u0111eni su od drva, a pokrov je kupa kanalica (nekad su to bile kamene plo\u010de).<\/p>\n<p>Putovi do vodenica danas su poplo\u010deni nepravilnim kamenom. Na osnovi austrougarske katastarske karte s kraja 19. stolje\u0107a mo\u017ee se rekonstruirati tlocrtna situacija s pripadaju\u0107im imenima sklopova vodenica.<\/p>\n<div class=\"fotorama rounded-lg  shadow lblue-bg mt-5   \" data-width=\"100%\" data-ratio=\"16\/10\"  data-nav=\"thumbs\" data-autoplay=\"true\" data-arrows=\"true\" data-transition=\"crossfade\"><img decoding=\"async\" src=\"https:\/\/npkrka.hr\/wp-content\/uploads\/Vodenice-na-Skradinskom-buku-1-scaled.jpg\" width=\"100%\" \/><img decoding=\"async\" src=\"https:\/\/npkrka.hr\/wp-content\/uploads\/Vodenice-na-Skradinskom-buku-kovac-2-scaled.jpg\" width=\"100%\" \/><img decoding=\"async\" src=\"https:\/\/npkrka.hr\/wp-content\/uploads\/Vodenice-na-Skradinskom-buku-tkalja-6-scaled.jpg\" width=\"100%\" \/><img decoding=\"async\" src=\"https:\/\/npkrka.hr\/wp-content\/uploads\/Vodenice-na-Skradinskom-buku-tkalja-9-scaled.jpg\" width=\"100%\" \/><img decoding=\"async\" src=\"https:\/\/npkrka.hr\/wp-content\/uploads\/Vodenice-na-Skradinskom-buku-kovac-3-scaled.jpg\" width=\"100%\" \/><img decoding=\"async\" src=\"https:\/\/npkrka.hr\/wp-content\/uploads\/Vodenice-na-Skradinskom-buku-tkalja-5-scaled.jpg\" width=\"100%\" \/><img decoding=\"async\" src=\"https:\/\/npkrka.hr\/wp-content\/uploads\/Vodenice-na-Skradinskom-buku-kovac-7-scaled.jpg\" width=\"100%\" \/><img decoding=\"async\" src=\"https:\/\/npkrka.hr\/wp-content\/uploads\/Vodenice-na-Skradinskom-buku-mlinovi-8.jpg\" width=\"100%\" \/><img decoding=\"async\" src=\"https:\/\/npkrka.hr\/wp-content\/uploads\/Vodenice-na-Skradinskom-buku-peka-4-scaled.jpg\" width=\"100%\" \/><\/div><p>&nbsp;<\/p>\n<p>Sklop vodenica Gornja ku\u0107a sastoji se od ku\u0107e s mlinom i \u201eku\u017einom\u201d na katu, mlinareva stana i \u0161tale. Objekti su gra\u0111eni od kamena i sedre, s otvorima uokvirenim kamenim pragovima. Drveno krovi\u0161te pokriveno je kupom kanalicom. U prizemlju je prostorija sa \u0161est obnovljenih mlinskih kola, s pogonskim mehanizmom (ka\u0161ikarom), a na katu, gdje je bila \u201eku\u017eina\u201c s kuminom, danas je izlo\u017ebeni prostor. Do mlinice je sa\u010duvana ustava za skupljanje vode i \u0161est kanali\u0107a kojima se voda dovodila na mlinska kola. U produ\u017eetku vodenice je stupa (za pranje i omek\u0161ivanje sukna) i ko\u0161 (valjavica), koji je uklopljen u \u0161pilju.<\/p>\n<p>Preko kamenog mosti\u0107a s dvama lukovima prilazi se kompleksu koji \u010dine vodenice zvane \u017divku\u0161a i Kaliku\u0161a. Jednokatne zgrade vodenica gra\u0111ene su od kamena i sedre. Krov je na dvije vode, a pokriven je kupom kanalicom. Nekad su u prizemlju bili mlinovi, a na katu mlinarov stan. Do pogonskog mehanizma mlina u Kaliku\u0161i voda se od ustave dovodila kanali\u0107ima. Iza mlinica vide se ostaci stupe izdubljene u stijeni, kojoj se prilazi kamenim stubama.<\/p>\n<p>Na Skradinskom buku obnovljene su jo\u0161 dvije vodenice, Nova ku\u0107a I i Nova ku\u0107a II. U njih su postavljene tkala\u010dke radionice.<\/p>\n","protected":false},"excerpt":{"rendered":"<p>Vodenice na Skradinskom buku, na objema obalama rijeke, va\u017ean su spomenik gospodarske pro\u0161losti \u0160ibenika i njegova kraja jer su bile temeljni izvor ekonomske snage grada.<\/p>\n","protected":false},"author":1,"featured_media":2318,"parent":189,"menu_order":0,"comment_status":"closed","ping_status":"closed","template":"","meta":{"footnotes":""},"class_list":["post-2317","page","type-page","status-publish","has-post-thumbnail","hentry"],"_links":{"self":[{"href":"https:\/\/npkrka.hr\/hr\/wp-json\/wp\/v2\/pages\/2317","targetHints":{"allow":["GET"]}}],"collection":[{"href":"https:\/\/npkrka.hr\/hr\/wp-json\/wp\/v2\/pages"}],"about":[{"href":"https:\/\/npkrka.hr\/hr\/wp-json\/wp\/v2\/types\/page"}],"author":[{"embeddable":true,"href":"https:\/\/npkrka.hr\/hr\/wp-json\/wp\/v2\/users\/1"}],"replies":[{"embeddable":true,"href":"https:\/\/npkrka.hr\/hr\/wp-json\/wp\/v2\/comments?post=2317"}],"version-history":[{"count":0,"href":"https:\/\/npkrka.hr\/hr\/wp-json\/wp\/v2\/pages\/2317\/revisions"}],"up":[{"embeddable":true,"href":"https:\/\/npkrka.hr\/hr\/wp-json\/wp\/v2\/pages\/189"}],"wp:featuredmedia":[{"embeddable":true,"href":"https:\/\/npkrka.hr\/hr\/wp-json\/wp\/v2\/media\/2318"}],"wp:attachment":[{"href":"https:\/\/npkrka.hr\/hr\/wp-json\/wp\/v2\/media?parent=2317"}],"curies":[{"name":"wp","href":"https:\/\/api.w.org\/{rel}","templated":true}]}}