{"id":230,"date":"2022-06-20T09:27:12","date_gmt":"2022-06-20T07:27:12","guid":{"rendered":"https:\/\/www.npkrka.hr\/?page_id=230"},"modified":"2022-08-23T10:46:56","modified_gmt":"2022-08-23T08:46:56","slug":"miljacka-slap","status":"publish","type":"page","link":"https:\/\/npkrka.hr\/hr\/prirodna-bastina\/slapovi\/miljacka-slap\/","title":{"rendered":"Miljacka slap"},"content":{"rendered":"<p><strong>Miljacka slap, od izvora udaljen 21,5 km, peti je slap na putu Krke prema u\u0161\u0107u. <\/strong><\/p>\r\n<p>Visok je 23,8 m, \u0161irok 50 \u2013 60 m. Na tom se mjestu Krkinim vodama kroz izvor Miljacka pridru\u017euju vode rijeke Zrmanje.<\/p>\r\n<p>Taj je izvor izravna veza izme\u0111u tih dviju rijeka, \u0161to je jedinstven hidrogeolo\u0161ki fenomen. U gornjem dijelu slapa, stije\u0161njenog izme\u0111u visokih stijena, uo\u010davamo brade i polu\u0161pilje, a u donjem niske pragove.<\/p>\r\n<p>Slap se sastoji od tri velike i brojnih malih sedrenih stepenica. Okru\u017een je submediteranskim raslinjem. Bogat je raznim vrstama mahovina: u vodi nalazimo vrste <em>Eucladium vertillicatum<\/em> i <em>Cinclidotus aquaticus<\/em>, na stijenama vrstu <em>Palustriella commutata<\/em> i sitnu vrstu <em>Southbya<\/em> sp., a na dijelovima slapa koji su povremeno bez vode vrste <em>Cinclidotus riparius<\/em>, <em>Cratoneuron filicinum<\/em> i mnoge druge.<\/p>\r\n<p>U blizini Miljacka slapa nalaze se brojni speleolo\u0161ki objekti. \u0160pilja Miljacka II, najve\u0107a \u0161pilja na podru\u010dju NP \u201eKrka\u201c, dom je mnogim endemi\u010dnim i za\u0161ti\u0107enim podzemnim \u017eivotinjama, me\u0111u kojima i \u010dovje\u010djoj ribici i dugonogom \u0161i\u0161mi\u0161u.<\/p>\r\n<p>Na lijevoj obali rijeke, ispod rasko\u0161nog slapa, nalazi se najve\u0107a hidroelektrana na Krki, HE Miljacka, do 1910. godine najsna\u017enija hidroelektrana u Europi.<\/p>\r\n<div class=\"fotorama rounded-lg  shadow lblue-bg mt-5   \" data-width=\"100%\" data-ratio=\"16\/10\"  data-nav=\"thumbs\" data-autoplay=\"true\" data-arrows=\"true\" data-transition=\"crossfade\"><img decoding=\"async\" src=\"https:\/\/npkrka.hr\/wp-content\/uploads\/Miljacka-slap-3.jpg\" width=\"100%\" \/><img decoding=\"async\" src=\"https:\/\/npkrka.hr\/wp-content\/uploads\/Miljacka-slap-4.jpg\" width=\"100%\" \/><img decoding=\"async\" src=\"https:\/\/npkrka.hr\/wp-content\/uploads\/Miljacka-slap-2.jpg\" width=\"100%\" \/><img decoding=\"async\" src=\"https:\/\/npkrka.hr\/wp-content\/uploads\/Miljacka-slap-1-scaled.jpg\" width=\"100%\" \/><img decoding=\"async\" src=\"https:\/\/npkrka.hr\/wp-content\/uploads\/Miljacka-slap-5-scaled.jpg\" width=\"100%\" \/><\/div><p>&nbsp;<\/p>\r\n","protected":false},"excerpt":{"rendered":"<p>Miljacka slap, od izvora udaljen 21,5 km, peti je slap na putu Krke prema u\u0161\u0107u.<\/p>\n","protected":false},"author":1,"featured_media":2856,"parent":154,"menu_order":5,"comment_status":"closed","ping_status":"closed","template":"","meta":{"footnotes":""},"class_list":["post-230","page","type-page","status-publish","has-post-thumbnail","hentry"],"_links":{"self":[{"href":"https:\/\/npkrka.hr\/hr\/wp-json\/wp\/v2\/pages\/230","targetHints":{"allow":["GET"]}}],"collection":[{"href":"https:\/\/npkrka.hr\/hr\/wp-json\/wp\/v2\/pages"}],"about":[{"href":"https:\/\/npkrka.hr\/hr\/wp-json\/wp\/v2\/types\/page"}],"author":[{"embeddable":true,"href":"https:\/\/npkrka.hr\/hr\/wp-json\/wp\/v2\/users\/1"}],"replies":[{"embeddable":true,"href":"https:\/\/npkrka.hr\/hr\/wp-json\/wp\/v2\/comments?post=230"}],"version-history":[{"count":0,"href":"https:\/\/npkrka.hr\/hr\/wp-json\/wp\/v2\/pages\/230\/revisions"}],"up":[{"embeddable":true,"href":"https:\/\/npkrka.hr\/hr\/wp-json\/wp\/v2\/pages\/154"}],"wp:featuredmedia":[{"embeddable":true,"href":"https:\/\/npkrka.hr\/hr\/wp-json\/wp\/v2\/media\/2856"}],"wp:attachment":[{"href":"https:\/\/npkrka.hr\/hr\/wp-json\/wp\/v2\/media?parent=230"}],"curies":[{"name":"wp","href":"https:\/\/api.w.org\/{rel}","templated":true}]}}