{"id":23,"date":"2022-06-02T13:29:05","date_gmt":"2022-06-02T11:29:05","guid":{"rendered":"https:\/\/www.npkrka.hr\/?page_id=23"},"modified":"2024-12-31T09:14:54","modified_gmt":"2024-12-31T08:14:54","slug":"o-nama","status":"publish","type":"page","link":"https:\/\/npkrka.hr\/hr\/o-nama\/","title":{"rendered":"O nama"},"content":{"rendered":"<p><strong>Nacionalni park \u201eKrka\u201c smje\u0161ten je na podru\u010dju \u0160ibensko-kninske \u017eupanije i obuhva\u0107a povr\u0161inu od 109 km\u00b2 najljep\u0161eg toka rijeke Krke i donji tok rijeke \u010cikole.<\/strong><\/p>\r\n<p>Nacionalni park je prostrano, prete\u017eito neizmijenjeno podru\u010dje iznimnih i vi\u0161estrukih prirodnih vrijednosti, a obuhva\u0107a jedan ili vi\u0161e sa\u010duvanih ili neznatno izmijenjenih ekosustava. Namjena mu je prije svega znanstvena, kulturna, odgojno-obrazovna i rekreativna, a zbog posjetitelja postoje i turisti\u010dke djelatnosti.<\/p>\r\n<p>S potopljenim dijelom u\u0161\u0107a Krka je duga oko 72,5 km i po du\u017eini je 22. rijeka u Hrvatskoj. Izvire u podno\u017eju planine Dinare, 3,5 km sjeveroisto\u010dno od Knina. Sa sedam sedrenih slapova i ukupnim padom od 224 m, Krka je prirodni i kr\u0161ki fenomen. Sedreni slapovi rijeke Krke temeljni su fenomen ove rijeke.<\/p>\r\n<p>Ve\u0107 je sredinom 20. stolje\u0107a prepoznata potreba da se pravno za\u0161titi rijeka Krka zbog iznimnih prirodnih vrijednosti koje treba o\u010duvati. Inicijativa za progla\u0161enje rijeke Krke nacionalnim parkom pokrenuta je 1971., kada je izra\u0111en prostorni plan koji je nosio naziv\u00a0<em>Nacionalni park \u201eKrka\u201c: razvojni prostorni plan<\/em>.\u00a0Podru\u010dje od starohrvatskih utvrda Tro\u0161enj i Ne\u010dven do \u0160ibenskog mosta, uklju\u010duju\u0107i i tri i pol kilometra toka rijeke \u010cikole, ukupne povr\u0161ine 142 km\u00b2, Sabor SR Hrvatske 24. sije\u010dnja 1985. proglasio je nacionalnim parkom. Zbog \u010detiriju urbanih mjesta (Skradin, Bilice, Raslina i Zaton), izgradnje autoceste Zagreb \u2013 Split te razvoja turizma i ostalih privrednih djelatnosti na tom podru\u010dju, Sabor Republike Hrvatske Zakonom o izmjenama Zakona o progla\u0161enju Nacionalnog parka \u201eKrka\u201d 1997. godine revidira granice Parka. Ju\u017ena granica Parka pomaknuta je uzvodno do Skradinskog mosta, a sjeverna gotovo do Knina. Granica Nacionalnog parka \u201eKrka\u201c prote\u017ee se 50 km uz gornji i srednji tok rijeke Krke (dva kilometra nizvodno od Knina pa do Skradina) i donji tok \u010cikole (obuhva\u0107aju\u0107i u\u0161\u0107e i 3,5 km kanjona rijeke), na prostoru gradova Knina, Drni\u0161a, Skradina i \u0160ibenika i op\u0107ina Ervenika, Kistanja i Promine.<\/p>\r\n<p><strong>Sjedi\u0161te Javne ustanove \u201eNP Krka\u201c nalazi se u \u0160ibeniku na Trgu Ivana Pavla II. br. 5, a ispostave su u Skradinu, Drni\u0161u i Kninu.<\/strong><\/p>\r\n<p>Nacionalnim parkom \u201eKrka\u201c upravlja Javna ustanova u nadle\u017enosti Ministarstva za\u0161tite okoli\u0161a i zelene tranzicije RH. Djelatnost Ustanove uklju\u010duje za\u0161titu, odr\u017eavanje i promicanje Nacionalnog parka u cilju za\u0161tite i o\u010duvanja izvornosti prirodnih dobara te nadzor nad provo\u0111enjem uvjeta i mjera za\u0161tite prirode na za\u0161ti\u0107enom podru\u010dju.<\/p>\r\n<p>Tijela Javne ustanove \u010dine Upravno vije\u0107e i ravnatelj. Upravno vije\u0107e upravlja Ustanovom, a poslovanje Ustanove organizira i vodi ravnatelj kojeg imenuje ministar za\u0161tite okoli\u0161a i zelene tranzicije. Javna ustanova \u201eNacionalni park Krka\u201c podijeljena je u \u0161est slu\u017ebi i 15 odsjeka kojima upravlja Ured ravnatelja.<\/p>\r\n","protected":false},"excerpt":{"rendered":"<p>Nacionalni park \u201cKrka\u201d smje\u0161ten je na podru\u010dju \u0160ibensko-kninske \u017eupanije i obuhva\u0107a povr\u0161inu od 109 km\u00b2 najljep\u0161eg toka rijeke Krke i donji tok rijeke \u010cikole.<\/p>\n","protected":false},"author":1,"featured_media":18,"parent":0,"menu_order":0,"comment_status":"closed","ping_status":"closed","template":"","meta":{"footnotes":""},"class_list":["post-23","page","type-page","status-publish","has-post-thumbnail","hentry"],"_links":{"self":[{"href":"https:\/\/npkrka.hr\/hr\/wp-json\/wp\/v2\/pages\/23","targetHints":{"allow":["GET"]}}],"collection":[{"href":"https:\/\/npkrka.hr\/hr\/wp-json\/wp\/v2\/pages"}],"about":[{"href":"https:\/\/npkrka.hr\/hr\/wp-json\/wp\/v2\/types\/page"}],"author":[{"embeddable":true,"href":"https:\/\/npkrka.hr\/hr\/wp-json\/wp\/v2\/users\/1"}],"replies":[{"embeddable":true,"href":"https:\/\/npkrka.hr\/hr\/wp-json\/wp\/v2\/comments?post=23"}],"version-history":[{"count":0,"href":"https:\/\/npkrka.hr\/hr\/wp-json\/wp\/v2\/pages\/23\/revisions"}],"wp:featuredmedia":[{"embeddable":true,"href":"https:\/\/npkrka.hr\/hr\/wp-json\/wp\/v2\/media\/18"}],"wp:attachment":[{"href":"https:\/\/npkrka.hr\/hr\/wp-json\/wp\/v2\/media?parent=23"}],"curies":[{"name":"wp","href":"https:\/\/api.w.org\/{rel}","templated":true}]}}