{"id":2274,"date":"2022-07-26T13:31:52","date_gmt":"2022-07-26T11:31:52","guid":{"rendered":"https:\/\/www.npkrka.hr\/?page_id=2274"},"modified":"2022-09-27T12:59:30","modified_gmt":"2022-09-27T10:59:30","slug":"cudato","status":"publish","type":"page","link":"https:\/\/npkrka.hr\/hr\/kulturna-bastina\/srednjovjekovne-utvrde\/cudato\/","title":{"rendered":"Cudato"},"content":{"rendered":"<p><strong>Tajanstvena srednjovjekovna utvrda <em>Cudato<\/em> iznad slapa Bilu\u0161i\u0107a buka najmanje je poznata utvrda na Krki, jedina koju srednjovjekovni izvori ne spominju. <\/strong><\/p>\n<p>Srednjovjekovnu utvrdu na desnoj obali rijeke Krke u gornjem dijelu njezina toka, podignutu na isturenoj hridi s koje se pru\u017ea pogled na Bilu\u0161i\u0107a buk, koju je prvi opisao Grgur Urli\u0107-Ivanovi\u0107, rekognoscirao je arheolog Stjepan Gunja\u010da, koji je zabilje\u017eio ostatke zidova. Gunja\u010da smatra da je rije\u010d o manjem srednjovjekovnom utvr\u0111enju, za koji rabi toponim \u201eGrad\u201c. Polo\u017eaj utvrde govori da je iz nje nadziran prijelaz preko sedrene barijere.<\/p>\n<p>O vremenu kada je utvrda sagra\u0111ena mo\u017ee se samo naga\u0111ati s obzirom da nije zabilje\u017eena u pisanim izvorima, ili je pak zabilje\u017eena pod druga\u010dijim imenom. Mo\u017ee se samo pretpostaviti da je sagra\u0111ena istovremeno s ostalim utvrdama koje su \u010dinile fortifikacijski sustav rijeke Krke a koje potje\u010du iz vremena sukoba obitelji \u0160ubi\u0107 i Nelipi\u0107.<\/p>\n<p>Najstariji dokaz njezina postojanja se\u017ee u 16. st.: na karti Matea Pagana iz toga vremena zabilje\u017eena je kao utvrda <em>Cudato<\/em>. Ponovno je zabilje\u017eena stolje\u0107e kasnije, u mleta\u010dkim katastrima, pod nazivima <em>Castel Vechio<\/em> i <em>Torre Antica<\/em>.<\/p>\n<div class=\"fotorama rounded-lg  shadow lblue-bg mt-5   \" data-width=\"100%\" data-ratio=\"16\/10\"  data-nav=\"thumbs\" data-autoplay=\"true\" data-arrows=\"true\" data-transition=\"crossfade\"><img decoding=\"async\" src=\"https:\/\/npkrka.hr\/wp-content\/uploads\/Cudato-3-scaled.jpg\" width=\"100%\" \/><img decoding=\"async\" src=\"https:\/\/npkrka.hr\/wp-content\/uploads\/Cudato-2-scaled.jpg\" width=\"100%\" \/><img decoding=\"async\" src=\"https:\/\/npkrka.hr\/wp-content\/uploads\/Cudato-1-scaled.jpg\" width=\"100%\" \/><\/div><p>&nbsp;<\/p>\n","protected":false},"excerpt":{"rendered":"<p>Tajanstvena srednjovjekovna utvrda Cudato iznad slapa Bilu\u0161i\u0107a buka najmanje je poznata utvrda na Krki, jedina koju srednjovjekovni izvori ne spominju.<\/p>\n","protected":false},"author":1,"featured_media":2276,"parent":182,"menu_order":8,"comment_status":"closed","ping_status":"closed","template":"","meta":{"footnotes":""},"class_list":["post-2274","page","type-page","status-publish","has-post-thumbnail","hentry"],"_links":{"self":[{"href":"https:\/\/npkrka.hr\/hr\/wp-json\/wp\/v2\/pages\/2274","targetHints":{"allow":["GET"]}}],"collection":[{"href":"https:\/\/npkrka.hr\/hr\/wp-json\/wp\/v2\/pages"}],"about":[{"href":"https:\/\/npkrka.hr\/hr\/wp-json\/wp\/v2\/types\/page"}],"author":[{"embeddable":true,"href":"https:\/\/npkrka.hr\/hr\/wp-json\/wp\/v2\/users\/1"}],"replies":[{"embeddable":true,"href":"https:\/\/npkrka.hr\/hr\/wp-json\/wp\/v2\/comments?post=2274"}],"version-history":[{"count":0,"href":"https:\/\/npkrka.hr\/hr\/wp-json\/wp\/v2\/pages\/2274\/revisions"}],"up":[{"embeddable":true,"href":"https:\/\/npkrka.hr\/hr\/wp-json\/wp\/v2\/pages\/182"}],"wp:featuredmedia":[{"embeddable":true,"href":"https:\/\/npkrka.hr\/hr\/wp-json\/wp\/v2\/media\/2276"}],"wp:attachment":[{"href":"https:\/\/npkrka.hr\/hr\/wp-json\/wp\/v2\/media?parent=2274"}],"curies":[{"name":"wp","href":"https:\/\/api.w.org\/{rel}","templated":true}]}}