{"id":2265,"date":"2022-07-26T13:28:43","date_gmt":"2022-07-26T11:28:43","guid":{"rendered":"https:\/\/www.npkrka.hr\/?page_id=2265"},"modified":"2022-07-26T13:29:14","modified_gmt":"2022-07-26T11:29:14","slug":"uzdah-kula","status":"publish","type":"page","link":"https:\/\/npkrka.hr\/hr\/kulturna-bastina\/srednjovjekovne-utvrde\/uzdah-kula\/","title":{"rendered":"Uzdah-kula"},"content":{"rendered":"<p><strong>Nad strmim kanjonom danas se mogu vidjeti ostaci Uzdah-kule, utvrde koja je nadahnula jednu od naljep\u0161ih legendi Pokr\u010dja. <\/strong><\/p>\n<p>Na sjeveroisto\u010dnoj strani sela Dubravica nalaze se ostatci srednjovjekovne utvrde Uzdah-kule. Sagradila ju je obitelj \u0160ubi\u0107 kako bi nadzirala put koji je Skradin povezivao sa zale\u0111em. Kao i ve\u0107ina utvrda na rijeci Krki, Uzdah-kula imala je centralnu kru\u017enu kulu i utvr\u0111enu zaravan, od kojih se danas vide samo skromni nadzemni ostatci. Utvrda je vi\u0161e puta mijenjala gospodare. Godine 1522. osvojili su je, zajedno s gradom Skradinom, Turci. Nakon njihova odlaska sa skradinskog podru\u010dja koncem 17. stolje\u0107a, izgubila je strate\u0161ki zna\u010daj, pa je njezin kamen kori\u0161ten za gradnju ku\u0107a u Dubravicama i Rupama.<\/p>\n<p>Stare utvrde oduvijek su golicale ma\u0161tu stanovnika obli\u017enjih sela. Legenda o Uzdah-kuli govori o ljepotici Stani iz Rupa, koja je svoje srce poklonila Pavlu Mandu\u0161i\u0107u. No njezina je ljepota o\u010darala i Huseina, doglavnika i najdra\u017eeg vojnika okrutnog Mehmed-bega. Kad je Husein preminuo od ozljeda koje je zadobio kad je pao sa stabla dok je slijedio (uhodio) Stanu, Mehmed-beg je za njegovu smrt okrivio stanovnike Rupa i dao ih pohvatati i dovesti u \u010cu\u010devo. Pavla je zatvorio u kulu, u kojoj je danima uzdisao za ljubljenom Stanom. Putnici i pastiri koji su ga \u010duli kulu su prozvali Uzdah-kulom. Sretna ina\u010dica pri\u010de ka\u017ee da se Mejrana, potur\u010dena Mehmed-begova \u017eena, sjetila vjere svojih otaca pa je sa sinom Alijom no\u0107u oslobodila zatvorenike, koji su se vratili u Rupe, podigli na noge seljane i uz njihovu pomo\u0107 oslobodili Pavla. Pavao je zapalio kulu kako koji drugi nesretnik ne bi do\u017eivio njegovu sudbinu. Kad je to saznao Mehmed-beg, srce mu pukne od ljutnje, a njegov sin Alija pusti Rupljane da se u miru vrate ku\u0107ama. Pavao i Stana vjen\u010dali su se u Gospinom sveti\u0161tu na Visovcu.<\/p>\n<div class=\"fotorama rounded-lg  shadow lblue-bg mt-5   \" data-width=\"100%\" data-ratio=\"16\/10\"  data-nav=\"thumbs\" data-autoplay=\"true\" data-arrows=\"true\" data-transition=\"crossfade\"><img decoding=\"async\" src=\"https:\/\/npkrka.hr\/wp-content\/uploads\/Uzdah-kula-2-scaled.jpg\" width=\"100%\" \/><img decoding=\"async\" src=\"https:\/\/npkrka.hr\/wp-content\/uploads\/Uzdah-kula-3-scaled.jpg\" width=\"100%\" \/><\/div><p>&nbsp;<\/p>\n<p>\u00a0<\/p>\n","protected":false},"excerpt":{"rendered":"<p>Nad strmim kanjonom danas se mogu vidjeti ostaci Uzdah-kule, utvrde koja je nadahnula jednu od naljep\u0161ih legendi Pokr\u010dja. <\/p>\n","protected":false},"author":1,"featured_media":2266,"parent":182,"menu_order":7,"comment_status":"closed","ping_status":"closed","template":"","meta":{"footnotes":""},"class_list":["post-2265","page","type-page","status-publish","has-post-thumbnail","hentry"],"_links":{"self":[{"href":"https:\/\/npkrka.hr\/hr\/wp-json\/wp\/v2\/pages\/2265","targetHints":{"allow":["GET"]}}],"collection":[{"href":"https:\/\/npkrka.hr\/hr\/wp-json\/wp\/v2\/pages"}],"about":[{"href":"https:\/\/npkrka.hr\/hr\/wp-json\/wp\/v2\/types\/page"}],"author":[{"embeddable":true,"href":"https:\/\/npkrka.hr\/hr\/wp-json\/wp\/v2\/users\/1"}],"replies":[{"embeddable":true,"href":"https:\/\/npkrka.hr\/hr\/wp-json\/wp\/v2\/comments?post=2265"}],"version-history":[{"count":0,"href":"https:\/\/npkrka.hr\/hr\/wp-json\/wp\/v2\/pages\/2265\/revisions"}],"up":[{"embeddable":true,"href":"https:\/\/npkrka.hr\/hr\/wp-json\/wp\/v2\/pages\/182"}],"wp:featuredmedia":[{"embeddable":true,"href":"https:\/\/npkrka.hr\/hr\/wp-json\/wp\/v2\/media\/2266"}],"wp:attachment":[{"href":"https:\/\/npkrka.hr\/hr\/wp-json\/wp\/v2\/media?parent=2265"}],"curies":[{"name":"wp","href":"https:\/\/api.w.org\/{rel}","templated":true}]}}