{"id":2253,"date":"2022-07-26T13:25:24","date_gmt":"2022-07-26T11:25:24","guid":{"rendered":"https:\/\/www.npkrka.hr\/?page_id=2253"},"modified":"2022-07-26T13:25:55","modified_gmt":"2022-07-26T11:25:55","slug":"rogovo","status":"publish","type":"page","link":"https:\/\/npkrka.hr\/hr\/kulturna-bastina\/srednjovjekovne-utvrde\/rogovo\/","title":{"rendered":"Rogovo"},"content":{"rendered":"<p><strong>Iznad pitoresknog kanjona Me\u0111u gredama, na vrhu \u201eroga\u201c, odakle se pogled stere na plave vode tjesnaca, stra\u017earilo je Rogovo, utvrda u posjedu \u0160ubi\u0107a (Bribirskih knezova).<\/strong><\/p>\n<p>Utvrda Rogovo (Rog) podignuta je iznad kanjona Me\u0111u gredama, na desnoj obali Krke, na mjestu gdje rijeka utje\u010de u Visova\u010dko jezero. Njezini ostatci danas nisu vidljivi, ali potvrde o njezinu postojanju pronalazimo u pisanim izvorima i na karti Matea Pagana iz 16. st. na kojoj je ucrtana, pod nazivom Martinu\u0161i\u0107, nasuprot utvrdi Kami\u010dak. Na mjestu nekada\u0161nje utvrde danas se nalazi vidikovac kojim zavr\u0161ava pje\u0161a\u010dka staza Rogovo.<\/p>\n<p>U povijesnim izvorima iz sredine 14. stolje\u0107a spominje se kao posjed kneza Budislava Ugrini\u0107a. Njemu je ugarsko-hrvatski kralj Ludovik I. u dva navrata, 1345. i 1356. godine, potvrdio vlasni\u0161tvo nad Rogovom i otokom Visovcem. Obli\u017enji lokalitet sa slapovima dobio je ime Ro\u0161ki slap prema toj utvrdi.<\/p>\n<p>Utvrda je u posjedu obitelji Ugrini\u0107 bila do 1522. godine, kad su \u010ditav kraj zaposjeli Osmanlije. Nakon \u0161to je izgubila nekada\u0161nji strate\u0161ki zna\u010daj, vi\u0161e nije obnavljana.<\/p>\n<div class=\"fotorama rounded-lg  shadow lblue-bg mt-5   \" data-width=\"100%\" data-ratio=\"16\/10\"  data-nav=\"thumbs\" data-autoplay=\"true\" data-arrows=\"true\" data-transition=\"crossfade\"><img decoding=\"async\" src=\"https:\/\/npkrka.hr\/wp-content\/uploads\/Rogovo-Visovac-3-scaled.jpg\" width=\"100%\" \/><img decoding=\"async\" src=\"https:\/\/npkrka.hr\/wp-content\/uploads\/Rogovo-kanjon-2-scaled.jpg\" width=\"100%\" \/><img decoding=\"async\" src=\"https:\/\/npkrka.hr\/wp-content\/uploads\/Rogovo-Visovac-jesen-6-scaled.jpg\" width=\"100%\" \/><img decoding=\"async\" src=\"https:\/\/npkrka.hr\/wp-content\/uploads\/Rogovo-Roski-slap-kanjon-iz-zraka-7-scaled.jpg\" width=\"100%\" \/><img decoding=\"async\" src=\"https:\/\/npkrka.hr\/wp-content\/uploads\/Rogovo-vidikovac-4-scaled.jpg\" width=\"100%\" \/><img decoding=\"async\" src=\"https:\/\/npkrka.hr\/wp-content\/uploads\/Rogovo-vidikovac-5-scaled.jpg\" width=\"100%\" \/><img decoding=\"async\" src=\"https:\/\/npkrka.hr\/wp-content\/uploads\/Rogovo-utvrda-1-scaled.jpg\" width=\"100%\" \/><\/div><p>&nbsp;<\/p>\n","protected":false},"excerpt":{"rendered":"<p>Iznad pitoresknog kanjona Me\u0111u gredama, na vrhu \u201eroga\u201c, odakle se pogled stere na plave vode tjesnaca, stra\u017earilo je Rogovo, utvrda u posjedu \u0160ubi\u0107a (Bribirskih knezova).<\/p>\n","protected":false},"author":1,"featured_media":2259,"parent":182,"menu_order":6,"comment_status":"closed","ping_status":"closed","template":"","meta":{"footnotes":""},"class_list":["post-2253","page","type-page","status-publish","has-post-thumbnail","hentry"],"_links":{"self":[{"href":"https:\/\/npkrka.hr\/hr\/wp-json\/wp\/v2\/pages\/2253","targetHints":{"allow":["GET"]}}],"collection":[{"href":"https:\/\/npkrka.hr\/hr\/wp-json\/wp\/v2\/pages"}],"about":[{"href":"https:\/\/npkrka.hr\/hr\/wp-json\/wp\/v2\/types\/page"}],"author":[{"embeddable":true,"href":"https:\/\/npkrka.hr\/hr\/wp-json\/wp\/v2\/users\/1"}],"replies":[{"embeddable":true,"href":"https:\/\/npkrka.hr\/hr\/wp-json\/wp\/v2\/comments?post=2253"}],"version-history":[{"count":0,"href":"https:\/\/npkrka.hr\/hr\/wp-json\/wp\/v2\/pages\/2253\/revisions"}],"up":[{"embeddable":true,"href":"https:\/\/npkrka.hr\/hr\/wp-json\/wp\/v2\/pages\/182"}],"wp:featuredmedia":[{"embeddable":true,"href":"https:\/\/npkrka.hr\/hr\/wp-json\/wp\/v2\/media\/2259"}],"wp:attachment":[{"href":"https:\/\/npkrka.hr\/hr\/wp-json\/wp\/v2\/media?parent=2253"}],"curies":[{"name":"wp","href":"https:\/\/api.w.org\/{rel}","templated":true}]}}