{"id":225,"date":"2022-06-20T09:24:38","date_gmt":"2022-06-20T07:24:38","guid":{"rendered":"https:\/\/www.npkrka.hr\/?page_id=225"},"modified":"2022-09-30T10:58:45","modified_gmt":"2022-09-30T08:58:45","slug":"roski-slap","status":"publish","type":"page","link":"https:\/\/npkrka.hr\/hr\/prirodna-bastina\/slapovi\/roski-slap\/","title":{"rendered":"Ro\u0161ki slap"},"content":{"rendered":"<p><strong>\u0160esti, pretposljednji slap rijeke Krke, 35,5 km udaljen od izvora, ime duguje gradini Rog. <\/strong><\/p>\r\n<p>Visok je 25,5 m, dug 650 m. Prepoznatljiv je po sedrenim kaskadama na po\u010detku barijere, koje zbog svoje ljepote nose naziv <em>Ogrlice<\/em>.<\/p>\r\n<p>Od sedrenih oblika, tu nalazimo brade, \u0161pilje, pragove i \u010dunjeve, koji su njegova osobitost. Najvi\u0161i slap, na kraju barijere, \u0161iri se kao lijevak i bu\u010dno obru\u0161ava u Visova\u010dko jezero.<\/p>\r\n<p>Ro\u0161ki slap bogat je vegetacijom. Na barijerama nalazimo mahovine (<em>Cinclidotus aquaticus<\/em>, <em>Rhynchostegium riparoides<\/em>, <em>Fontinalis antipyretica<\/em>, <em>Pellia endiviifolia<\/em>), u plitkoj i mirnoj vodi zajednice niskih zeljastih biljaka, a u dubokoj zajednice tr\u0161\u0107aka.<\/p>\r\n<p>Ro\u0161ki slap okru\u017euju bijela vrba (<em>Salix alba<\/em>), vrba rakita (<em>Salix purpurea<\/em>) i poljski jasen (<em>Fraxinus angustifolia<\/em>).<\/p>\r\n<p>Posjetiteljima su posebno atraktivne obnovljene mlinice, stupa za obradu vune i valjavica za pranje sukna \u2013 spomenici tradicijskog graditeljstva i gospodarske pro\u0161losti toga kraja.<\/p>\r\n<p>Obale Krke na tom su mjestu jo\u0161 od rimskih vremena spojene cestom. U blizini Ro\u0161koga slapa nalazi se Ozi\u0111ana pe\u0107ina, koja \u010duva najstarije tragove \u010dovjekova \u017eivota na tom prostoru.<\/p>\r\n<p>Na desnoj obali Krke 1910. godine izgra\u0111ena je mala proto\u010dna hidroelektrana Ro\u0161ki slap.<\/p>\r\n<div class=\"fotorama rounded-lg  shadow lblue-bg mt-5   \" data-width=\"100%\" data-ratio=\"16\/10\"  data-nav=\"thumbs\" data-autoplay=\"true\" data-arrows=\"true\" data-transition=\"crossfade\"><img decoding=\"async\" src=\"https:\/\/npkrka.hr\/wp-content\/uploads\/Roski-slap-Ogrlice-iz-zraka-scaled.jpg\" width=\"100%\" \/><img decoding=\"async\" src=\"https:\/\/npkrka.hr\/wp-content\/uploads\/Roski-slap-4-scaled.jpg\" width=\"100%\" \/><img decoding=\"async\" src=\"https:\/\/npkrka.hr\/wp-content\/uploads\/Roski-slap-3-scaled.jpg\" width=\"100%\" \/><img decoding=\"async\" src=\"https:\/\/npkrka.hr\/wp-content\/uploads\/Roski-slap-1-scaled.jpg\" width=\"100%\" \/><img decoding=\"async\" src=\"https:\/\/npkrka.hr\/wp-content\/uploads\/Roski-slap-2-scaled.jpg\" width=\"100%\" \/><img decoding=\"async\" src=\"https:\/\/npkrka.hr\/wp-content\/uploads\/Roski-slap-Ogrlice-i-most.jpg\" width=\"100%\" \/><img decoding=\"async\" src=\"https:\/\/npkrka.hr\/wp-content\/uploads\/Roski-slap-5-scaled.jpg\" width=\"100%\" \/><\/div><p>&nbsp;<\/p>\r\n","protected":false},"excerpt":{"rendered":"<p>\u0160esti, pretposljednji slap rijeke Krke, 35,5 km udaljen od izvora, ime duguje gradini Rog.<\/p>\n","protected":false},"author":1,"featured_media":2867,"parent":154,"menu_order":6,"comment_status":"closed","ping_status":"closed","template":"","meta":{"footnotes":""},"class_list":["post-225","page","type-page","status-publish","has-post-thumbnail","hentry"],"_links":{"self":[{"href":"https:\/\/npkrka.hr\/hr\/wp-json\/wp\/v2\/pages\/225","targetHints":{"allow":["GET"]}}],"collection":[{"href":"https:\/\/npkrka.hr\/hr\/wp-json\/wp\/v2\/pages"}],"about":[{"href":"https:\/\/npkrka.hr\/hr\/wp-json\/wp\/v2\/types\/page"}],"author":[{"embeddable":true,"href":"https:\/\/npkrka.hr\/hr\/wp-json\/wp\/v2\/users\/1"}],"replies":[{"embeddable":true,"href":"https:\/\/npkrka.hr\/hr\/wp-json\/wp\/v2\/comments?post=225"}],"version-history":[{"count":0,"href":"https:\/\/npkrka.hr\/hr\/wp-json\/wp\/v2\/pages\/225\/revisions"}],"up":[{"embeddable":true,"href":"https:\/\/npkrka.hr\/hr\/wp-json\/wp\/v2\/pages\/154"}],"wp:featuredmedia":[{"embeddable":true,"href":"https:\/\/npkrka.hr\/hr\/wp-json\/wp\/v2\/media\/2867"}],"wp:attachment":[{"href":"https:\/\/npkrka.hr\/hr\/wp-json\/wp\/v2\/media?parent=225"}],"curies":[{"name":"wp","href":"https:\/\/api.w.org\/{rel}","templated":true}]}}