{"id":2143,"date":"2022-07-26T12:54:38","date_gmt":"2022-07-26T10:54:38","guid":{"rendered":"https:\/\/www.npkrka.hr\/?page_id=2143"},"modified":"2022-09-27T12:42:34","modified_gmt":"2022-09-27T10:42:34","slug":"amfiteatar-u-burnumu","status":"publish","type":"page","link":"https:\/\/npkrka.hr\/hr\/kulturna-bastina\/arheologija\/amfiteatar-u-burnumu\/","title":{"rendered":"Amfiteatar u Burnumu"},"content":{"rendered":"<p><strong>Kruha i igara! Gladijatorske borbe bile su puni iskaz posebnog na\u010dina \u017eivota Rimljana i jedan od na\u010dina romanizacije lokalnog stanovni\u0161tva. <\/strong><\/p>\n<p>Rimski vladari, osobito Flavijevci, poticali su gradnju amfiteatara kao iznimno u\u010dinkovitog sredstva romanizacije doseljenika, stanovnika kanaba (civilnog naselja uz logor) i domoroda\u010dkog pu\u010danstva. Time su nerimljani pridobivani za rimski na\u010din \u017eivljenja, \u0161to je doprinosilo homogenizaciji stanovni\u0161tva Rimskog Carstva, sastavljenog od mnogih naroda, koji su govorili razli\u010ditim jezicima i kulturolo\u0161ki se me\u0111usobno znatno razlikovali. Vi\u0161i rimski civilizacijski standard, kojemu su pripadale i gladijatorske borbe i drugi spektakli, privla\u010dio je lokalno stanovni\u0161tvo na asimilaciju, koja je oko vojnog logora najlak\u0161e i najbr\u017ee provo\u0111ena.<\/p>\n<p>Istra\u017eivanja burnumskog amfiteatra po\u010dela su 2003. godine i traju jo\u0161 i danas. Povod i poticaj za njih bila je rasprava u medijima, ali i u znanstvenim krugovima, o tomu je li Burnum imao amfiteatar ili ne. Nakon \u0161to je njegovo postojanje potvr\u0111eno, po\u010dela su sustavna arheolo\u0161ka istra\u017eivanja.<\/p>\n<p>Amfiteatar u Burnumu jedini je o\u010duvani vojni amfiteatar u Hrvatskoj. Gra\u0111evina je ovalna oblika. Tipolo\u0161ki pripada amfiteatrima s \u010detiri ulaza, koji su bili presvo\u0111eni. Smatra se da je mogao primiti izme\u0111u \u0161est i deset tisu\u0107a gledatelja. Rimljani su za njegovu gradnju iskoristili prirodnu konfiguraciju terena, odnosno vrta\u010du. Arheolo\u0161kim istra\u017eivanjima utvr\u0111ene su dvije faze izgradnje amfiteatra. Prva faza mo\u017ee se, na temelju sitnih nalaza, datirati u vrijeme cara Klaudija, a uklju\u010duje niveliranje terena i izgradnju ulaza i zidnih struktura koje zatvaraju gledali\u0161te. Uz gradnju amfiteatra i vojnog vje\u017ebali\u0161ta u neposrednoj blizini, za njegove vladavine cijeli vojni logor bio je obnovljen. Ti gra\u0111evinski zahvati velikih razmjera povezuju se s pobunom namjesnika provincije Dalmacije Lucija Aruncija Kamila Skribonijana, koji je namjeravao uzurpirati tron uz pomo\u0107 dvije dalmatinske legije: burnumske XI. i tilurijske VII. legije. Prema predaji, legionari su, zbog lo\u0161eg znamenja, Skribonijanu odbili poslu\u0161nost te su stali uz cara Klaudija. Stoga je car, u znak zahvalnosti, obnovio logor, vojnike nagradio amfiteatrom (za njihovu zabavu), a objema legijama dao, 42. godine, po\u010dasni naziv <em>Claudia Pia Fidelis<\/em>. Amfiteatar je svoj kona\u010dni oblik dobio za cara Vespazijana, kada je obnovljen. Tada su izgra\u0111eni lukovi koji su zatvarali ulaze. Tijekom arheolo\u0161kih istra\u017eivanja ju\u017enog ulaza prona\u0111en je monumentalni natpis cara Vespazijana, koji je izvorno stajao iznad ulaza. Taj je natpis nedvojbeno graditeljski spomen na carevu osobnu donaciju. Zavr\u0161etak gradnje amfiteatra mo\u017ee se, na temelju natpisa, precizno datirati u osmu godinu Vespazijanove vlasti, tj. u 76.\/77. Amfiteatar je Vespazijan darovao legiji koja je u to vrijeme boravila u logoru i nosila njegov obiteljski naziv: <em>legio IIII. Flavia Felix<\/em>.<\/p>\n<div class=\"fotorama rounded-lg  shadow lblue-bg mt-5   \" data-width=\"100%\" data-ratio=\"16\/10\"  data-nav=\"thumbs\" data-autoplay=\"true\" data-arrows=\"true\" data-transition=\"crossfade\"><img decoding=\"async\" src=\"https:\/\/npkrka.hr\/wp-content\/uploads\/Amfitetar-2-scaled.jpg\" width=\"100%\" \/><img decoding=\"async\" src=\"https:\/\/npkrka.hr\/wp-content\/uploads\/Amfiteatar-gladijatori-4-scaled.jpg\" width=\"100%\" \/><img decoding=\"async\" src=\"https:\/\/npkrka.hr\/wp-content\/uploads\/Amfiteatar-konjanik-rimski-vojnik-12-rotated.jpg\" width=\"100%\" \/><img decoding=\"async\" src=\"https:\/\/npkrka.hr\/wp-content\/uploads\/Amfiteatar-prikaz-ulaz-7.png\" width=\"100%\" \/><img decoding=\"async\" src=\"https:\/\/npkrka.hr\/wp-content\/uploads\/Amfitetar-s-ulaza-3-scaled.jpg\" width=\"100%\" \/><img decoding=\"async\" src=\"https:\/\/npkrka.hr\/wp-content\/uploads\/Amfiteatar-prikaz-8.png\" width=\"100%\" \/><img decoding=\"async\" src=\"https:\/\/npkrka.hr\/wp-content\/uploads\/Amfitetar-prije-izgradnje-1.jpg\" width=\"100%\" \/><img decoding=\"async\" src=\"https:\/\/npkrka.hr\/wp-content\/uploads\/Amfiteatar-prikaz-9.png\" width=\"100%\" \/><img decoding=\"async\" src=\"https:\/\/npkrka.hr\/wp-content\/uploads\/Amfiteatar-s-ulaza-11-scaled.jpg\" width=\"100%\" \/><img decoding=\"async\" src=\"https:\/\/npkrka.hr\/wp-content\/uploads\/Amfiteatar-prikaz-10-scaled.jpg\" width=\"100%\" \/><img decoding=\"async\" src=\"https:\/\/npkrka.hr\/wp-content\/uploads\/Amfiteatar-prikaz-6.png\" width=\"100%\" \/><img decoding=\"async\" src=\"https:\/\/npkrka.hr\/wp-content\/uploads\/Amfiteatar-ploca-5.jpg\" width=\"100%\" \/><\/div><p>&nbsp;<\/p>\n<p>Kada bi se pojedina vojna jedinica u jednom logoru du\u017ee zadr\u017eala, tada je vojnicima trebalo, osim treninga, omogu\u0107iti i razonodu. Stoga su i amfiteatar i vojno vje\u017ebali\u0161te (<em>campus<\/em>) spadali u logistiku stalnih vojnih logora.<\/p>\n<p>Na vojnom vje\u017ebali\u0161tu vojnici su mogli odr\u017eavati tjelesnu snagu, usavr\u0161avati vje\u0161tine i redovito uvje\u017ebavati takti\u010dke formacije, za \u0161to je bila potrebna velika povr\u0161ina. Vojno vje\u017ebali\u0161te u Burnumu nalazilo se nasuprot amfiteatru, s jugoisto\u010dne strane.<\/p>\n<p>S druge strane, u amfiteatru su se mogle odr\u017eavati pojedina\u010dne vje\u017ebe ili skupne vje\u017ebe manjih jedinica, ali i vojne parade, turniri, dueli i sl. Ipak, oni su prije svega bili namijenjeni za gladijatorske borbe, koje su u prvom redu slu\u017eile za razonodu i razbibrigu vojnika, u burnumskom slu\u010daju za vojnike legije i pomo\u0107nih trupa. Osim vojnika, u njemu su razonodu zasigurno nalazili i stanovnici satelitskog civilnog naselja te bli\u017eih i daljih aglomeracija razli\u010dita karaktera.<\/p>\n","protected":false},"excerpt":{"rendered":"<p>Kruha i igara! Gladijatorske borbe bile su puni iskaz posebnog na\u010dina \u017eivota Rimljana i jedan od na\u010dina romanizacije lokalnog stanovni\u0161tva.<\/p>\n","protected":false},"author":1,"featured_media":2155,"parent":180,"menu_order":3,"comment_status":"closed","ping_status":"closed","template":"","meta":{"footnotes":""},"class_list":["post-2143","page","type-page","status-publish","has-post-thumbnail","hentry"],"_links":{"self":[{"href":"https:\/\/npkrka.hr\/hr\/wp-json\/wp\/v2\/pages\/2143","targetHints":{"allow":["GET"]}}],"collection":[{"href":"https:\/\/npkrka.hr\/hr\/wp-json\/wp\/v2\/pages"}],"about":[{"href":"https:\/\/npkrka.hr\/hr\/wp-json\/wp\/v2\/types\/page"}],"author":[{"embeddable":true,"href":"https:\/\/npkrka.hr\/hr\/wp-json\/wp\/v2\/users\/1"}],"replies":[{"embeddable":true,"href":"https:\/\/npkrka.hr\/hr\/wp-json\/wp\/v2\/comments?post=2143"}],"version-history":[{"count":0,"href":"https:\/\/npkrka.hr\/hr\/wp-json\/wp\/v2\/pages\/2143\/revisions"}],"up":[{"embeddable":true,"href":"https:\/\/npkrka.hr\/hr\/wp-json\/wp\/v2\/pages\/180"}],"wp:featuredmedia":[{"embeddable":true,"href":"https:\/\/npkrka.hr\/hr\/wp-json\/wp\/v2\/media\/2155"}],"wp:attachment":[{"href":"https:\/\/npkrka.hr\/hr\/wp-json\/wp\/v2\/media?parent=2143"}],"curies":[{"name":"wp","href":"https:\/\/api.w.org\/{rel}","templated":true}]}}