{"id":2114,"date":"2022-07-26T12:39:27","date_gmt":"2022-07-26T10:39:27","guid":{"rendered":"https:\/\/www.npkrka.hr\/?page_id=2114"},"modified":"2023-01-16T10:05:57","modified_gmt":"2023-01-16T09:05:57","slug":"jazinka","status":"publish","type":"page","link":"https:\/\/npkrka.hr\/hr\/kulturna-bastina\/arheologija\/jazinka\/","title":{"rendered":"Jazinka"},"content":{"rendered":"<p><strong>\u0160pilja Jazinka, skrivena na padini na lijevoj obali Krke, bila je obitavali\u0161te prapovijesnih ljudi u bron\u010danom i \u017eeljeznom dobu. Istra\u017eivanjima je utvr\u0111eno da je, osim za stanovanje, kori\u0161tena i u ritualne svrhe, odnosno za ukapanje. <\/strong><\/p>\n<p><strong>\u00a0<\/strong>\u0160pilja se nalazi na lijevoj obali rijeke Krke, nekoliko stotina metara nizvodno od srednjovjekovne utvrde Ne\u010dven, na nadmorskoj visini od 216 m. \u0160pilju su prvi put istra\u017eivali \u010dlanovi Speleolo\u0161kog dru\u0161tva Sveti Mihovil iz \u0160ibenika 2006. godine. Godine 2008. i 2009. Javna ustanova \u201eNacionalni park Krka\u201c i Gradski muzej Drni\u0161 organizirali su arheolo\u0161ka istra\u017eivanja kojima je potvr\u0111eno da je \u0161pilja u prapovijesti kori\u0161tena za stanovanje i ukapanje pokojnika.<\/p>\n<p>Jazinka je speleolo\u0161ki objekt jednostavne morfologije, dug ukupno 42 m. Ulaz u \u0161pilju nalazi se na padini kanjona i te\u0161ko je uo\u010dljiv, a nasip ispred nje dodatno je \u0161titi od pogleda. Pokraj \u0161pilje prolazi poljski put koji vodi prema rijeci, no on je danas zarastao pa nije prohodan. Ulazna dvorana, koja je ujedno i najprostraniji dio \u0161pilje, rabljena je kao nastamba, o \u010demu svjedo\u010di kulturni sloj s ve\u0107om koli\u010dinom kerami\u010dkih ostataka. Na dnu \u0161pilje nalazi se manja ovalna dvorana, u kojoj su prona\u0111eni ostaci ljudskih kosti, \u0161to sugerira da je taj dio objekta kori\u0161ten u ritualne svrhe, odnosno za ukapanje pokojnika. Ljudske kosti bile su posvuda, bez ijednog kompaktnog groba. U dvorani se, na visini od 5 m, nalazi galerija, na koju se ne mo\u017ee popeti bez speleolo\u0161ke opreme. I u galeriji su prona\u0111ene ljudske kosti, \u0161to daje naslutiti da je i ona kori\u0161tena kao grobno mjesto.<\/p>\n<div class=\"fotorama rounded-lg  shadow lblue-bg mt-5   \" data-width=\"100%\" data-ratio=\"16\/10\"  data-nav=\"thumbs\" data-autoplay=\"true\" data-arrows=\"true\" data-transition=\"crossfade\"><img decoding=\"async\" src=\"https:\/\/npkrka.hr\/wp-content\/uploads\/Jazinka-stalaktiti-2-scaled.jpg\" width=\"100%\" \/><img decoding=\"async\" src=\"https:\/\/npkrka.hr\/wp-content\/uploads\/Jazinka-nalaz-7.jpg\" width=\"100%\" \/><img decoding=\"async\" src=\"https:\/\/npkrka.hr\/wp-content\/uploads\/Jazinka-podrucje-9-scaled.jpg\" width=\"100%\" \/><img decoding=\"async\" src=\"https:\/\/npkrka.hr\/wp-content\/uploads\/Jazinka-speleolozi-4.jpg\" width=\"100%\" \/><img decoding=\"async\" src=\"https:\/\/npkrka.hr\/wp-content\/uploads\/Jazinka-kosti-5-scaled.jpg\" width=\"100%\" \/><img decoding=\"async\" src=\"https:\/\/npkrka.hr\/wp-content\/uploads\/Jazinka-stalaktiti-8-scaled.jpg\" width=\"100%\" \/><img decoding=\"async\" src=\"https:\/\/npkrka.hr\/wp-content\/uploads\/Jazinka-podzemna-fauna-1-scaled.jpg\" width=\"100%\" \/><img decoding=\"async\" src=\"https:\/\/npkrka.hr\/wp-content\/uploads\/Jazinka-koplje-nalaz-6.jpg\" width=\"100%\" \/><img decoding=\"async\" src=\"https:\/\/npkrka.hr\/wp-content\/uploads\/Jazinka-nalaz-10-scaled.jpg\" width=\"100%\" \/><\/div><p>&nbsp;<\/p>\n<p>U arheolo\u0161kim istra\u017eivanjima prona\u0111ena je ve\u0107a koli\u010dina \u017eivotinjskih kostiju i kerami\u010dkih ulomaka, te nekoliko metalnih predmeta. Ulomci kerami\u010dkih posuda i metalnog nakita pokazuju da je rije\u010d o predmetima koji se mogu datirati u kasno bron\u010dano ili rano \u017eeljezno doba. Posude, s primjesama kalcita, izra\u0111ivane su bez lon\u010darskoga kola pa su neravnomjerno pe\u010dene. Pojedine su ukra\u0161ene urezivanjem, otiskom prsta, a na dvama ulomcima uo\u010dene su plasti\u010dno oblikovane polumjese\u010daste ru\u010dice, koje su imale i funkcionalnu i ukrasnu namjenu. Od metalnog nakita, prona\u0111eni su lu\u010dna bron\u010dana fibula, spiralno nao\u010dalasti privjesak i ukrasne igle, a posebno se isti\u010de nalaz torkvesa (ogrlice u obliku obru\u010da) s lan\u010di\u0107em.<\/p>\n","protected":false},"excerpt":{"rendered":"<p>\u0160pilja Jazinka, skrivena na padini na lijevoj obali Krke, bila je obitavali\u0161te prapovijesnih ljudi u bron\u010danom i \u017eeljeznom dobu. Istra\u017eivanjima je utvr\u0111eno da je, osim za stanovanje, kori\u0161tena i u ritualne svrhe, odnosno za ukapanje.<\/p>\n","protected":false},"author":1,"featured_media":2119,"parent":180,"menu_order":0,"comment_status":"closed","ping_status":"closed","template":"","meta":{"footnotes":""},"class_list":["post-2114","page","type-page","status-publish","has-post-thumbnail","hentry"],"_links":{"self":[{"href":"https:\/\/npkrka.hr\/hr\/wp-json\/wp\/v2\/pages\/2114","targetHints":{"allow":["GET"]}}],"collection":[{"href":"https:\/\/npkrka.hr\/hr\/wp-json\/wp\/v2\/pages"}],"about":[{"href":"https:\/\/npkrka.hr\/hr\/wp-json\/wp\/v2\/types\/page"}],"author":[{"embeddable":true,"href":"https:\/\/npkrka.hr\/hr\/wp-json\/wp\/v2\/users\/1"}],"replies":[{"embeddable":true,"href":"https:\/\/npkrka.hr\/hr\/wp-json\/wp\/v2\/comments?post=2114"}],"version-history":[{"count":0,"href":"https:\/\/npkrka.hr\/hr\/wp-json\/wp\/v2\/pages\/2114\/revisions"}],"up":[{"embeddable":true,"href":"https:\/\/npkrka.hr\/hr\/wp-json\/wp\/v2\/pages\/180"}],"wp:featuredmedia":[{"embeddable":true,"href":"https:\/\/npkrka.hr\/hr\/wp-json\/wp\/v2\/media\/2119"}],"wp:attachment":[{"href":"https:\/\/npkrka.hr\/hr\/wp-json\/wp\/v2\/media?parent=2114"}],"curies":[{"name":"wp","href":"https:\/\/api.w.org\/{rel}","templated":true}]}}