{"id":211,"date":"2022-06-20T08:46:15","date_gmt":"2022-06-20T06:46:15","guid":{"rendered":"https:\/\/www.npkrka.hr\/?page_id=211"},"modified":"2023-09-20T13:21:16","modified_gmt":"2023-09-20T11:21:16","slug":"skradinski-buk","status":"publish","type":"page","link":"https:\/\/npkrka.hr\/hr\/prirodna-bastina\/slapovi\/skradinski-buk\/","title":{"rendered":"Skradinski buk"},"content":{"rendered":"<p><strong>Skradinski buk posljednja je, sedma barijera na rijeci Krki, \u010detrdeset devet kilometara udaljena od njezina izvora, trinaest od Ro\u0161koga slapa.<\/strong><\/p>\r\n<p>To je najdu\u017ea barijera na Krki. Rast sedrene barijere Skradinskog buka prouzro\u010dio je ujezerenje vode rijeke Krke do Ro\u0161kog slapa i tri kilometra donjeg toka rijeke \u010cikole, stvoriv\u0161i tako jedan od najneobi\u010dnijih i najljep\u0161ih krajobraza u Nacionalnom parku \u201eKrka\u201c. Preko sedamnaest stepenica Skradinskog buka, raspore\u0111enih na osamsto metara du\u017eine, prelijevaju se zajedni\u010dke vode rijeka Krke i \u010cikole. Slap je \u0161irok od dvjesto do \u010detiristo metara, a visinska razlika iznosi 45,7 m. Od sedrenih oblika, u gornjem dijelu slapa nalazimo pragove, sedrene oto\u010di\u0107e, zastore i barijerice, a u donjem dijelu polu\u0161pilje, \u0161pilje i brade.<\/p>\r\n<p>U vodi naj\u010de\u0161\u0107e nalazimo mahovine <em>Cinclidotus aquaticus<\/em> i <em>Palustriella commutata<\/em>, koje grade zavjese i brade na okomitim dijelovima slapa. Na otvorenim povr\u0161inama dominira vrsta <em>Eucladium verticillatum<\/em>, dok u pli\u0107im jezerima nalazimo danas rijetku vrstu <em>Didymodon tophaceus<\/em>. Razigrani let vretenaca i leptira, pra\u0107akanje liske, pjesma slavuja i kreket zelene \u017eabe dio su \u010darobne atmosfere Skradinskog buka. Na njemu su obnovljeni mlinovi, valjavice i stupe, \u0161to su stolje\u0107ima koristili snagu vodenog toka. Uz po\u0161tivanje tradicijskih arhitektonskih vrijednosti, pojedini mlinovi ure\u0111eni su kao suvenirnice i konobe, dok su drugi pretvoreni u izlo\u017ebene prostore. Na lijevoj obali rijeke nalaze se ostaci prve hrvatske hidroelektrane, HE Krka, kasnije nazvane Jaruga I. U pogon je pu\u0161tena 28. kolovoza 1895. godine, samo dva dana nakon \u0161to je proradila, kao prva u svijetu, hidroelektrana na rijeci Niagari. Dana\u0161nja hidroelektrana Jaruga II. izgra\u0111ena je 1904. godine.<\/p>\r\n<div class=\"fotorama rounded-lg  shadow lblue-bg mt-5   \" data-width=\"100%\" data-ratio=\"16\/10\"  data-nav=\"thumbs\" data-autoplay=\"true\" data-arrows=\"true\" data-transition=\"crossfade\"><img decoding=\"async\" src=\"https:\/\/npkrka.hr\/wp-content\/uploads\/Skradinski-buk-3-scaled.jpg\" width=\"100%\" \/><img decoding=\"async\" src=\"https:\/\/npkrka.hr\/wp-content\/uploads\/Skradinski-buk-7.jpg\" width=\"100%\" \/><img decoding=\"async\" src=\"https:\/\/npkrka.hr\/wp-content\/uploads\/Skradinski-buk-5.jpg\" width=\"100%\" \/><img decoding=\"async\" src=\"https:\/\/npkrka.hr\/wp-content\/uploads\/Skradinski-buk-4.jpg\" width=\"100%\" \/><img decoding=\"async\" src=\"https:\/\/npkrka.hr\/wp-content\/uploads\/Skradinski-buk-6.jpg\" width=\"100%\" \/><img decoding=\"async\" src=\"https:\/\/npkrka.hr\/wp-content\/uploads\/Skradinski-buk-8.jpg\" width=\"100%\" \/><img decoding=\"async\" src=\"https:\/\/npkrka.hr\/wp-content\/uploads\/Skradinski-buk-2.jpg\" width=\"100%\" \/><img decoding=\"async\" src=\"https:\/\/npkrka.hr\/wp-content\/uploads\/Skradinski-buk-1.jpg\" width=\"100%\" \/><img decoding=\"async\" src=\"https:\/\/npkrka.hr\/wp-content\/uploads\/Skradinski-buk-s-druge-strane-scaled.jpg\" width=\"100%\" \/><\/div><p>&nbsp;<\/p>\r\n","protected":false},"excerpt":{"rendered":"<p>Skradinski buk posljednja je, sedma barijera na rijeci Krki, \u010detrdeset devet kilometara udaljena od njezina u\u0161\u0107a, trinaest od Ro\u0161koga slapa.<\/p>\n","protected":false},"author":1,"featured_media":2880,"parent":154,"menu_order":7,"comment_status":"closed","ping_status":"closed","template":"","meta":{"footnotes":""},"class_list":["post-211","page","type-page","status-publish","has-post-thumbnail","hentry"],"_links":{"self":[{"href":"https:\/\/npkrka.hr\/hr\/wp-json\/wp\/v2\/pages\/211","targetHints":{"allow":["GET"]}}],"collection":[{"href":"https:\/\/npkrka.hr\/hr\/wp-json\/wp\/v2\/pages"}],"about":[{"href":"https:\/\/npkrka.hr\/hr\/wp-json\/wp\/v2\/types\/page"}],"author":[{"embeddable":true,"href":"https:\/\/npkrka.hr\/hr\/wp-json\/wp\/v2\/users\/1"}],"replies":[{"embeddable":true,"href":"https:\/\/npkrka.hr\/hr\/wp-json\/wp\/v2\/comments?post=211"}],"version-history":[{"count":0,"href":"https:\/\/npkrka.hr\/hr\/wp-json\/wp\/v2\/pages\/211\/revisions"}],"up":[{"embeddable":true,"href":"https:\/\/npkrka.hr\/hr\/wp-json\/wp\/v2\/pages\/154"}],"wp:featuredmedia":[{"embeddable":true,"href":"https:\/\/npkrka.hr\/hr\/wp-json\/wp\/v2\/media\/2880"}],"wp:attachment":[{"href":"https:\/\/npkrka.hr\/hr\/wp-json\/wp\/v2\/media?parent=211"}],"curies":[{"name":"wp","href":"https:\/\/api.w.org\/{rel}","templated":true}]}}