{"id":196,"date":"2022-06-15T10:23:57","date_gmt":"2022-06-15T08:23:57","guid":{"rendered":"https:\/\/www.npkrka.hr\/?page_id=196"},"modified":"2025-05-27T14:38:04","modified_gmt":"2025-05-27T12:38:04","slug":"f-a-q","status":"publish","type":"page","link":"https:\/\/npkrka.hr\/hr\/informacije\/f-a-q\/","title":{"rendered":"\u010cesta pitanja"},"content":{"rendered":"<p><strong>Posje\u0107ivanje<\/strong><\/p>\n<hr \/>\n<p><strong>Koje je najbolje vrijeme za posjet NP \u201eKrka\u201c?<\/strong><\/p>\n<ul>\n<li>NP \u201eKrka\u201c otvoren je za posje\u0107ivanje tijekom cijele godine. Svako godi\u0161nje doba po ne\u010demu je posebno. Prolje\u0107e i jesen preporu\u010dujemo zbog ugodnih temperatura, \u017eivosti biljnoga i \u017eivotinjskog svijeta i u\u017eivanja u svladavanju pou\u010dno-pje\u0161a\u010dkih staza i biciklisti\u010dkih ruta. Tijekom zime, dok vegetacija spava, do izra\u017eaja dolazi obilje vode, ali i geomorfolo\u0161ki oblici stijena i sedre. Ljeti je vegetacija najbujnija, gastronomska ponuda, s obiljem plodova, najbolja, ali je i broj posjetitelja najve\u0107i.<\/li>\n<\/ul>\n<p><strong>Mogu li s jednodnevnom ulaznicom kupljenom za Skradinski buk posjetiti druge lokalitete?<\/strong><\/p>\n<ul>\n<li>Da, jednodnevna ulaznica omogu\u0107uje jednokratan posjet svim kopnenim lokalitetima u Parku u istom danu.<\/li>\n<\/ul>\n<p><strong>Koja je razlika izme\u0111u ulaznice za cijeli Park i ulaznice Ro\u0161ki slap, Manojlovac, Burnum, Eko kampus \u201eKrka\u201c u Puljanima, Krka \u2013 vrelo \u017eivota u Kistanjama?<\/strong><\/p>\n<ul>\n<li>Ulaznica za cijeli Park obuhva\u0107a posjet Skradinskog buka i svih ostalih kopnenih lokaliteta u Parku u jednom danu.<\/li>\n<li>Ulaznica Ro\u0161ki slap, Manojlovac, Burnum, Eko kampus \u201eKrka\u201c u Puljanima, Krka \u2013 vrelo \u017eivota u Kistanjama obuhva\u0107a posjet navedenih lokaliteta, ali ne obuhva\u0107a posjet Skradinskog buka.<\/li>\n<\/ul>\n<p><strong>Ako na Skradinski buk do\u0111em kroz ulaz Lozovac, mogu li se na njega vratiti brodom iz Skradina? I obratno?<\/strong><\/p>\n<ul>\n<li>Ne, jednodnevnu ulaznicu mo\u017ee se za pojedini lokalitet iskoristiti samo jednom u istom danu.<\/li>\n<\/ul>\n<p><strong>Mogu li na svim ulazima kupiti ulaznicu za cijeli Park?<\/strong><\/p>\n<ul>\n<li>Da, na svim ulazima i recepcijama, osim ulaznice samo za taj lokalitet, mo\u017ee se kupiti i jednokratna ulaznica za posjet svim lokalitetima NP \u201eKrka\u201c u jednom danu, koja uklju\u010duje i taj lokalitet.<\/li>\n<\/ul>\n<p><strong>Uklju\u010duje li ulaznica za NP \u201eKrka\u201c vo\u017enju brodom?<\/strong><\/p>\n<ul>\n<li>Jednokratna ulaznica za NP \u201eKrka\u201c uklju\u010duje prijevoz brodom od Skradina do Skradinskog buka. Izleti brodom prema Visovcu, Ro\u0161kom slapu, Torku i srednjovjekovnim utvrdama Ne\u010dven i Tro\u0161enj dodatno se napla\u0107uju prema redovitom cjeniku.<\/li>\n<\/ul>\n<p><strong>Vozi li isti brod od Skradina do Ro\u0161kog slapa?<\/strong><\/p>\n<ul>\n<li>Ne, zbog sedrenih barijera plovidba rijekom Krkom odvija se u etapama. Brod vozi od Skradina do Skradinskog buka, odakle polaze izletni\u010dki brodovi za Visovac, Ro\u0161ki slap i Torak (\u010cikola). Od Ro\u0161koga slapa brod vozi prema Visovcu i srednjovjekovnim utvrdama Ne\u010dven i Tro\u0161enj.<\/li>\n<\/ul>\n<p><strong>Mogu li vo\u017enju brodom rezervirati unaprijed ili kartu za izlet brodom kupiti <em>online<\/em>?<\/strong><\/p>\n<ul>\n<li>Ne, izlet brodom mo\u017ee se rezervirati samo na licu mjesta, tj. u NP \u201eKrka\u201c. Isto tako, karta za izlet brodom mo\u017ee se kupiti jedino u Parku.<\/li>\n<\/ul>\n<p><strong>Dajete li obiteljsku ili godi\u0161nju ulaznicu?<\/strong><\/p>\n<ul>\n<li>Usluga Kluba prijatelja Krke omogu\u0107uje da Park posje\u0107ujete cijelu godinu. Ulaznica vrijedi godinu dana od dana kupnje.<\/li>\n<\/ul>\n<p><strong>Postoje li akcijske cijene ulaznica?<\/strong><\/p>\n<ul>\n<li>Sudjelovanje na manifestaciji <em>Krkino kulturno ljeto<\/em> besplatno je. Dok traje akcija <em>Vikend u prirodi<\/em>, u prolje\u0107e, ulaznice se nude po promotivnoj cijeni. Na Uskrsni ponedjeljak posjet Skradinskom buku besplatan je za hodo\u010dasnike do po\u010detka mise. Na Me\u0111unarodni praznik rada ulaz u Park je slobodan. Drugog i petnaestog kolovoza posjet oto\u010di\u0107u Visovcu besplatan je za hodo\u010dasnike.<\/li>\n<li>Pozivamo vas da redovito pratite slu\u017ebene mre\u017ene stranice i dru\u0161tvene mre\u017ee te se uklju\u010dite u akcije kojima \u0107ete ostvariti pravo na besplatne ulaznice.<\/li>\n<\/ul>\n<p><strong>Mo\u017ee li se otok Visovac posjetiti za vrijeme blagdana?<\/strong><\/p>\n<ul>\n<li>Na Gospu od An\u0111ela, 2. kolovoza, i na Veliku Gospu, 15. kolovoza, otok Visovac posje\u0107uju samo hodo\u010dasnici. Tih dana nisu organizirani izleti za posjetitelje.<\/li>\n<\/ul>\n<p><strong>GPS navigacija nije me dovela do ulaza u Park, ve\u0107 do poljskih putova. Kako da na\u0111em recepciju?<\/strong><\/p>\n<ul>\n<li>Prilikom dolaska u NP \u201eKrka\u201c trebate pratiti turisti\u010dko-informativnu signalizaciju, uz pomo\u0107 koje se lako dolazi do svih lokaliteta otvorenih za posje\u0107ivanje. Unutar Parka kre\u0107ite se samo stazama ure\u0111enim za posjetitelje i pratite postavljenu signalizaciju.<\/li>\n<\/ul>\n<hr \/>\n<p><strong>Naplata ulaznica<\/strong><\/p>\n<hr \/>\n<p><strong>Kako ulaznicu mogu platiti?<\/strong><\/p>\n<ul>\n<li>Ulaznicu mo\u017eete platiti gotovinom, u eurima, i kreditnim karticama svih vrsta. Karticama se ne mo\u017ee pla\u0107ati na prodajnim mjestima Remeti\u0107 (Visovac), Ozi\u0111ana pe\u0107ina, Burnum i Manojlova\u010dki slap.<\/li>\n<\/ul>\n<p><strong>Imam li kao student popust na ulaznicu?<\/strong><\/p>\n<ul>\n<li>Studenti ulaznicu mogu kupiti po povoljnijoj cijeni, uz predo\u010denje studentske iskaznice (bilo kojega od svjetskih sveu\u010dili\u0161ta).<\/li>\n<\/ul>\n<p><strong>Imaju li novinari popust preko <em>press<\/em> ulaznica?<\/strong><\/p>\n<ul>\n<li>JU \u201eNP Krka\u201c nema <em>press<\/em> ulaznica. Novinari koji imaju potrebu za fotografiranjem ili snimanjem u Parku moraju se najaviti najmanje tri radna dana prije dolaska kako bi se njihov zahtjev razmotrio i donijelo potrebno Rje\u0161enje za fotografiranje ili snimanje.<\/li>\n<\/ul>\n<hr \/>\n<p><strong>Dodatne usluge<\/strong><\/p>\n<hr \/>\n<p><strong>Gdje se mogu parkirati za posjet Skradinskom buku? Koliko se pla\u0107a parkiranje?<\/strong><\/p>\n<ul>\n<li>Na Lozovcu, glavnom ulazu u Nacionalni park \u201eKrka\u201c, postoji parkirali\u0161te za posjetitelje NP \u201eKrka\u201c, na kojemu je parkiranje besplatno. U gradu Skradinu, odakle polazi brod za Skradinski buk, parkirna su mjesta u privatnom vlasni\u0161tvu i napla\u0107uju se.<\/li>\n<li>Na ostalim ulazima i lokalitetima u Nacionalnom parku \u201eKrka\u201c posjetiteljima su dostupna besplatna parkirna mjesta.<\/li>\n<\/ul>\n<p><strong>Za\u0161to, uz naplatu ulaznice, posebno napla\u0107ujete kori\u0161tenje toaleta u Parku?<\/strong><\/p>\n<ul>\n<li>Kori\u0161tenje toaleta na podru\u010dju Parka kojima upravlja JU \u201eNP Krka\u201c ne napla\u0107uje se.<\/li>\n<li>Na Skradinskom buku, u blizini etno-sela i Carskog vidikovca, postoji besplatan toalet za sve posjetitelje.<\/li>\n<li>Toaletom u podno\u017eju Skradinskog buka, \u010dije se kori\u0161tenje napla\u0107uje, ne upravlja JU \u201eNP Krka\u201c.<\/li>\n<\/ul>\n<p><strong>Za\u0161to se cijene hrane i pi\u0107a u ugostiteljskim objektima u Parku razlikuju?<\/strong><\/p>\n<ul>\n<li>Ve\u0107ina ugostiteljskih objekata u Parku u privatnom je vlasni\u0161tvu ili je data u koncesiju. Na cijene utje\u010du vrsta ponude, pristupa\u010dnost dostave, porijeklo hrane (npr. skuplja je ako potje\u010de iz ekolo\u0161kog uzgoja i ako je i pripremljena na samoj lokaciji) itd.<\/li>\n<\/ul>\n<hr \/>\n<p><strong>Aktivnosti u NP \u201eKrka\u201c<\/strong><\/p>\n<hr \/>\n<p><strong>Smijem li se kupati u NP \u201eKrka\u201c?<\/strong><\/p>\n<ul>\n<li>Kupanje je dopu\u0161teno samo na ozna\u010denim lokacijama na Ro\u0161kom slapu, Stinicama i Pisku od 1. lipnja do 30. rujna, uz osobnu odgovornost i ovisno o vremenskim uvjetima i vodostaju rijeke. Kupanje izvan ozna\u010denih mjesta i tih datuma nije dopu\u0161teno.<\/li>\n<\/ul>\n<p><strong>Smijem li skakati sa slapova i kupati se uz drvene mosti\u0107e?<\/strong><\/p>\n<ul>\n<li>Ne, kupanje izvan ozna\u010denih mjesta nije dopu\u0161teno. Skakanje sa slapova ili s mosta zabranjeno je.<\/li>\n<\/ul>\n<p><strong>Kome se obratiti za vodi\u010da u Parku?<\/strong><\/p>\n<ul>\n<li>U NP \u201eKrka\u201c postoje vodi\u010di posebno obu\u010deni za vo\u0111enje po Parku. Usluga se prethodno mora dogovoriti i rezervirati a napla\u0107uje se prema redovitom cjeniku. Upit mo\u017eete poslati na <a href=\"mailto:info@npk.hr\">info@npk.hr<\/a><\/li>\n<\/ul>\n<p><strong>Mogu li Krkom ploviti kanuom ili kajakom?<\/strong><\/p>\n<ul>\n<li>Ne, u NP \u201eKrka\u201c to nije dopu\u0161teno.<\/li>\n<\/ul>\n<hr \/>\n<p><strong>Za posjetitelje s psima<\/strong><\/p>\n<hr \/>\n<p><strong>Smiju li osobe s psima u\u0107i u Park i gdje se smiju kretati?<\/strong><\/p>\n<ul>\n<li>Psima je dopu\u0161ten ulazak u Park u pratnji vlasnika, s tim da cijelo vrijeme moraju biti na povodcu. Nije im dopu\u0161ten ulazak na otok Visovac.<\/li>\n<\/ul>\n<hr \/>\n<p><strong>Ostala \u010desta pitanja<\/strong><\/p>\n<hr \/>\n<p><strong>Kakva je obu\u0107a potrebna za obilazak Parka?<\/strong><\/p>\n<ul>\n<li>Za siguran obilazak Parka preporu\u010dujemo kvalitetnu obu\u0107u, slojevitu odje\u0107u i dovoljnu koli\u010dinu vode. Prilikom obilaska Parka nai\u0107i \u0107ete na razli\u010dite podloge, od drvenih staza i mosti\u0107a, preko brodova do makadama i asfalta.<\/li>\n<\/ul>\n<p><strong>Mogu li se prilikom izleta na Ro\u0161ki slap zadr\u017eati dulje od vremena predvi\u0111enog za obilazak i vratiti se sljede\u0107im brodom?<\/strong><\/p>\n<ul>\n<li>Vrijeme predvi\u0111eno za obilazak dostatno je za obilazak ve\u0107eg dijela Ro\u0161koga slapa. Zbog rezerviranih sjedala i ograni\u010denog broja mjesta, nije mogu\u0107e planirati dolazak i odlazak dvama razli\u010ditim brodovima. Zbog sigurnosti posjetitelja i validacije karte, potrebno je koristiti uslugu jednog te istog broda za trajanja izleta. Uz to, zbog sigurnosti plovidbe i radi po\u0161tivanja plovidbenog reda, putnici ne smiju kasniti na brod.<\/li>\n<\/ul>\n<p><strong>Smijem li slobodno fotografirati ili snimati u NP \u201eKrka\u201c?<\/strong><\/p>\n<ul>\n<li>Za osobne potrebe, da. Tako\u0111er, u NP \u201eKrka\u201c dopu\u0161teno je snimanje i fotografiranje prirodnih ljepota i kulturnopovijesne ba\u0161tine Republike Hrvatske u promotivne svrhe. Da biste mogli snimati\/fotografirati u NP \u201eKrka\u201c, potrebno je od Javne ustanove \u201eNacionalni park Krka\u201c dobiti Rje\u0161enje o snimanju\/fotografiranju na temelju pisanog zahtjeva, koji treba podnijeti najmanje tjedan dana prije snimanja.<\/li>\n<\/ul>\n<p><strong>Mogu li nakratko i samo za osobne potrebe koristiti dron?<\/strong><\/p>\n<ul>\n<li>Kori\u0161tenje drona u NP \u201eKrka\u201c nije dopu\u0161teno.<\/li>\n<\/ul>\n<p><strong>Postoje li mjesta predvi\u0111ena za odlaganje prtljage?<\/strong><\/p>\n<ul>\n<li>U Parku ne postoje mjesta predvi\u0111ena za odlaganje i pohranu osobnih stvari.<\/li>\n<\/ul>\n<p><strong>U Parku sam izgubio osobne stvari. Kome da se obratim za pomo\u0107?<\/strong><\/p>\n<ul>\n<li>U slu\u010daju gubitka osobnih stvari treba se odmah obratiti najbli\u017eem djelatniku JU \u201eNP Krka\u201c za pomo\u0107. Ako gubitak osobnih stvari primijetite tek nakon izlaska iz Parka, po\u0161aljite upit na <a href=\"mailto:info@npk.hr\">info@npk.hr<\/a>.<\/li>\n<\/ul>\n<p><strong>Mogu li u Parku rezervirati smje\u0161taj?<\/strong><\/p>\n<ul>\n<li>U Nacionalnom parku \u201eKrka\u201c omogu\u0107en je smje\u0161taj u hostelu Titius u Eko kampusu \u201eKrka\u201c u Puljanima. Cijene usluga navedene su u <a href=\"https:\/\/www.npkrka.hr\/hr\/posjeti\/cjenik\/\">cjeniku<\/a>.<\/li>\n<\/ul>\n<p><strong>Gu\u017eva je na recepcijama u Skradinu i na Lozovcu. \u0160to da radim?<\/strong><\/p>\n<ul>\n<li>Kupnja ulaznice <em>online<\/em> znatno skra\u0107uje vrijeme \u010dekanja. Posjetitelj s <em>online<\/em> ulaznicom ne \u010deka na recepciji, ve\u0107 se odmah upu\u0107uje na pristani\u0161te u Skradinu ili na autobusno stajali\u0161te na Lozovcu. Uz to, na Skradinski buk mo\u017ee se izravno do\u0107i pje\u0161a\u010dkom stazom Lozovac \u2013 Skradinski buk i pje\u0161a\u010dko-biciklisti\u010dkom stazom Skradinski most \u2013 Skradinski buk.<\/li>\n<\/ul>\n<p><strong>Za\u0161to ne zabranite prometovanje automobilima i kamionima preko mosta na Ro\u0161kom slapu?<\/strong><\/p>\n<ul>\n<li>Prometovanje mostom na Ro\u0161kom slapu nije u nadle\u017enosti Javne ustanove \u201eNacionalni park Krka\u201c. Kao jedan od \u010detiriju prijelaza preko rijeke Krke, taj je prijelaz strate\u0161ki va\u017ean pa do iznala\u017eenja sigurnije i prihvatljivije trase ostaje jedino mogu\u0107e rje\u0161enje. Zbog nedostatne \u0161irine mosta, nije mogu\u0107e posebno ograditi pje\u0161a\u010dku zonu, stoga posjetitelje upu\u0107ujemo na pje\u0161a\u010dki most preko <em>Ogrlica<\/em>.<\/li>\n<\/ul>\n<p><strong>Mo\u017ee li mi netko pru\u017eiti prvu pomo\u0107 ako se ozlijedim?<\/strong><\/p>\n<ul>\n<li>Ako se posjetitelj ozlijedi u Parku, treba se odmah javiti najbli\u017eem djelatniku JU \u201eNP Krka\u201c, koji \u0107e pozvati nadle\u017enu slu\u017ebu. Sve recepcije, suvenirnice, brodovi, automobili i ispostave imaju kutije prve pomo\u0107i, koje mogu poslu\u017eiti dok ne do\u0111u djelatnici hitne medicinske pomo\u0107i (ljeti oni dolaze iz Skradina). Djelatnici Parka na Skradinskom buku obu\u010deni su za rad s defibrilatorom.<\/li>\n<\/ul>\n<p><strong>Imate li punionice za elektri\u010dne automobile?<\/strong><\/p>\n<ul>\n<li>Da, punionice za elektri\u010dne automobile nalaze se na Lozovcu (donji tok Krke) i La\u0161kovici (srednji tok Krke).<\/li>\n<\/ul>\n","protected":false},"excerpt":{"rendered":"<p>\u010cesta pitanja posjetitelja<\/p>\n","protected":false},"author":1,"featured_media":581,"parent":142,"menu_order":10,"comment_status":"closed","ping_status":"closed","template":"","meta":{"footnotes":""},"class_list":["post-196","page","type-page","status-publish","has-post-thumbnail","hentry"],"_links":{"self":[{"href":"https:\/\/npkrka.hr\/hr\/wp-json\/wp\/v2\/pages\/196","targetHints":{"allow":["GET"]}}],"collection":[{"href":"https:\/\/npkrka.hr\/hr\/wp-json\/wp\/v2\/pages"}],"about":[{"href":"https:\/\/npkrka.hr\/hr\/wp-json\/wp\/v2\/types\/page"}],"author":[{"embeddable":true,"href":"https:\/\/npkrka.hr\/hr\/wp-json\/wp\/v2\/users\/1"}],"replies":[{"embeddable":true,"href":"https:\/\/npkrka.hr\/hr\/wp-json\/wp\/v2\/comments?post=196"}],"version-history":[{"count":0,"href":"https:\/\/npkrka.hr\/hr\/wp-json\/wp\/v2\/pages\/196\/revisions"}],"up":[{"embeddable":true,"href":"https:\/\/npkrka.hr\/hr\/wp-json\/wp\/v2\/pages\/142"}],"wp:featuredmedia":[{"embeddable":true,"href":"https:\/\/npkrka.hr\/hr\/wp-json\/wp\/v2\/media\/581"}],"wp:attachment":[{"href":"https:\/\/npkrka.hr\/hr\/wp-json\/wp\/v2\/media?parent=196"}],"curies":[{"name":"wp","href":"https:\/\/api.w.org\/{rel}","templated":true}]}}